{"id":151,"date":"2022-05-27T13:14:07","date_gmt":"2022-05-27T13:14:07","guid":{"rendered":"https:\/\/www.escuela-hablamos.com\/?page_id=151"},"modified":"2025-04-10T07:15:41","modified_gmt":"2025-04-10T07:15:41","slug":"cambridge-house-group","status":"publish","type":"page","link":"https:\/\/www.escuela-hablamos.com\/zh\/cambridge-house-group\/","title":{"rendered":"Cambridge House\u96c6\u56e2"},"content":{"rendered":"<div class=\"wpb-content-wrapper\"><div data-parent=\"true\" class=\"vc_row row-container\" id=\"row-unique-6\"><div class=\"row double-top-padding one-bottom-padding single-h-padding limit-width row-parent\"><div class=\"wpb_row row-inner\"><div class=\"wpb_column pos-top pos-center align_center column_parent col-lg-12 half-internal-gutter\"><div class=\"uncol style-light\"  ><div class=\"uncoltable\"><div class=\"uncell\" ><div class=\"uncont no-block-padding col-custom-width\" style=\" max-width:60%;\" ><div class=\"empty-space empty-quart\" ><span class=\"empty-space-inner\"><\/span><\/div>\n<div class=\"vc_custom_heading_wrap\"><div class=\"heading-text el-text top-t-bottom animate_when_almost_visible\" ><h2 class=\"h2\" ><span><mark>Hablamos<\/mark><\/span><\/h2><\/div><div class=\"clear\"><\/div><\/div><div class=\"vc_custom_heading_wrap\"><div class=\"heading-text el-text top-t-bottom animate_when_almost_visible\" data-delay=\"300\"><h1 class=\"h4 fontheight-20 font-weight-400\" ><span>\u662f\u5c5e\u4e8e Cambridge House\u96c6\u56e2\u7684\u897f\u73ed\u7259\u8bed\u5b66\u6821\uff0c\u8be5\u96c6\u56e2\u5728\u8bed\u8a00\u6559\u5b66\u65b9\u9762\u6709\u8d85\u8fc735\u5e74\u7684\u7ecf\u9a8c\uff0c\u6709\u56db\u79cd\u7c7b\u578b\u7684\u5b66\u6821:<\/span><\/h1><\/div><div class=\"clear\"><\/div><\/div><\/div><\/div><\/div><\/div><\/div><script id=\"script-row-unique-6\" data-row=\"script-row-unique-6\" type=\"text\/javascript\" class=\"vc_controls\">UNCODE.initRow(document.getElementById(\"row-unique-6\"));<\/script><\/div><\/div><\/div><div data-parent=\"true\" class=\"vc_row row-container\" id=\"row-unique-13\"><div class=\"row double-top-padding double-bottom-padding single-h-padding limit-width row-parent\"><div class=\"wpb_row row-inner\"><div class=\"wpb_column pos-top pos-center align_center column_parent col-lg-3 col-md-50 single-internal-gutter\"><div class=\"uncol style-light animate_when_almost_visible top-t-bottom\"  ><div class=\"uncoltable\"><div class=\"uncell no-block-padding\" ><div class=\"uncont\" ><div class=\"uncode-single-media  text-left\"><div class=\"single-wrapper\" style=\"max-width: 100%;\"><div class=\"tmb tmb-light  tmb-media-first tmb-media-last tmb-content-overlay tmb-no-bg\"><div class=\"t-inside\"><div class=\"t-entry-visual\"><div class=\"t-entry-visual-tc\"><div class=\"uncode-single-media-wrapper\"><img decoding=\"async\" class=\"wp-image-616\" src=\"https:\/\/www.escuela-hablamos.com\/wp-content\/uploads\/2022\/06\/gr-hablamos.jpg\" width=\"463\" height=\"466\" alt=\"Hablamos, Grupo Cambridge House\" srcset=\"https:\/\/www.escuela-hablamos.com\/wp-content\/uploads\/2022\/06\/gr-hablamos.jpg 463w, https:\/\/www.escuela-hablamos.com\/wp-content\/uploads\/2022\/06\/gr-hablamos-298x300.jpg 298w, https:\/\/www.escuela-hablamos.com\/wp-content\/uploads\/2022\/06\/gr-hablamos-150x150.jpg 150w, https:\/\/www.escuela-hablamos.com\/wp-content\/uploads\/2022\/06\/gr-hablamos-12x12.jpg 12w\" sizes=\"(max-width: 463px) 100vw, 463px\" \/><\/div>\n\t\t\t\t\t<\/div>\n\t\t\t\t<\/div><\/div><\/div><\/div><\/div><span class=\"btn-container\" ><a role=\"button\"  href=\"#\" class=\"custom-link btn btn-sm border-width-0 popmake-634 btn-accent btn-outline btn-no-scale btn-icon-left\">\u66f4\u591a\u4fe1\u606f<\/a><\/span><\/div><\/div><\/div><\/div><\/div><div class=\"wpb_column pos-top pos-center align_center column_parent col-lg-3 col-md-50 single-internal-gutter\"><div class=\"uncol style-light animate_when_almost_visible top-t-bottom\"  data-delay=\"300\"><div class=\"uncoltable\"><div class=\"uncell no-block-padding\" ><div class=\"uncont\" ><div class=\"uncode-single-media  text-left\"><div class=\"single-wrapper\" style=\"max-width: 100%;\"><a class=\"single-media-link\" href=\"https:\/\/www.cambridge-house.com\/\" target=\"_blank\" title=\"Cambridge House\"><div class=\"tmb tmb-light  tmb-media-first tmb-media-last tmb-content-overlay tmb-no-bg\"><div class=\"t-inside\"><div class=\"t-entry-visual\"><div class=\"t-entry-visual-tc\"><div class=\"uncode-single-media-wrapper\"><img decoding=\"async\" class=\"wp-image-610\" src=\"https:\/\/www.escuela-hablamos.com\/wp-content\/uploads\/2022\/06\/gr-cambridge.png\" width=\"463\" height=\"466\" alt=\"Cambridge House, Grupo Cambridge House\" srcset=\"https:\/\/www.escuela-hablamos.com\/wp-content\/uploads\/2022\/06\/gr-cambridge.png 463w, https:\/\/www.escuela-hablamos.com\/wp-content\/uploads\/2022\/06\/gr-cambridge-298x300.png 298w, https:\/\/www.escuela-hablamos.com\/wp-content\/uploads\/2022\/06\/gr-cambridge-150x150.png 150w, https:\/\/www.escuela-hablamos.com\/wp-content\/uploads\/2022\/06\/gr-cambridge-12x12.png 12w\" sizes=\"(max-width: 463px) 100vw, 463px\" \/><\/div>\n\t\t\t\t\t<\/div>\n\t\t\t\t<\/div><\/div><\/div><\/a><\/div><\/div><span class=\"btn-container\" ><a role=\"button\"  href=\"#\" class=\"custom-link btn btn-sm border-width-0 popmake-641 btn-accent btn-outline btn-no-scale btn-icon-left\">\u66f4\u591a\u4fe1\u606f<\/a><\/span><\/div><\/div><\/div><\/div><\/div><div class=\"wpb_column pos-top pos-center align_center column_parent col-lg-3 col-md-50 col-md-clear single-internal-gutter\"><div class=\"uncol style-light animate_when_almost_visible top-t-bottom\"  data-delay=\"600\"><div class=\"uncoltable\"><div class=\"uncell no-block-padding\" ><div class=\"uncont\" ><div class=\"uncode-single-media  text-left\"><div class=\"single-wrapper\" style=\"max-width: 100%;\"><a class=\"single-media-link\" href=\"https:\/\/talking.cambridge-house.com\/\" target=\"_blank\" title=\"Talking by Cambridge House\"><div class=\"tmb tmb-light  tmb-media-first tmb-media-last tmb-content-overlay tmb-no-bg\"><div class=\"t-inside\"><div class=\"t-entry-visual\"><div class=\"t-entry-visual-tc\"><div class=\"uncode-single-media-wrapper\"><img decoding=\"async\" class=\"wp-image-4352\" src=\"https:\/\/www.escuela-hablamos.com\/wp-content\/uploads\/2023\/04\/gr-talking-new.gif\" width=\"463\" height=\"466\" alt=\"Talking English School\"><\/div>\n\t\t\t\t\t<\/div>\n\t\t\t\t<\/div><\/div><\/div><\/a><\/div><\/div><span class=\"btn-container\" ><a role=\"button\"  href=\"#\" class=\"custom-link btn btn-sm border-width-0 popmake-645 btn-accent btn-outline btn-no-scale btn-icon-left\">\u66f4\u591a\u4fe1\u606f<\/a><\/span><\/div><\/div><\/div><\/div><\/div><div class=\"wpb_column pos-top pos-center align_center column_parent col-lg-3 col-md-50 col-md-clear single-internal-gutter\"><div class=\"uncol style-light animate_when_almost_visible top-t-bottom\"  data-delay=\"900\"><div class=\"uncoltable\"><div class=\"uncell no-block-padding\" ><div class=\"uncont\" ><div class=\"uncode-single-media  text-left\"><div class=\"single-wrapper\" style=\"max-width: 100%;\"><a class=\"single-media-link\" href=\"https:\/\/online-school.cambridge-house.com\/\" target=\"_blank\" title=\"Online School by Cambridge House\"><div class=\"tmb tmb-light  tmb-media-first tmb-media-last tmb-content-overlay tmb-no-bg\"><div class=\"t-inside\"><div class=\"t-entry-visual\"><div class=\"t-entry-visual-tc\"><div class=\"uncode-single-media-wrapper\"><img decoding=\"async\" class=\"wp-image-612\" src=\"https:\/\/www.escuela-hablamos.com\/wp-content\/uploads\/2022\/06\/gr-online.png\" width=\"463\" height=\"466\" alt=\"Online School, Grupo Cambridge House\" srcset=\"https:\/\/www.escuela-hablamos.com\/wp-content\/uploads\/2022\/06\/gr-online.png 463w, https:\/\/www.escuela-hablamos.com\/wp-content\/uploads\/2022\/06\/gr-online-298x300.png 298w, https:\/\/www.escuela-hablamos.com\/wp-content\/uploads\/2022\/06\/gr-online-150x150.png 150w, https:\/\/www.escuela-hablamos.com\/wp-content\/uploads\/2022\/06\/gr-online-12x12.png 12w\" sizes=\"(max-width: 463px) 100vw, 463px\" \/><\/div>\n\t\t\t\t\t<\/div>\n\t\t\t\t<\/div><\/div><\/div><\/a><\/div><\/div><span class=\"btn-container\" ><a role=\"button\"  href=\"#\" class=\"custom-link btn btn-sm border-width-0 popmake-643 btn-accent btn-outline btn-no-scale btn-icon-left\">\u66f4\u591a\u4fe1\u606f<\/a><\/span><\/div><\/div><\/div><\/div><\/div><script id=\"script-row-unique-13\" data-row=\"script-row-unique-13\" type=\"text\/javascript\" class=\"vc_controls\">UNCODE.initRow(document.getElementById(\"row-unique-13\"));<\/script><\/div><\/div><\/div><div data-parent=\"true\" class=\"vc_row row-container\" id=\"row-unique-14\"><div class=\"row limit-width row-parent\"><div class=\"wpb_row row-inner\"><div class=\"wpb_column pos-top pos-center align_left column_parent col-lg-12 single-internal-gutter\"><div class=\"uncol style-light\"  ><div class=\"uncoltable\"><div class=\"uncell no-block-padding\" ><div class=\"uncont\" ><div class=\"uncode-single-media  text-center\"><div class=\"single-wrapper\" style=\"max-width: 30%;\"><div class=\"tmb tmb-light  tmb-media-first tmb-media-last tmb-content-overlay tmb-no-bg\"><div class=\"t-inside\"><div class=\"t-entry-visual\"><div class=\"t-entry-visual-tc\"><div class=\"uncode-single-media-wrapper\"><img decoding=\"async\" class=\"wp-image-2814\" src=\"https:\/\/www.escuela-hablamos.com\/wp-content\/uploads\/2022\/11\/premio-innovacion.jpg\" width=\"900\" height=\"634\" alt=\"Premio Innovaci&oacute;n Cambridge House\" srcset=\"https:\/\/www.escuela-hablamos.com\/wp-content\/uploads\/2022\/11\/premio-innovacion.jpg 900w, https:\/\/www.escuela-hablamos.com\/wp-content\/uploads\/2022\/11\/premio-innovacion-300x211.jpg 300w, https:\/\/www.escuela-hablamos.com\/wp-content\/uploads\/2022\/11\/premio-innovacion-768x541.jpg 768w, https:\/\/www.escuela-hablamos.com\/wp-content\/uploads\/2022\/11\/premio-innovacion-18x12.jpg 18w, https:\/\/www.escuela-hablamos.com\/wp-content\/uploads\/2022\/11\/premio-innovacion-uai-720x507.jpg 720w\" sizes=\"(max-width: 900px) 100vw, 900px\" \/><\/div>\n\t\t\t\t\t<\/div>\n\t\t\t\t<\/div><\/div><\/div><\/div><\/div><\/div><\/div><\/div><\/div><\/div><script id=\"script-row-unique-14\" data-row=\"script-row-unique-14\" type=\"text\/javascript\" class=\"vc_controls\">UNCODE.initRow(document.getElementById(\"row-unique-14\"));<\/script><\/div><\/div><\/div><div data-parent=\"true\" class=\"vc_row row-container\" id=\"row-unique-15\"><div class=\"row single-top-padding single-bottom-padding single-h-padding limit-width row-parent\"><div class=\"wpb_row row-inner\"><div class=\"wpb_column pos-top pos-center align_center column_parent col-lg-12 half-internal-gutter\"><div class=\"uncol style-light\"  ><div class=\"uncoltable\"><div class=\"uncell\" ><div class=\"uncont no-block-padding col-custom-width\" style=\" max-width:60%;\" ><div class=\"empty-space empty-single\" ><span class=\"empty-space-inner\"><\/span><\/div>\n<div class=\"vc_custom_heading_wrap\"><div class=\"heading-text el-text\" ><h3 class=\"h6 fontheight-20 font-weight-400\" ><span>Cambridge House\u96c6\u56e2\uff0c\u662f\u8fd9\u4e9b\u8457\u540d\u7ec4\u7ec7\u7684\u6210\u5458:<\/span><\/h3><\/div><div class=\"clear\"><\/div><\/div><div class=\"vc_row row-internal row-container\"><div class=\"row row-child\"><div class=\"wpb_row row-inner\"><div class=\"wpb_column pos-top pos-center align_left column_child col-lg-4 col-md-33 col-sm-33 single-internal-gutter\"><div class=\"uncol style-light\" ><div class=\"uncoltable\"><div class=\"uncell no-block-padding\" ><div class=\"uncont\" ><div class=\"uncode-single-media  text-left\"><div class=\"single-wrapper\" style=\"max-width: 100%;\"><div class=\"tmb tmb-light  tmb-media-first tmb-media-last tmb-content-overlay tmb-no-bg\"><div class=\"t-inside\"><div class=\"t-entry-visual\"><div class=\"t-entry-visual-tc\"><div class=\"uncode-single-media-wrapper\"><img decoding=\"async\" class=\"wp-image-1479\" src=\"https:\/\/www.escuela-hablamos.com\/wp-content\/uploads\/2022\/08\/lg-fecei.jpeg\" width=\"300\" height=\"104\" alt=\"Hablamos, your Spanish language school in Madrid\" srcset=\"https:\/\/www.escuela-hablamos.com\/wp-content\/uploads\/2022\/08\/lg-fecei.jpeg 300w, https:\/\/www.escuela-hablamos.com\/wp-content\/uploads\/2022\/08\/lg-fecei-18x6.jpeg 18w\" sizes=\"(max-width: 300px) 100vw, 300px\" \/><\/div>\n\t\t\t\t\t<\/div>\n\t\t\t\t<\/div><\/div><\/div><\/div><\/div><\/div><\/div><\/div><\/div><\/div><div class=\"wpb_column pos-top pos-center align_left column_child col-lg-4 col-md-33 col-sm-33 single-internal-gutter\"><div class=\"uncol style-light\" ><div class=\"uncoltable\"><div class=\"uncell no-block-padding\" ><div class=\"uncont\" ><div class=\"uncode-single-media  text-left\"><div class=\"single-wrapper\" style=\"max-width: 100%;\"><div class=\"tmb tmb-light  tmb-media-first tmb-media-last tmb-content-overlay tmb-no-bg\"><div class=\"t-inside\"><div class=\"t-entry-visual\"><div class=\"t-entry-visual-tc\"><div class=\"uncode-single-media-wrapper\"><img decoding=\"async\" class=\"wp-image-1477\" src=\"https:\/\/www.escuela-hablamos.com\/wp-content\/uploads\/2022\/08\/lg-acade.jpeg\" width=\"300\" height=\"104\" alt=\"Hablamos, your Spanish language school in Madrid\" srcset=\"https:\/\/www.escuela-hablamos.com\/wp-content\/uploads\/2022\/08\/lg-acade.jpeg 300w, https:\/\/www.escuela-hablamos.com\/wp-content\/uploads\/2022\/08\/lg-acade-18x6.jpeg 18w\" sizes=\"(max-width: 300px) 100vw, 300px\" \/><\/div>\n\t\t\t\t\t<\/div>\n\t\t\t\t<\/div><\/div><\/div><\/div><\/div><\/div><\/div><\/div><\/div><\/div><div class=\"wpb_column pos-top pos-center align_left column_child col-lg-4 col-md-33 col-sm-33 single-internal-gutter\"><div class=\"uncol style-light\" ><div class=\"uncoltable\"><div class=\"uncell no-block-padding\" ><div class=\"uncont\" ><div class=\"uncode-single-media  text-left\"><div class=\"single-wrapper\" style=\"max-width: 100%;\"><div class=\"tmb tmb-light  tmb-media-first tmb-media-last tmb-content-overlay tmb-no-bg\"><div class=\"t-inside\"><div class=\"t-entry-visual\"><div class=\"t-entry-visual-tc\"><div class=\"uncode-single-media-wrapper\"><img decoding=\"async\" class=\"wp-image-1478\" src=\"https:\/\/www.escuela-hablamos.com\/wp-content\/uploads\/2022\/08\/lg-acedim.jpeg\" width=\"300\" height=\"104\" alt=\"Hablamos, your Spanish language school in Madrid\" srcset=\"https:\/\/www.escuela-hablamos.com\/wp-content\/uploads\/2022\/08\/lg-acedim.jpeg 300w, https:\/\/www.escuela-hablamos.com\/wp-content\/uploads\/2022\/08\/lg-acedim-18x6.jpeg 18w\" sizes=\"(max-width: 300px) 100vw, 300px\" \/><\/div>\n\t\t\t\t\t<\/div>\n\t\t\t\t<\/div><\/div><\/div><\/div><\/div><\/div><\/div><\/div><\/div><\/div><\/div><\/div><\/div><\/div><\/div><\/div><\/div><\/div><script id=\"script-row-unique-15\" data-row=\"script-row-unique-15\" type=\"text\/javascript\" class=\"vc_controls\">UNCODE.initRow(document.getElementById(\"row-unique-15\"));<\/script><\/div><\/div><\/div><div data-parent=\"true\" class=\"vc_row has-bg need-focus style-accent-bg row-container\" id=\"row-unique-31\"><div class=\"row limit-width row-parent\"><div class=\"wpb_row row-inner\"><div class=\"wpb_column pos-top pos-center align_center column_parent col-lg-12 single-internal-gutter\"><div class=\"uncol style-light\"  ><div class=\"uncoltable\"><div class=\"uncell no-block-padding\" ><div class=\"uncont\" ><div class=\"vc_custom_heading_wrap\"><div class=\"heading-text el-text\" ><h2 class=\"h1 text-color-xsdn-color\" ><span>\u8fd9\u5c31\u662f <span class=\"split-word uncode-rotating-span uncode-rotating-text-start\" data-text=\"\u4f60\u5728\u9a6c\u5fb7\u91cc\u7684\u897f\u73ed\u7259\u5b66\u6821|\u8fdc\u6bd4\u5b66\u4e60\u897f\u73ed\u7259\u8bed\u66f4\u91cd\u8981|Hablamos\" data-fx=\"zoom\" data-wait=\"3000\">&nbsp;<\/span><span class=\"split-word word1\"><span class=\"split-word-flow\"><span class=\"split-word-inner\"><span class=\"split-char char92\">H<\/span><span class=\"split-char char93\">a<\/span><span class=\"split-char char94\">b<\/span><span class=\"split-char char95\">l<\/span><span class=\"split-char char96\">a<\/span><span class=\"split-char char97\">m<\/span><span class=\"split-char char98\">o<\/span><span class=\"split-char char99\">s<\/span><\/span><\/span><\/span><span class=\"split-word uncode-rotating-span uncode-rotating-text-end\">&nbsp;<\/span><\/span><\/h2><\/div><div class=\"clear\"><\/div><\/div><\/div><\/div><\/div><\/div><\/div><script id=\"script-row-unique-31\" data-row=\"script-row-unique-31\" type=\"text\/javascript\" class=\"vc_controls\">UNCODE.initRow(document.getElementById(\"row-unique-31\"));<\/script><\/div><\/div><\/div><div data-parent=\"true\" class=\"vc_row row-container\" id=\"row-unique-32\"><div class=\"row double-top-padding double-bottom-padding single-h-padding limit-width row-parent\"><div class=\"wpb_row row-inner\"><div class=\"wpb_column pos-top pos-center align_center column_parent col-lg-12 single-internal-gutter\"><div class=\"uncol style-light\"  ><div class=\"uncoltable\"><div class=\"uncell no-block-padding\" ><div class=\"uncont\" ><span class=\"btn-container btn-inline animate_when_almost_visible left-t-right\" ><a role=\"button\"  href=\"https:\/\/www.escuela-hablamos.com\/zh\/contact-hablamos\/\" class=\"custom-link btn border-width-0 btn-accent btn-no-scale btn-icon-left\" title=\"Contact Hablamos\">\u6211\u4eec\u80fd\u5e2e\u52a9\u4f60\u5417\uff1f<\/a><\/span><span class=\"btn-container btn-inline animate_when_almost_visible right-t-left\" ><a role=\"button\"  href=\"#\" class=\"custom-link btn border-width-0 popmake-1853 btn-Hablamos-blue btn-no-scale btn-icon-left\" title=\"Contact Hablamos\">\u4f60\u60f3\u8981\u6211\u4eec\u7684\u901a\u8baf\u5417\uff1f<\/a><\/span><\/div><\/div><\/div><\/div><\/div><script id=\"script-row-unique-32\" data-row=\"script-row-unique-32\" type=\"text\/javascript\" class=\"vc_controls\">UNCODE.initRow(document.getElementById(\"row-unique-32\"));<\/script><\/div><\/div><\/div>\n<\/div>","protected":false},"excerpt":{"rendered":"<p>Hablamos es la escuela de espa\u00f1ol de grupo Cambridge House, grupo con m\u00e1s de 35 a\u00f1os de experiencia en la ense\u00f1anza de idiomas<\/p>","protected":false},"author":2,"featured_media":616,"parent":0,"menu_order":0,"comment_status":"closed","ping_status":"closed","template":"","meta":{"iawp_total_views":1289,"footnotes":""},"class_list":["post-151","page","type-page","status-publish","has-post-thumbnail","hentry"],"_links":{"self":[{"href":"https:\/\/www.escuela-hablamos.com\/zh\/wp-json\/wp\/v2\/pages\/151","targetHints":{"allow":["GET"]}}],"collection":[{"href":"https:\/\/www.escuela-hablamos.com\/zh\/wp-json\/wp\/v2\/pages"}],"about":[{"href":"https:\/\/www.escuela-hablamos.com\/zh\/wp-json\/wp\/v2\/types\/page"}],"author":[{"embeddable":true,"href":"https:\/\/www.escuela-hablamos.com\/zh\/wp-json\/wp\/v2\/users\/2"}],"replies":[{"embeddable":true,"href":"https:\/\/www.escuela-hablamos.com\/zh\/wp-json\/wp\/v2\/comments?post=151"}],"version-history":[{"count":76,"href":"https:\/\/www.escuela-hablamos.com\/zh\/wp-json\/wp\/v2\/pages\/151\/revisions"}],"predecessor-version":[{"id":11858,"href":"https:\/\/www.escuela-hablamos.com\/zh\/wp-json\/wp\/v2\/pages\/151\/revisions\/11858"}],"wp:featuredmedia":[{"embeddable":true,"href":"https:\/\/www.escuela-hablamos.com\/zh\/wp-json\/wp\/v2\/media\/616"}],"wp:attachment":[{"href":"https:\/\/www.escuela-hablamos.com\/zh\/wp-json\/wp\/v2\/media?parent=151"}],"curies":[{"name":"wp","href":"https:\/\/api.w.org\/{rel}","templated":true}]}}