{"id":6329,"date":"2024-01-25T09:40:45","date_gmt":"2024-01-25T09:40:45","guid":{"rendered":"https:\/\/www.escuela-hablamos.com\/?page_id=6329"},"modified":"2026-03-05T07:37:45","modified_gmt":"2026-03-05T07:37:45","slug":"access-to-university-studies","status":"publish","type":"page","link":"https:\/\/www.escuela-hablamos.com\/pt\/access-to-university-studies\/","title":{"rendered":"Acesso aos estudos universit\u00e1rios"},"content":{"rendered":"<div class=\"wpb-content-wrapper\"><div data-parent=\"true\" class=\"vc_row row-container\" id=\"row-unique-5\"><div class=\"row unequal no-top-padding no-bottom-padding no-h-padding full-width row-parent\"><div class=\"wpb_row row-inner\"><div class=\"wpb_column pos-top pos-center align_left column_parent col-lg-6 single-internal-gutter\"><div class=\"uncol style-light animate_when_almost_visible left-t-right\"  ><div class=\"uncoltable\" style=\"min-height: 340px;\"><div class=\"uncell no-block-padding\" ><div class=\"column-background background-element\">\n\t\t\t\t\t\t\t\t\t\t\t<div class=\"background-wrapper\">\n\t\t\t\t\t\t\t\t\t\t\t\t<div class=\"background-inner\" style=\"background-image: url(https:\/\/www.escuela-hablamos.com\/wp-content\/uploads\/2024\/01\/UNIS.jpg);background-repeat: no-repeat;background-position: center center;background-size: cover;\" data-o_src=\"https:\/\/www.escuela-hablamos.com\/wp-content\/uploads\/2024\/01\/UNIS.jpg\"><\/div>\n\t\t\t\t\t\t\t\t\t\t\t\t\n\t\t\t\t\t\t\t\t\t\t\t<\/div>\n\t\t\t\t\t\t\t\t\t\t<\/div><div class=\"uncont\" ><\/div><\/div><\/div><\/div><\/div><div class=\"wpb_column pos-middle pos-left align_left column_parent col-lg-6 single-internal-gutter\"><div class=\"uncol style-light animate_when_almost_visible right-t-left\"  ><div class=\"uncoltable\"><div class=\"uncell no-block-padding\" ><div class=\"uncont\" ><div class=\"vc_row row-internal row-container\"><div class=\"row row-child\"><div class=\"wpb_row row-inner\"><div class=\"wpb_column pos-top pos-left align_left column_child col-lg-12 half-internal-gutter\"><div class=\"uncol style-light\" ><div class=\"uncoltable\"><div class=\"uncell single-block-padding\" ><div class=\"uncont\" style=\" max-width:80%;\" ><div class=\"vc_custom_heading_wrap\"><div class=\"heading-text el-text\" data-marquee-speed=\"\"><h3 class=\"h3 font-weight-400 text-color-620122-color text-uppercase un-text-marquee un-marquee\" ><span><mark>Hablamos<\/mark> aconselha-o e prepara-o para os seus estudos universit\u00e1rios<br \/><\/span><\/h3><\/div><div class=\"clear\"><\/div><\/div><div class=\"empty-space empty-single\" ><span class=\"empty-space-inner\"><\/span><\/div>\n<div class=\"vc_custom_heading_wrap\"><div class=\"heading-text el-text\" ><h1 class=\"h2\" ><span>Acesso aos estudos universit\u00e1rios<\/span><\/h1><\/div><div class=\"clear\"><\/div><\/div><div class=\"uncode_text_column\" ><p>Se, al\u00e9m de frequentar os seus cursos de espanhol em <mark>Hablamos<\/mark>, estiver interessado em continuar os seus estudos em Espanha com estudos universit\u00e1rios, aconselhamos que leia esta informa\u00e7\u00e3o essencial sobre todo o processo.<\/p>\n<p>Para o efeito, a <mark>Hablamos<\/mark> colabora com uma academia de Madrid com mais de 40 anos de experi\u00eancia na prepara\u00e7\u00e3o de estudantes para o ingresso na universidade. Contamos-lhe tudo a seguir.<\/p>\n<\/div><div class=\"empty-space empty-double\" ><span class=\"empty-space-inner\"><\/span><\/div>\n<\/div><\/div><\/div><\/div><\/div><\/div><\/div><\/div><\/div><\/div><\/div><\/div><\/div><script id=\"script-row-unique-5\" data-row=\"script-row-unique-5\" type=\"text\/javascript\" class=\"vc_controls\">UNCODE.initRow(document.getElementById(\"row-unique-5\"));<\/script><\/div><\/div><\/div><div data-parent=\"true\" class=\"vc_row has-bg need-focus style-Hablamos-blue3-bg row-container\" id=\"row-unique-10\"><div class=\"row unequal col-double-gutter triple-top-padding triple-bottom-padding single-h-padding limit-width row-parent\"><div class=\"wpb_row row-inner\"><div class=\"wpb_column pos-middle pos-center align_left column_parent col-lg-12 half-internal-gutter\"><div class=\"uncol style-light animate_when_almost_visible top-t-bottom\"  ><div class=\"uncoltable\"><div class=\"uncell no-block-padding\" ><div class=\"uncont\" ><div class=\"vc_custom_heading_wrap\"><div class=\"heading-text el-text\" ><h2 class=\"h3 text-accent-color\" ><span>Como posso estudar numa universidade em Espanha?<\/span><\/h2><\/div><div class=\"clear\"><\/div><\/div><div class=\"uncode-accordion wpb_accordion wpb_content_element  sign-size-rg default-typography w-border\" data-collapsible=\"no\" data-target=\"\" data-active-tab=\"0\" >\n\t\t<div class=\"panel-group wpb_wrapper wpb_accordion_wrapper\" id=\"accordion_1451277948\" data-no-toggle=\"\">\n\n<div class=\"panel panel-default wpb_accordion_section group  no-block-padding\"><div class=\"panel-heading wpb_accordion_header ui-accordion-header\"><p class=\"panel-title font-weight- text-   icon-size-rg\"><a data-toggle=\"collapse\" data-parent=\"#accordion_1451277948\" href=\"#1658839656-1-88\"><span>Acredita\u00e7\u00e3o e testes PCE, o que s\u00e3o?<\/span><\/a><\/p><\/div><div id=\"1658839656-1-88\" class=\"panel-collapse collapse\"><div class=\"panel-body wpb_accordion_content ui-accordion-content half-internal-gutter single-block-padding\">\n\t\t\t\t\t\t<div class=\"uncode_text_column\" ><\/p>\n<p class=\"p1\">Se \u00e9 um estudante estrangeiro com um diploma de bacharelato e quer fazer um curso universit\u00e1rio em Espanha, <strong>a primeira coisa de que precisa \u00e9 de uma acredita\u00e7\u00e3o que certifique que os seus estudos de bacharelato s\u00e3o v\u00e1lidos<\/strong>. Esta acredita\u00e7\u00e3o \u00e9 concedida pela UNED (ou Universidad Espa\u00f1ola de Educaci\u00f3n a Distancia).<\/p>\n<p class=\"p1\">Por outro lado, como ver\u00e1 mais adiante, dependendo do pa\u00eds onde fez o bacharelato e os estudos anteriores, tamb\u00e9m pode ter de fazer os <strong>Pruebas de Competencias Espec\u00edficas (PCE). As PCE ou Pruebas de Competencias Espec\u00edficas<\/strong> s\u00e3o os exames de acesso \u00e0 universidade espanhola para todos os estudantes que conclu\u00edram o bacharelato (ou equivalente) num sistema educativo diferente do espanhol.<\/p>\n<p class=\"p1\">Estas provas s\u00e3o um conjunto de exames que avaliam os conhecimentos dos candidatos e que, em caso de aprova\u00e7\u00e3o, lhes permitem aceder a uma universidade espanhola, desde que obtenham a classifica\u00e7\u00e3o m\u00ednima de acesso.<\/p>\n<p class=\"p1\">A entidade respons\u00e1vel e \u00fanica em Espanha que emite tanto a acredita\u00e7\u00e3o exigida pelas universidades espanholas como os testes PCE \u00e9 <strong>a UNED (ou Universidad Espa\u00f1ola de Educaci\u00f3n a Distancia) ou UNEDassis.<\/strong><\/p>\n<p class=\"p1\">Estes exames PCE <strong>permitem o acesso a todas as universidades p\u00fablicas em Espanha<\/strong>, e muitas universidades privadas tamb\u00e9m o exigem.<\/p>\n<p class=\"p1\">As PCE est\u00e3o divididas em quatro modalidades: <strong>Ci\u00eancias, Ci\u00eancias da Sa\u00fade, Artes e Humanidades e Ci\u00eancias Sociais e Jur\u00eddicas<\/strong>. Cada modalidade tem v\u00e1rias disciplinas para as quais o aluno deve fazer o exame, e cada disciplina tem um formato de exame espec\u00edfico (exame com perguntas de escolha m\u00faltipla, perguntas em que tem de desenvolver um tema ou resolver um exerc\u00edcio pr\u00e1tico, etc.).<\/p>\n<p class=\"p1\">O aluno pode solicitar que as perguntas do exame sejam escritas em ingl\u00eas (para al\u00e9m de serem em espanhol), <strong>mas \u00e9 obrigat\u00f3rio responder ao exame em espanhol. <\/strong><\/p>\n<p class=\"p1\">Os alunos podem escolher um m\u00e1ximo de 6 disciplinas em fun\u00e7\u00e3o da modalidade que escolheram e <strong>das disciplinas que t\u00eam maior peso ou que d\u00e3o mais pontos na universidade em que pretendem entrar<\/strong>. A recomenda\u00e7\u00e3o oficial \u00e9 a de escolher um m\u00ednimo de 4 disciplinas.<\/p>\n<p>\n<\/div><\/div><\/div><\/div><div class=\"panel panel-default wpb_accordion_section group  no-block-padding\"><div class=\"panel-heading wpb_accordion_header ui-accordion-header\"><p class=\"panel-title font-weight- text-   icon-size-rg\"><a data-toggle=\"collapse\" data-parent=\"#accordion_1451277948\" href=\"#1658839656-2-13\"><span>Teste PCE, obrigat\u00f3rio para todos os estudantes estrangeiros?<\/span><\/a><\/p><\/div><div id=\"1658839656-2-13\" class=\"panel-collapse collapse\"><div class=\"panel-body wpb_accordion_content ui-accordion-content half-internal-gutter single-block-padding\">\n\t\t\t\t\t\t<div class=\"uncode_text_column\" ><p>Para saber se tem de fazer o exame obrigat\u00f3rio de acesso \u00e0 universidade ou PCE, <strong>\u00e9 essencial saber se o seu pa\u00eds de origem pertence ou n\u00e3o ao grupo seguinte:<\/strong><\/p>\n<p><strong>A. <u>PA\u00cdSES DA UNI\u00c3O EUROPEIA:<\/u> os estudantes da Uni\u00e3o Europeia com um diploma de bacharelato n\u00e3o t\u00eam de fazer o exame PCE<\/strong> e podem obter a valida\u00e7\u00e3o autom\u00e1tica do seu diploma de bacharelato. S\u00f3 precisam de obter este documento: <strong>Credencial de Calificaci\u00f3n de Acceso emitido pela UNED.<\/strong><\/p>\n<p>No entanto, apesar de n\u00e3o ser obrigat\u00f3rio para os estudantes da Uni\u00e3o Europeia, <strong>muitos estudantes europeus fazem os exames PCE exclusivamente para aumentar as suas notas para certos graus universit\u00e1rios muito procurados ou para aqueles com uma qualifica\u00e7\u00e3o de entrada muito elevada. Com este exame, estes estudantes podem aumentar a sua qualifica\u00e7\u00e3o de entrada at\u00e9 4 pontos, se fizerem duas disciplinas no exame PCE.<\/strong><\/p>\n<p><strong>B. <u>PA\u00cdSES COM ACORDO COM O ESTADO ESPANHOL:<\/u><\/strong> os estudantes provenientes de um destes pa\u00edses: <strong>Andorra, \u00c1ustria, B\u00e9lgica, Bulg\u00e1ria, China, Col\u00f4mbia, Cro\u00e1cia, Chipre, Rep\u00fablica Checa, Dinamarca, Est\u00f3nia, Finl\u00e2ndia, Fran\u00e7a, Alemanha, Gr\u00e9cia, Hungria, Isl\u00e2ndia, Irlanda, It\u00e1lia, Let\u00f3nia, Liechtenstein, Litu\u00e2nia, Luxemburgo, Malta, Pa\u00edses Baixos, Noruega, Pol\u00f3nia, Portugal, Rom\u00e9nia, Eslov\u00e1quia, Eslov\u00e9nia, Su\u00e9cia, Su\u00ed\u00e7a e Reino Unido, n\u00e3o t\u00eam de fazer o exame PCE<\/strong> e podem validar automaticamente o seu diploma de bacharel.<\/p>\n<p>S\u00f3 precisam de obter este documento: <strong>Credencial de Calificaci\u00f3n de Acceso emitido pela UNED.<\/strong><\/p>\n<p>No entanto, tal como no caso dos estudantes europeus, <strong>os estudantes destes pa\u00edses com um acordo podem tamb\u00e9m fazer os exames PCE para aumentar as suas notas em certos graus universit\u00e1rios que s\u00e3o muito procurados ou que t\u00eam uma qualifica\u00e7\u00e3o de entrada muito elevada. Com este exame, os estudantes podem aumentar a sua qualifica\u00e7\u00e3o de entrada at\u00e9 4 pontos, se fizerem duas disciplinas no exame PCE.<\/strong><\/p>\n<p><strong>C. <u>PA\u00cdSES FORA DA UNI\u00c3O EUROPEIA OU PA\u00cdSES QUE N\u00c3O T\u00caM ACORDO COM O ESTADO ESPANHOL:<\/u><\/strong> para os pa\u00edses que n\u00e3o se encontram no grupo a) ou <strong>b), \u00e9 necess\u00e1rio o reconhecimento dos seus diplomas de bacharelato e a realiza\u00e7\u00e3o do exame PCE para aceder \u00e0 universidade p\u00fablica em Espanha.<\/strong><\/p>\n<p>Estes estudantes t\u00eam de homologar os seus diplomas num processo que pode ser efectuado durante a prepara\u00e7\u00e3o para o exame PCE. Este exame consiste, para este grupo de estudantes, em pelo menos 4 disciplinas para as quais ter\u00e3o de se preparar e realizar o exame.<\/p>\n<\/div><\/div><\/div><\/div><div class=\"panel panel-default wpb_accordion_section group  no-block-padding\"><div class=\"panel-heading wpb_accordion_header ui-accordion-header\"><p class=\"panel-title font-weight- text-   icon-size-rg\"><a data-toggle=\"collapse\" data-parent=\"#accordion_1451277948\" href=\"#1658840038404-2-6\"><span>Como e onde posso preparar-me para o meu teste PCE e gerir a minha entrada na universidade?<\/span><\/a><\/p><\/div><div id=\"1658840038404-2-6\" class=\"panel-collapse collapse\"><div class=\"panel-body wpb_accordion_content ui-accordion-content half-internal-gutter single-block-padding\">\n\t\t\t\t\t\t<div class=\"uncode_text_column\" ><p><strong>Atrav\u00e9s de um centro colaborador da UNED,<\/strong> os alunos podem gerir todos os procedimentos necess\u00e1rios para se prepararem para este exame PCE e para acederem \u00e0 universidade.<\/p>\n<p>Hablamos colabora para este fim com uma escola especializada que prepara os alunos para o acesso \u00e0 universidade h\u00e1 mais de 40 anos e que partilha com Hablamos o mesmo compromisso de oferecer um ensino de qualidade, um tratamento muito personalizado ao aluno e uma equipa muito profissional para garantir que os alunos passem nos exames PCE.<\/p>\n<p>Se \u00e9 aluno de Hablamos, organizaremos uma visita a esta escola para si, e se n\u00e3o \u00e9 aluno, tamb\u00e9m o ajudaremos a entrar em contacto com eles em nosso nome, para que o aconselhem e lhe indiquem os passos a seguir para que possa iniciar o processo de prepara\u00e7\u00e3o para o exame PCE e o acesso \u00e0 universidade espanhola.<\/p>\n<p>Esta escola oferece cursos de prepara\u00e7\u00e3o de 4 horas por semana a cursos muito intensivos de 20 horas por semana. Os cursos t\u00eam as seguintes carater\u00edsticas:<\/p>\n<ul>\n<li>Programa de estudo personalizado.<\/li>\n<li>Aulas di\u00e1rias com um m\u00e1ximo de 10 alunos por turma.<\/li>\n<li>Tutorias semanais com explica\u00e7\u00f5es em grupo de todas as mat\u00e9rias.<\/li>\n<li>Exames simulados todos os meses.<\/li>\n<li>Campus virtual 24 horas por dia, 7 dias por semana.<\/li>\n<\/ul>\n<p><strong>Para realizar estes exames PCE, os alunos devem ter um n\u00edvel B1 ou o mais pr\u00f3ximo poss\u00edvel do B1 em espanhol.<\/strong> Posteriormente, <em><strong>nas universidades de Madrid,<\/strong> <strong>ser\u00e1 exigido aos alunos um n\u00edvel B2 de espanhol.<\/strong><\/em><\/p>\n<\/div><\/div><\/div><\/div><div class=\"panel panel-default wpb_accordion_section group  no-block-padding\"><div class=\"panel-heading wpb_accordion_header ui-accordion-header\"><p class=\"panel-title font-weight- text-   icon-size-rg\"><a data-toggle=\"collapse\" data-parent=\"#accordion_1451277948\" href=\"#1658840095170-3-6\"><span>Como \u00e9 calculada a nota de admiss\u00e3o \u00e0 universidade?<\/span><\/a><\/p><\/div><div id=\"1658840095170-3-6\" class=\"panel-collapse collapse\"><div class=\"panel-body wpb_accordion_content ui-accordion-content half-internal-gutter single-block-padding\">\n\t\t\t\t\t\t<div class=\"uncode_text_column\" ><\/p>\n<p class=\"p1\">A UNED acredita uma qualifica\u00e7\u00e3o (m\u00e1ximo de 10 pontos) com a qual podem participar nos procedimentos de admiss\u00e3o \u00e0s universidades espanholas:<\/p>\n<ul>\n<li class=\"p1\"><strong>Para os estudantes da Uni\u00e3o Europeia ou de sistemas educativos com acordo de reciprocidade,<\/strong> este c\u00e1lculo \u00e9 feito com os resultados obtidos nos registos acad\u00e9micos no sistema educativo de origem.<\/li>\n<li class=\"p1\"><strong>Para o resto dos estudantes internacionais, esta qualifica\u00e7\u00e3o \u00e9 feita com a pondera\u00e7\u00e3o de 60% das notas obtidas pelo estudante no seu registo acad\u00e9mico no seu pa\u00eds de origem, e 40% \u00e9 obtida com os testes PCE realizados na UNED.<\/strong><\/li>\n<\/ul>\n<p>Muitas universidades podem dar at\u00e9 4 pontos adicionais, de acordo com os seus crit\u00e9rios de admiss\u00e3o, se o estudante preparar determinadas disciplinas e obtiver determinados resultados nas mesmas. Como pode ver, <strong>a aprova\u00e7\u00e3o nos exames PCE \u00e9 fundamental em todo este processo, mas tamb\u00e9m a prepara\u00e7\u00e3o para determinadas disciplinas ajudar-nos-\u00e1 a aumentar a nossa nota global para o ingresso na universidade.<\/strong><\/p>\n<p class=\"p1\"><strong>O Centro Universit\u00e1rio de S\u00e3o Bernardo, com o qual colaboramos, disp\u00f5e de um Servi\u00e7o de Orienta\u00e7\u00e3o ao Estudante<\/strong> que ajuda todos os seus alunos a escolher as melhores mat\u00e9rias e o melhor itiner\u00e1rio para passar nos exames PCE com \u00eaxito e com uma boa nota. Al\u00e9m disso, informam-no de todos os tr\u00e2mites administrativos inerentes a este processo.<\/p>\n<p>\n<\/div><\/div><\/div><\/div><div class=\"panel panel-default wpb_accordion_section group  no-block-padding\"><div class=\"panel-heading wpb_accordion_header ui-accordion-header\"><p class=\"panel-title font-weight- text-   icon-size-rg\"><a data-toggle=\"collapse\" data-parent=\"#accordion_1451277948\" href=\"#1706176239919-4-1\"><span>Quais s\u00e3o as datas dos testes PCE?<\/span><\/a><\/p><\/div><div id=\"1706176239919-4-1\" class=\"panel-collapse collapse\"><div class=\"panel-body wpb_accordion_content ui-accordion-content half-internal-gutter single-block-padding\">\n\t\t\t\t\t\t<div class=\"uncode_text_column\" ><\/p>\n<p class=\"p1\">Todos os anos h\u00e1 <strong>duas rondas do PCE.<\/strong> A primeira realiza-se no <strong>final de maio ou no in\u00edcio de junho e a segunda em setembro.<\/strong><\/p>\n<p class=\"p1\"><strong>\u00c9 prefer\u00edvel fazer o primeiro exame,<\/strong> porque se fizer o exame de setembro, muitas vagas em certos cursos ou universidades j\u00e1 ter\u00e3o sido ocupadas por estudantes que fizeram o exame PCE no final de maio ou in\u00edcio de junho.<\/p>\n<p class=\"p1\">Os resultados destes exames demoram normalmente tr\u00eas a quatro semanas a chegar.<\/p>\n<p class=\"p1\"><strong>\u00c9 importante estar atento aos prazos de inscri\u00e7\u00e3o nos exames PCE, que t\u00eam datas espec\u00edficas. Ap\u00f3s esse prazo, deixar\u00e1 de poder inscrever-se e n\u00e3o poder\u00e1 fazer o exame.<\/strong><\/p>\n<p class=\"p1\">Os exames PCE realizam-se em Madrid e em muitas outras cidades de Espanha, mas tamb\u00e9m \u00e9 poss\u00edvel fazer os exames nos centros de exame afiliados \u00e0 UNED em v\u00e1rios pa\u00edses de diferentes continentes.<\/p>\n<p>\n<\/div><\/div><\/div><\/div>\n\t\t<\/div><\/div><div class=\"uncode_text_column\" ><\/p>\n<p class=\"p1\">Se precisar de mais informa\u00e7\u00f5es sobre este tema, pode escrever-nos para <a href=\"mailto:clientes@escuela-hablamos.com\" target=\"_blank\" rel=\"noopener\"><span class=\"s1\">clientes@escuela-hablamos.com<\/span><\/a><\/p>\n<p>\n<\/div><\/div><\/div><\/div><\/div><\/div><script id=\"script-row-unique-10\" data-row=\"script-row-unique-10\" type=\"text\/javascript\" class=\"vc_controls\">UNCODE.initRow(document.getElementById(\"row-unique-10\"));<\/script><\/div><\/div><\/div><div data-parent=\"true\" class=\"vc_row has-bg need-focus style-accent-bg row-container mobile-hidden\" id=\"row-unique-26\"><div class=\"row limit-width row-parent\"><div class=\"wpb_row row-inner\"><div class=\"wpb_column pos-top pos-center align_center column_parent col-lg-12 single-internal-gutter\"><div class=\"uncol style-light\"  ><div class=\"uncoltable\"><div class=\"uncell no-block-padding\" ><div class=\"uncont\" ><div class=\"vc_custom_heading_wrap mobile-hidden\"><div class=\"heading-text el-text\" ><h2 class=\"h1 text-color-xsdn-color\" ><span>Isto \u00e9 <span class=\"split-word uncode-rotating-span uncode-rotating-text-start\" data-text=\"a sua escola de espanhol em Madrid|muito mais do que aprender espanhol|Hablamos\" data-fx=\"zoom\" data-wait=\"3000\">&nbsp;<\/span><span class=\"split-word word1\"><span class=\"split-word-flow\"><span class=\"split-word-inner\"><span class=\"split-char char92\">H<\/span><span class=\"split-char char93\">a<\/span><span class=\"split-char char94\">b<\/span><span class=\"split-char char95\">l<\/span><span class=\"split-char char96\">a<\/span><span class=\"split-char char97\">m<\/span><span class=\"split-char char98\">o<\/span><span class=\"split-char char99\">s<\/span><\/span><\/span><\/span><span class=\"split-word uncode-rotating-span uncode-rotating-text-end\">&nbsp;<\/span><\/span><\/h2><\/div><div class=\"clear\"><\/div><\/div><\/div><\/div><\/div><\/div><\/div><script id=\"script-row-unique-26\" data-row=\"script-row-unique-26\" type=\"text\/javascript\" class=\"vc_controls\">UNCODE.initRow(document.getElementById(\"row-unique-26\"));<\/script><\/div><\/div><\/div><div data-parent=\"true\" class=\"vc_row has-bg need-focus style-accent-bg row-container desktop-hidden tablet-hidden\" id=\"row-unique-27\"><div class=\"row limit-width row-parent\"><div class=\"wpb_row row-inner\"><div class=\"wpb_column pos-top pos-center align_center column_parent col-lg-12 single-internal-gutter\"><div class=\"uncol style-light\"  ><div class=\"uncoltable\"><div class=\"uncell no-block-padding\" ><div class=\"uncont\" ><div class=\"vc_custom_heading_wrap desktop-hidden tablet-hidden\"><div class=\"heading-text el-text\" ><h2 class=\"h1 text-color-xsdn-color\" ><span>Isto \u00e9 <span class=\"split-word uncode-rotating-span uncode-rotating-text-start\" data-text=\"a sua escola de espanhol em Madrid|Hablamos\" data-fx=\"zoom\" data-wait=\"3000\">&nbsp;<\/span><span class=\"split-word word1\"><span class=\"split-word-flow\"><span class=\"split-word-inner\"><span class=\"split-char char92\">H<\/span><span class=\"split-char char93\">a<\/span><span class=\"split-char char94\">b<\/span><span class=\"split-char char95\">l<\/span><span class=\"split-char char96\">a<\/span><span class=\"split-char char97\">m<\/span><span class=\"split-char char98\">o<\/span><span class=\"split-char char99\">s<\/span><\/span><\/span><\/span><span class=\"split-word uncode-rotating-span uncode-rotating-text-end\">&nbsp;<\/span><\/span><\/h2><\/div><div class=\"clear\"><\/div><\/div><\/div><\/div><\/div><\/div><\/div><script id=\"script-row-unique-27\" data-row=\"script-row-unique-27\" type=\"text\/javascript\" class=\"vc_controls\">UNCODE.initRow(document.getElementById(\"row-unique-27\"));<\/script><\/div><\/div><\/div><div data-parent=\"true\" class=\"vc_row row-container\" id=\"row-unique-28\"><div class=\"row double-top-padding double-bottom-padding single-h-padding limit-width row-parent\"><div class=\"wpb_row row-inner\"><div class=\"wpb_column pos-top pos-center align_center column_parent col-lg-12 single-internal-gutter\"><div class=\"uncol style-light\"  ><div class=\"uncoltable\"><div class=\"uncell no-block-padding\" ><div class=\"uncont\" ><span class=\"btn-container btn-inline animate_when_almost_visible left-t-right\" ><a role=\"button\"  href=\"https:\/\/www.escuela-hablamos.com\/pt\/contact-hablamos\/\" class=\"custom-link btn border-width-0 btn-accent btn-no-scale btn-icon-left\" title=\"Contact Hablamos\">Falamos?<\/a><\/span><span class=\"btn-container btn-inline animate_when_almost_visible right-t-left\" ><a role=\"button\"  href=\"#\" class=\"custom-link btn border-width-0 popmake-1853 btn-Hablamos-blue btn-no-scale btn-icon-left\" title=\"Contact Hablamos\">Quer a nossa newsletter?<\/a><\/span><\/div><\/div><\/div><\/div><\/div><script id=\"script-row-unique-28\" data-row=\"script-row-unique-28\" type=\"text\/javascript\" class=\"vc_controls\">UNCODE.initRow(document.getElementById(\"row-unique-28\"));<\/script><\/div><\/div><\/div>\n<\/div>","protected":false},"excerpt":{"rendered":"<p>Are you interested in continuing your studies in Spain with university studies?<\/p>","protected":false},"author":2,"featured_media":6360,"parent":0,"menu_order":0,"comment_status":"closed","ping_status":"closed","template":"","meta":{"iawp_total_views":329,"footnotes":""},"class_list":["post-6329","page","type-page","status-publish","has-post-thumbnail","hentry"],"_links":{"self":[{"href":"https:\/\/www.escuela-hablamos.com\/pt\/wp-json\/wp\/v2\/pages\/6329","targetHints":{"allow":["GET"]}}],"collection":[{"href":"https:\/\/www.escuela-hablamos.com\/pt\/wp-json\/wp\/v2\/pages"}],"about":[{"href":"https:\/\/www.escuela-hablamos.com\/pt\/wp-json\/wp\/v2\/types\/page"}],"author":[{"embeddable":true,"href":"https:\/\/www.escuela-hablamos.com\/pt\/wp-json\/wp\/v2\/users\/2"}],"replies":[{"embeddable":true,"href":"https:\/\/www.escuela-hablamos.com\/pt\/wp-json\/wp\/v2\/comments?post=6329"}],"version-history":[{"count":41,"href":"https:\/\/www.escuela-hablamos.com\/pt\/wp-json\/wp\/v2\/pages\/6329\/revisions"}],"predecessor-version":[{"id":157991,"href":"https:\/\/www.escuela-hablamos.com\/pt\/wp-json\/wp\/v2\/pages\/6329\/revisions\/157991"}],"wp:featuredmedia":[{"embeddable":true,"href":"https:\/\/www.escuela-hablamos.com\/pt\/wp-json\/wp\/v2\/media\/6360"}],"wp:attachment":[{"href":"https:\/\/www.escuela-hablamos.com\/pt\/wp-json\/wp\/v2\/media?parent=6329"}],"curies":[{"name":"wp","href":"https:\/\/api.w.org\/{rel}","templated":true}]}}