{"id":2250,"date":"2022-09-28T06:05:26","date_gmt":"2022-09-28T06:05:26","guid":{"rendered":"https:\/\/www.escuela-hablamos.com\/?page_id=2250"},"modified":"2026-03-05T07:33:17","modified_gmt":"2026-03-05T07:33:17","slug":"application-for-nie","status":"publish","type":"page","link":"https:\/\/www.escuela-hablamos.com\/pt\/application-for-nie\/","title":{"rendered":"Application for NIE"},"content":{"rendered":"<div class=\"wpb-content-wrapper\"><div data-parent=\"true\" class=\"vc_row row-container\" id=\"row-unique-5\"><div class=\"row unequal no-top-padding no-bottom-padding no-h-padding full-width row-parent\"><div class=\"wpb_row row-inner\"><div class=\"wpb_column pos-top pos-center align_left column_parent col-lg-6 single-internal-gutter\"><div class=\"uncol style-light animate_when_almost_visible left-t-right\"  ><div class=\"uncoltable\" style=\"min-height: 340px;\"><div class=\"uncell no-block-padding\" ><div class=\"column-background background-element\">\n\t\t\t\t\t\t\t\t\t\t\t<div class=\"background-wrapper\">\n\t\t\t\t\t\t\t\t\t\t\t\t<div class=\"background-inner\" style=\"background-image: url(https:\/\/www.escuela-hablamos.com\/wp-content\/uploads\/2022\/09\/number.jpg);background-repeat: no-repeat;background-position: center center;background-size: cover;\" data-o_src=\"https:\/\/www.escuela-hablamos.com\/wp-content\/uploads\/2022\/09\/number.jpg\"><\/div>\n\t\t\t\t\t\t\t\t\t\t\t\t\n\t\t\t\t\t\t\t\t\t\t\t<\/div>\n\t\t\t\t\t\t\t\t\t\t<\/div><div class=\"uncont\" ><\/div><\/div><\/div><\/div><\/div><div class=\"wpb_column pos-middle pos-left align_left column_parent col-lg-6 single-internal-gutter\"><div class=\"uncol style-light animate_when_almost_visible right-t-left\"  ><div class=\"uncoltable\"><div class=\"uncell no-block-padding\" ><div class=\"uncont\" ><div class=\"vc_row row-internal row-container\"><div class=\"row row-child\"><div class=\"wpb_row row-inner\"><div class=\"wpb_column pos-top pos-left align_left column_child col-lg-12 half-internal-gutter\"><div class=\"uncol style-light\" ><div class=\"uncoltable\"><div class=\"uncell single-block-padding\" ><div class=\"uncont\" style=\" max-width:80%;\" ><div class=\"vc_custom_heading_wrap\"><div class=\"heading-text el-text\" data-marquee-speed=\"\"><h3 class=\"h3 font-weight-400 text-color-620122-color text-uppercase un-text-marquee un-marquee\" ><span><mark>Hablamos<\/mark> ajuda-o com todas as formalidades necess\u00e1rias<\/span><\/h3><\/div><div class=\"clear\"><\/div><\/div><div class=\"empty-space empty-single\" ><span class=\"empty-space-inner\"><\/span><\/div>\n<div class=\"vc_custom_heading_wrap\"><div class=\"heading-text el-text\" ><h1 class=\"h2\" ><span>Candidatura NIE para estudantes que s\u00e3o estudantes europeus<\/span><\/h1><\/div><div class=\"clear\"><\/div><\/div><div class=\"uncode_text_column\" ><p>Se vai estudar em Espanha durante mais de 90 dias, e mesmo que seja cidad\u00e3o europeu, <strong>\u00e9 necess\u00e1rio obter um NIE ou n\u00famero de identidade de estrangeiro<\/strong>, e vamos dizer-lhe os requisitos b\u00e1sicos abaixo.<\/p>\n<p>O NIE vai ser o nosso <strong>&#8220;n\u00famero de identidade&#8221;<\/strong>, para o governo espanhol, e \u00e9 o n\u00famero que vamos utilizar em Espanha se trabalharmos, se alugarmos uma casa, se nos registarmos no Servi\u00e7o de Impostos, na Seguran\u00e7a Social, etc. O NIE \u00e9 um n\u00famero que o governo espanhol lhe d\u00e1 para o identificar, mas n\u00e3o \u00e9 um cart\u00e3o f\u00edsico ou um documento f\u00edsico. \u00c9 um n\u00famero simples que o identifica com a administra\u00e7\u00e3o espanhola, mas \u00e9 necess\u00e1rio para muitos procedimentos.<\/p>\n<p>Os cidad\u00e3os da UE podem, por lei, viver em qualquer outro pa\u00eds da UE, mas ap\u00f3s 90 dias de estadia como turistas, \u00e9 necess\u00e1rio obter o NIE.<\/p>\n<\/div><div class=\"empty-space empty-double\" ><span class=\"empty-space-inner\"><\/span><\/div>\n<\/div><\/div><\/div><\/div><\/div><\/div><\/div><\/div><\/div><\/div><\/div><\/div><\/div><script id=\"script-row-unique-5\" data-row=\"script-row-unique-5\" type=\"text\/javascript\" class=\"vc_controls\">UNCODE.initRow(document.getElementById(\"row-unique-5\"));<\/script><\/div><\/div><\/div><div data-parent=\"true\" class=\"vc_row has-bg need-focus style-Hablamos-blue3-bg row-container\" id=\"row-unique-12\"><div class=\"row unequal col-double-gutter triple-top-padding triple-bottom-padding single-h-padding limit-width row-parent\"><div class=\"wpb_row row-inner\"><div class=\"wpb_column pos-middle pos-center align_left column_parent col-lg-12 half-internal-gutter\"><div class=\"uncol style-light animate_when_almost_visible top-t-bottom\"  ><div class=\"uncoltable\"><div class=\"uncell no-block-padding\" ><div class=\"uncont\" ><div class=\"vc_custom_heading_wrap\"><div class=\"heading-text el-text\" ><h2 class=\"h3\" ><span>O processamento do NIE<\/span><\/h2><\/div><div class=\"clear\"><\/div><\/div><div class=\"uncode-accordion wpb_accordion wpb_content_element  sign-size-rg default-typography w-border\" data-collapsible=\"no\" data-target=\"\" data-active-tab=\"0\" >\n\t\t<div class=\"panel-group wpb_wrapper wpb_accordion_wrapper\" id=\"accordion_2087854655\" data-no-toggle=\"\">\n\n<div class=\"panel panel-default wpb_accordion_section group\"><div class=\"panel-heading wpb_accordion_header ui-accordion-header\"><p class=\"panel-title font-weight- text-   icon-size-rg\"><a data-toggle=\"collapse\" data-parent=\"#accordion_2087854655\" href=\"#1658839656-1-88\"><span>Quando e quem precisa dele?<\/span><\/a><\/p><\/div><div id=\"1658839656-1-88\" class=\"panel-collapse collapse\"><div class=\"panel-body wpb_accordion_content ui-accordion-content half-internal-gutter single-block-padding\">\n\t\t\t\t\t\t<div class=\"uncode_text_column\" ><p>Pode candidatar-se a diferentes tipos de NIE, dependendo do que vai fazer em Espanha durante o per\u00edodo que escolheu. Se vai estudar espanhol no estrangeiro por <strong>um per\u00edodo de mais de 90 dias<\/strong>, este \u00e9 o procedimento.<\/p>\n<p>Se for cidad\u00e3o de um Estado membro da Uni\u00e3o Europeia ou do Liechtenstein, Isl\u00e2ndia, Noruega e Su\u00ed\u00e7a, tem o direito \u00e0 livre circula\u00e7\u00e3o e resid\u00eancia em Espanha. Os estudantes destes pa\u00edses n\u00e3o t\u00eam de cumprir quaisquer formalidades antes da sua chegada.<\/p>\n<p><strong>No entanto, se a sua estadia for superior a tr\u00eas meses, deve solicitar a sua inscri\u00e7\u00e3o no Registo Central de Estrangeiros, onde obter\u00e1 um CERTIFICADO DE INSCRI\u00c7\u00c3O COMO CIDAD\u00c3O DA UNI\u00c3O e um N\u00famero de Identifica\u00e7\u00e3o de Estrangeiro (NIE).<\/strong><\/p>\n<p><strong>Muito importante: todas as informa\u00e7\u00f5es aqui prestadas s\u00e3o de car\u00e1cter geral e explicativo sobre o processo, mas porque a legisla\u00e7\u00e3o sobre estas mat\u00e9rias \u00e9 muito mut\u00e1vel, aconselhamos que consulte os organismos p\u00fablicos onde estes procedimentos s\u00e3o tramitados para saber quais os requisitos necess\u00e1rios, uma vez que estes podem mudar em rela\u00e7\u00e3o ao que aqui disponibilizamos. Considere esta informa\u00e7\u00e3o como um primeiro guia e abordagem a este processo.<\/strong><\/p>\n<\/div><\/div><\/div><\/div><div class=\"panel panel-default wpb_accordion_section group\"><div class=\"panel-heading wpb_accordion_header ui-accordion-header\"><p class=\"panel-title font-weight- text-   icon-size-rg\"><a data-toggle=\"collapse\" data-parent=\"#accordion_2087854655\" href=\"#1658839656-2-13\"><span>Documentos necess\u00e1rios<\/span><\/a><\/p><\/div><div id=\"1658839656-2-13\" class=\"panel-collapse collapse\"><div class=\"panel-body wpb_accordion_content ui-accordion-content half-internal-gutter single-block-padding\">\n\t\t\t\t\t\t<div class=\"uncode_text_column\" ><p>A primeira coisa a fazer \u00e9 solicitar uma marca\u00e7\u00e3o na Pol\u00edcia (Departamento de extranjer\u00eda) localizada na Avenida Padre Piquer n\u00ba 18, Madrid 28024 no Metro Campamento ou Metro Empalme. A marca\u00e7\u00e3o deve ser feita online neste link:<br \/>\n<a href=\"https:\/\/icp.administracionelectronica.gob.es\/icpplus\/index.html\" target=\"_blank\" rel=\"noopener\">https:\/\/icp.administracionelectronica.gob.es\/icpplus\/index.html<\/a><\/p>\n<p>Quando vir qual a prov\u00edncia a escolher, dever\u00e1 escolher Madrid, e depois quando vir qual o centro a escolher para a sua nomea\u00e7\u00e3o, dever\u00e1 escolher o centro ou CNP Padre Piquer 18. Uma vez escolhido este centro, ver\u00e1 que como procedimento ver\u00e1 a POLICIA-CERTIFICADO DE REGISTRO DE CIUDADADADANO DE LA UNI\u00d3N. A\u00ed, clique em aceitar, e ter\u00e1 de introduzir os seus dados para solicitar a sua nomea\u00e7\u00e3o num dia e numa hora espec\u00edficos. Antes de ir \u00e0 sua consulta, deve trazer pelo menos esta documenta\u00e7\u00e3o:<\/p>\n<p>&#8211; Formul\u00e1rio de candidatura (Ex-18) (original e fotoc\u00f3pia).<br \/>\n&#8211; Passaporte ou bilhete de identidade v\u00e1lido (original e c\u00f3pia).<br \/>\n&#8211; Certificado de matr\u00edcula do centro de estudos (original e c\u00f3pia). Este documento ser\u00e1 fornecido por <strong>Hablamos<\/strong> depois de se ter inscrito.<br \/>\n&#8211; 4 fotografias em tamanho de passaporte<br \/>\n&#8211; Cart\u00e3o Europeu de Seguro de Sa\u00fade ou ap\u00f3lice de seguro privado que cobre todos os riscos em Espanha durante todo o per\u00edodo de estudos (original e c\u00f3pia). Se a ap\u00f3lice tiver sido elaborada no pa\u00eds de origem, deve tamb\u00e9m ser fornecida uma tradu\u00e7\u00e3o.<br \/>\n&#8211; Deve dispor de meios financeiros, documentos comprovativos ou documenta\u00e7\u00e3o que credencie estes recursos.<\/p>\n<\/div><\/div><\/div><\/div><div class=\"panel panel-default wpb_accordion_section group\"><div class=\"panel-heading wpb_accordion_header ui-accordion-header\"><p class=\"panel-title font-weight- text-   icon-size-rg\"><a data-toggle=\"collapse\" data-parent=\"#accordion_2087854655\" href=\"#1658840038404-2-6\"><span>Pagamento de taxas<\/span><\/a><\/p><\/div><div id=\"1658840038404-2-6\" class=\"panel-collapse collapse\"><div class=\"panel-body wpb_accordion_content ui-accordion-content half-internal-gutter single-block-padding\">\n\t\t\t\t\t\t<div class=\"uncode_text_column\" ><p>Para al\u00e9m dos documentos acima listados, deve pagar uma taxa ou imposto antes de ir \u00e0 sua nomea\u00e7\u00e3o:<\/p>\n<p>Certificado de Registo de Residente Comunit\u00e1rio ou Cart\u00e3o de Resid\u00eancia de um membro da fam\u00edlia de um cidad\u00e3o da Uni\u00e3o Europeia custa: <strong>12 euros (estes pre\u00e7os podem mudar).<\/strong><\/p>\n<p>Sobre este modelo: <a href=\"https:\/\/sede.policia.gob.es\/Tasa790_012\/\" target=\"_blank\" rel=\"noopener\">https:\/\/sede.policia.gob.es\/Tasa790_012\/<\/a><\/p>\n<p>Esta taxa \u00e9 descarregada e paga num banco e com este documento e o resto da documenta\u00e7\u00e3o que tem de trazer, pode ir \u00e0 sua consulta para se candidatar ao seu NIE.<\/p>\n<\/div><\/div><\/div><\/div><div class=\"panel panel-default wpb_accordion_section group\"><div class=\"panel-heading wpb_accordion_header ui-accordion-header\"><p class=\"panel-title font-weight- text-   icon-size-rg\"><a data-toggle=\"collapse\" data-parent=\"#accordion_2087854655\" href=\"#1658840095170-3-6\"><span>Apresenta\u00e7\u00e3o de documenta\u00e7\u00e3o<\/span><\/a><\/p><\/div><div id=\"1658840095170-3-6\" class=\"panel-collapse collapse\"><div class=\"panel-body wpb_accordion_content ui-accordion-content half-internal-gutter single-block-padding\">\n\t\t\t\t\t\t<div class=\"uncode_text_column\" ><p>Com esta documenta\u00e7\u00e3o, deve marcar uma entrevista nos\u00a0<a href=\"https:\/\/www.mptfp.gob.es\/portal\/delegaciones_gobierno\/extranjeria\/extranjeria_ddgg.html\" target=\"_blank\" rel=\"noopener\">Servi\u00e7os de Imigra\u00e7\u00e3o<\/a>\u00a0em Madrid ou na prov\u00edncia onde vai ficar ou onde vai residir ou, na sua falta, nas esquadras de\u00a0<a href=\"https:\/\/sede.policia.gob.es\/portalCiudadano\/_es\/dependencias_localizador.php\" target=\"_blank\" rel=\"noopener\">pol\u00edcia<\/a> correspondentes. Deve faz\u00ea-lo pessoalmente no prazo de tr\u00eas meses a partir da data de entrada em Espanha.<\/p>\n<\/div><\/div><\/div><\/div>\n\t\t<\/div><\/div><div class=\"uncode_text_column\" ><p><strong>Como pode verificar, este processo \u00e9 um pouco trabalhoso. Se se inscrever no Hablamos, n\u00f3s ajudamo-lo com toda a documenta\u00e7\u00e3o.<\/strong><\/p>\n<\/div><\/div><\/div><\/div><\/div><\/div><script id=\"script-row-unique-12\" data-row=\"script-row-unique-12\" type=\"text\/javascript\" class=\"vc_controls\">UNCODE.initRow(document.getElementById(\"row-unique-12\"));<\/script><\/div><\/div><\/div><div data-parent=\"true\" class=\"vc_row has-bg need-focus style-accent-bg row-container mobile-hidden\" id=\"row-unique-26\"><div class=\"row limit-width row-parent\"><div class=\"wpb_row row-inner\"><div class=\"wpb_column pos-top pos-center align_center column_parent col-lg-12 single-internal-gutter\"><div class=\"uncol style-light\"  ><div class=\"uncoltable\"><div class=\"uncell no-block-padding\" ><div class=\"uncont\" ><div class=\"vc_custom_heading_wrap mobile-hidden\"><div class=\"heading-text el-text\" ><h2 class=\"h1 text-color-xsdn-color\" ><span>Isto \u00e9 <span class=\"split-word uncode-rotating-span uncode-rotating-text-start\" data-text=\"a sua escola de espanhol em Madrid|muito mais do que aprender espanhol|Hablamos\" data-fx=\"zoom\" data-wait=\"3000\">&nbsp;<\/span><span class=\"split-word word1\"><span class=\"split-word-flow\"><span class=\"split-word-inner\"><span class=\"split-char char92\">H<\/span><span class=\"split-char char93\">a<\/span><span class=\"split-char char94\">b<\/span><span class=\"split-char char95\">l<\/span><span class=\"split-char char96\">a<\/span><span class=\"split-char char97\">m<\/span><span class=\"split-char char98\">o<\/span><span class=\"split-char char99\">s<\/span><\/span><\/span><\/span><span class=\"split-word uncode-rotating-span uncode-rotating-text-end\">&nbsp;<\/span><\/span><\/h2><\/div><div class=\"clear\"><\/div><\/div><\/div><\/div><\/div><\/div><\/div><script id=\"script-row-unique-26\" data-row=\"script-row-unique-26\" type=\"text\/javascript\" class=\"vc_controls\">UNCODE.initRow(document.getElementById(\"row-unique-26\"));<\/script><\/div><\/div><\/div><div data-parent=\"true\" class=\"vc_row has-bg need-focus style-accent-bg row-container desktop-hidden tablet-hidden\" id=\"row-unique-27\"><div class=\"row limit-width row-parent\"><div class=\"wpb_row row-inner\"><div class=\"wpb_column pos-top pos-center align_center column_parent col-lg-12 single-internal-gutter\"><div class=\"uncol style-light\"  ><div class=\"uncoltable\"><div class=\"uncell no-block-padding\" ><div class=\"uncont\" ><div class=\"vc_custom_heading_wrap desktop-hidden tablet-hidden\"><div class=\"heading-text el-text\" ><h2 class=\"h1 text-color-xsdn-color\" ><span>Isto \u00e9 <span class=\"split-word uncode-rotating-span uncode-rotating-text-start\" data-text=\"a sua escola de espanhol em Madrid|Hablamos\" data-fx=\"zoom\" data-wait=\"3000\">&nbsp;<\/span><span class=\"split-word word1\"><span class=\"split-word-flow\"><span class=\"split-word-inner\"><span class=\"split-char char92\">H<\/span><span class=\"split-char char93\">a<\/span><span class=\"split-char char94\">b<\/span><span class=\"split-char char95\">l<\/span><span class=\"split-char char96\">a<\/span><span class=\"split-char char97\">m<\/span><span class=\"split-char char98\">o<\/span><span class=\"split-char char99\">s<\/span><\/span><\/span><\/span><span class=\"split-word uncode-rotating-span uncode-rotating-text-end\">&nbsp;<\/span><\/span><\/h2><\/div><div class=\"clear\"><\/div><\/div><\/div><\/div><\/div><\/div><\/div><script id=\"script-row-unique-27\" data-row=\"script-row-unique-27\" type=\"text\/javascript\" class=\"vc_controls\">UNCODE.initRow(document.getElementById(\"row-unique-27\"));<\/script><\/div><\/div><\/div><div data-parent=\"true\" class=\"vc_row row-container\" id=\"row-unique-28\"><div class=\"row double-top-padding double-bottom-padding single-h-padding limit-width row-parent\"><div class=\"wpb_row row-inner\"><div class=\"wpb_column pos-top pos-center align_center column_parent col-lg-12 single-internal-gutter\"><div class=\"uncol style-light\"  ><div class=\"uncoltable\"><div class=\"uncell no-block-padding\" ><div class=\"uncont\" ><span class=\"btn-container btn-inline animate_when_almost_visible left-t-right\" ><a role=\"button\"  href=\"https:\/\/www.escuela-hablamos.com\/pt\/contact-hablamos\/\" class=\"custom-link btn border-width-0 btn-accent btn-no-scale btn-icon-left\" title=\"Contact Hablamos\">Falamos?<\/a><\/span><span class=\"btn-container btn-inline animate_when_almost_visible right-t-left\" ><a role=\"button\"  href=\"#\" class=\"custom-link btn border-width-0 popmake-1853 btn-Hablamos-blue btn-no-scale btn-icon-left\" title=\"Contact Hablamos\">Quer a nossa newsletter?<\/a><\/span><\/div><\/div><\/div><\/div><\/div><script id=\"script-row-unique-28\" data-row=\"script-row-unique-28\" type=\"text\/javascript\" class=\"vc_controls\">UNCODE.initRow(document.getElementById(\"row-unique-28\"));<\/script><\/div><\/div><\/div>\n<\/div>","protected":false},"excerpt":{"rendered":"<p>At Hablamos, we help you with all the necessary formalities to get your NIE<\/p>","protected":false},"author":2,"featured_media":2254,"parent":0,"menu_order":0,"comment_status":"closed","ping_status":"closed","template":"","meta":{"iawp_total_views":799,"footnotes":""},"class_list":["post-2250","page","type-page","status-publish","has-post-thumbnail","hentry"],"_links":{"self":[{"href":"https:\/\/www.escuela-hablamos.com\/pt\/wp-json\/wp\/v2\/pages\/2250","targetHints":{"allow":["GET"]}}],"collection":[{"href":"https:\/\/www.escuela-hablamos.com\/pt\/wp-json\/wp\/v2\/pages"}],"about":[{"href":"https:\/\/www.escuela-hablamos.com\/pt\/wp-json\/wp\/v2\/types\/page"}],"author":[{"embeddable":true,"href":"https:\/\/www.escuela-hablamos.com\/pt\/wp-json\/wp\/v2\/users\/2"}],"replies":[{"embeddable":true,"href":"https:\/\/www.escuela-hablamos.com\/pt\/wp-json\/wp\/v2\/comments?post=2250"}],"version-history":[{"count":44,"href":"https:\/\/www.escuela-hablamos.com\/pt\/wp-json\/wp\/v2\/pages\/2250\/revisions"}],"predecessor-version":[{"id":157990,"href":"https:\/\/www.escuela-hablamos.com\/pt\/wp-json\/wp\/v2\/pages\/2250\/revisions\/157990"}],"wp:featuredmedia":[{"embeddable":true,"href":"https:\/\/www.escuela-hablamos.com\/pt\/wp-json\/wp\/v2\/media\/2254"}],"wp:attachment":[{"href":"https:\/\/www.escuela-hablamos.com\/pt\/wp-json\/wp\/v2\/media?parent=2250"}],"curies":[{"name":"wp","href":"https:\/\/api.w.org\/{rel}","templated":true}]}}