{"id":178,"date":"2022-05-27T13:22:10","date_gmt":"2022-05-27T13:22:10","guid":{"rendered":"https:\/\/www.escuela-hablamos.com\/?page_id=178"},"modified":"2026-03-05T08:00:52","modified_gmt":"2026-03-05T08:00:52","slug":"where-to-stay","status":"publish","type":"page","link":"https:\/\/www.escuela-hablamos.com\/pt\/where-to-stay\/","title":{"rendered":"Onde Ficar"},"content":{"rendered":"<div class=\"wpb-content-wrapper\"><div data-parent=\"true\" class=\"vc_row row-container desktop-hidden\" id=\"row-unique-0\"><div class=\"row no-top-padding no-bottom-padding no-h-padding full-width row-parent\"><div class=\"wpb_row row-inner\"><div class=\"wpb_column pos-top pos-center align_left column_parent col-lg-12 single-internal-gutter\"><div class=\"uncol style-light\"  ><div class=\"uncoltable\"><div class=\"uncell no-block-padding\" ><div class=\"uncont\" ><div class=\"uncode-single-media  text-left\"><div class=\"single-wrapper\" style=\"max-width: 100%;\"><div class=\"tmb tmb-light  tmb-media-first tmb-media-last tmb-content-overlay tmb-no-bg\"><div class=\"t-inside\"><div class=\"t-entry-visual\"><div class=\"t-entry-visual-tc\"><div class=\"uncode-single-media-wrapper\"><img decoding=\"async\" class=\"wp-image-1521\" src=\"https:\/\/www.escuela-hablamos.com\/wp-content\/uploads\/2022\/08\/stay-madrid.jpg\" width=\"1200\" height=\"800\" alt=\"Hablamos, your Spanish language school in Madrid\" srcset=\"https:\/\/www.escuela-hablamos.com\/wp-content\/uploads\/2022\/08\/stay-madrid.jpg 1200w, https:\/\/www.escuela-hablamos.com\/wp-content\/uploads\/2022\/08\/stay-madrid-300x200.jpg 300w, https:\/\/www.escuela-hablamos.com\/wp-content\/uploads\/2022\/08\/stay-madrid-1024x683.jpg 1024w, https:\/\/www.escuela-hablamos.com\/wp-content\/uploads\/2022\/08\/stay-madrid-768x512.jpg 768w, https:\/\/www.escuela-hablamos.com\/wp-content\/uploads\/2022\/08\/stay-madrid-18x12.jpg 18w, https:\/\/www.escuela-hablamos.com\/wp-content\/uploads\/2022\/08\/stay-madrid-uai-720x480.jpg 720w, https:\/\/www.escuela-hablamos.com\/wp-content\/uploads\/2022\/08\/stay-madrid-uai-1032x688.jpg 1032w\" sizes=\"(max-width: 1200px) 100vw, 1200px\" \/><\/div>\n\t\t\t\t\t<\/div>\n\t\t\t\t<\/div><\/div><\/div><\/div><\/div><\/div><\/div><\/div><\/div><\/div><script id=\"script-row-unique-0\" data-row=\"script-row-unique-0\" type=\"text\/javascript\" class=\"vc_controls\">UNCODE.initRow(document.getElementById(\"row-unique-0\"));<\/script><\/div><\/div><\/div><div data-parent=\"true\" class=\"vc_row row-container\" id=\"row-unique-6\"><div class=\"row unequal no-top-padding no-bottom-padding no-h-padding limit-width row-parent\"><div class=\"wpb_row row-inner\"><div class=\"wpb_column pos-top pos-center align_left column_parent col-lg-5 tablet-hidden mobile-hidden single-internal-gutter\"><div class=\"uncol style-light sticky-element sticky-sidebar animate_when_almost_visible left-t-right\"  ><div class=\"uncoltable\" style=\"min-height: 340px;\"><div class=\"uncell single-block-padding\" ><div class=\"uncont\" ><div class=\"empty-space empty-quart\" ><span class=\"empty-space-inner\"><\/span><\/div>\n<div class=\"uncode-single-media  text-center\"><div class=\"single-wrapper\" style=\"max-width: 100%;\"><div class=\"tmb tmb-light  tmb-media-first tmb-media-last tmb-content-overlay tmb-no-bg\"><div class=\"t-inside\"><div class=\"t-entry-visual\"><div class=\"t-entry-visual-tc\"><div class=\"uncode-single-media-wrapper\"><img decoding=\"async\" class=\"wp-image-1431\" src=\"https:\/\/www.escuela-hablamos.com\/wp-content\/uploads\/2022\/08\/living.jpg\" width=\"1000\" height=\"1000\" alt=\"Hablamos, your Spanish language school in Madrid\" srcset=\"https:\/\/www.escuela-hablamos.com\/wp-content\/uploads\/2022\/08\/living.jpg 1000w, https:\/\/www.escuela-hablamos.com\/wp-content\/uploads\/2022\/08\/living-300x300.jpg 300w, https:\/\/www.escuela-hablamos.com\/wp-content\/uploads\/2022\/08\/living-150x150.jpg 150w, https:\/\/www.escuela-hablamos.com\/wp-content\/uploads\/2022\/08\/living-768x768.jpg 768w, https:\/\/www.escuela-hablamos.com\/wp-content\/uploads\/2022\/08\/living-12x12.jpg 12w, https:\/\/www.escuela-hablamos.com\/wp-content\/uploads\/2022\/08\/living-uai-720x720.jpg 720w\" sizes=\"(max-width: 1000px) 100vw, 1000px\" \/><\/div>\n\t\t\t\t\t<\/div>\n\t\t\t\t<\/div><\/div><\/div><\/div><\/div><div class=\"empty-space empty-quart\" ><span class=\"empty-space-inner\"><\/span><\/div>\n<\/div><\/div><\/div><\/div><\/div><div class=\"wpb_column pos-middle pos-left align_left column_parent col-lg-7 single-internal-gutter\"><div class=\"uncol style-light animate_when_almost_visible right-t-left\"  ><div class=\"uncoltable\"><div class=\"uncell single-block-padding\" ><div class=\"uncont\" ><div class=\"uncode_text_column\" ><p>Em <mark>Hablamos<\/mark>,<\/p>\n<p>temos alguns apartamentos pr\u00f3prios e colaboramos com algumas fam\u00edlias de acolhimento, mas uma vez que todos estes alojamentos est\u00e3o cheios, cabe ao estudante encontrar o melhor alojamento que se adapte \u00e0s suas prefer\u00eancias. Por este motivo, apresentamos abaixo uma lista de poss\u00edveis alojamentos, alguns muito pr\u00f3ximos da nossa escola em Madrid e outros a uma dist\u00e2ncia razo\u00e1vel.<\/p>\n<p>Aconselhamos-te a fazer uma pesquisa comparativa nos hot\u00e9is, albergues, apartamentos, espa\u00e7os de conviv\u00eancia e quartos compartilhados que encontrar\u00e1s nos links que te mostramos logo abaixo deste texto. Se tiveres alguma d\u00favida, podes contactar-nos e n\u00f3s ajudar-te-emos a esclarecer todas as tuas quest\u00f5es. A nossa escola fica a 5 minutos a p\u00e9 da principal esta\u00e7\u00e3o de comboios da capital<span style=\"font-family: -apple-system, BlinkMacSystemFont, 'Segoe UI', Roboto, Oxygen-Sans, Ubuntu, Cantarell, 'Helvetica Neue', sans-serif;\">, <\/span><a style=\"font-family: -apple-system, BlinkMacSystemFont, 'Segoe UI', Roboto, Oxygen-Sans, Ubuntu, Cantarell, 'Helvetica Neue', sans-serif;\" href=\"https:\/\/www.google.com\/maps\/place\/Estaci%C3%B3n+Madrid+-+Puerta+de+Atocha\/@40.4052029,-3.6907913,17z\/data=!4m9!1m2!2m1!1sestacion+de+atocha+madrid!3m5!1s0xd42262445cdd817:0x3947f9c28d65035b!8m2!3d40.4050269!4d-3.6883126!15sChllc3RhY2lvbiBkZSBhdG9jaGEgbWFkcmlkWhsiGWVzdGFjaW9uIGRlIGF0b2NoYSBtYWRyaWSSAQ90cmFuc2l0X3N0YXRpb24\" target=\"_blank\" rel=\"noopener\">Madrid Puerta de Atocha-Almudena Grandes<\/a><span style=\"font-family: -apple-system, BlinkMacSystemFont, 'Segoe UI', Roboto, Oxygen-Sans, Ubuntu, Cantarell, 'Helvetica Neue', sans-serif;\">.<\/span><\/p>\n<\/div><div class=\"empty-space empty-quart\" ><span class=\"empty-space-inner\"><\/span><\/div>\n<div class=\"vc_custom_heading_wrap\"><div class=\"heading-text el-text\" ><h2 class=\"h4\" ><span><mark>ONDE FICAR<\/mark><\/span><\/h2><\/div><div class=\"clear\"><\/div><\/div><div class=\"uncode-accordion wpb_accordion wpb_content_element  sign-size-rg default-typography w-border\" data-collapsible=\"no\" data-target=\"\" data-active-tab=\"0\" >\n\t\t<div class=\"panel-group wpb_wrapper wpb_accordion_wrapper\" id=\"accordion_2106258323\" data-no-toggle=\"\">\n\n<div class=\"panel panel-default wpb_accordion_section group\"><div class=\"panel-heading wpb_accordion_header ui-accordion-header\"><p class=\"panel-title font-weight- text-   icon-size-rg\"><a data-toggle=\"collapse\" data-parent=\"#accordion_2106258323\" href=\"#1658837132-1-91\"><span>Hot\u00e9is<\/span><\/a><\/p><\/div><div id=\"1658837132-1-91\" class=\"panel-collapse collapse\"><div class=\"panel-body wpb_accordion_content ui-accordion-content half-internal-gutter single-block-padding\">\n\t\t\t\t\t\t<div class=\"uncode-wrapper uncode-list\" >\n<ul>\n<li><a href=\"https:\/\/www.google.com\/travel\/hotels\/s\/gZU4dLdpGnWpyYYMA\" target=\"_blank\" rel=\"noopener\">HOTEL CC ATOCHA<\/a> (2 ESTRELAS)<\/li>\n<li><a href=\"https:\/\/www.google.com\/travel\/hotels\/s\/Co6E6tSZwNE1fcvn7\" target=\"_blank\" rel=\"noopener\">HOTEL SLEEP&#8217;N ATOCHA<\/a> (2 ESTRELAS)<\/li>\n<li><a href=\"https:\/\/www.google.com\/travel\/hotels\/s\/4Z66EfbRfG1gj5W48\" target=\"_blank\" rel=\"noopener\">UMA SUITES ATOCHA<\/a><\/li>\n<li><a href=\"https:\/\/www.google.com\/travel\/hotels\/s\/v9CpBsPCoQMCNEk28\" target=\"_blank\" rel=\"noopener\">HOTEL GRAN LEGAZPI<\/a> (3 ESTRELAS)<\/li>\n<li><a href=\"https:\/\/www.google.com\/travel\/hotels\/s\/Rv7E1k2Xm6PfGBZ59\" target=\"_blank\" rel=\"noopener\">HOTEL NUMA<\/a> (3 ESTRELAS)<\/li>\n<li><a href=\"https:\/\/www.google.com\/travel\/hotels\/s\/JRTxen7AQPWCnonF7\" target=\"_blank\" rel=\"noopener\">HOTEL 8ROMS<\/a> (3 ESTRELAS)<\/li>\n<\/ul>\n<\/div><div class=\"empty-space empty-half\" ><span class=\"empty-space-inner\"><\/span><\/div>\n<div class=\"uncode-wrapper uncode-list\" >Estes s\u00e3o os principais portais para a procura de hot\u00e9is em Madrid:<\/p>\n<ul>\n<li><a href=\"https:\/\/www.booking.com\" target=\"_blank\" rel=\"noopener\">www.booking.com<\/a><\/li>\n<li><a href=\"https:\/\/www.hoteles.com\" target=\"_blank\" rel=\"noopener\">www.hoteles.com<\/a><\/li>\n<li><a href=\"https:\/\/www.trivago.com\" target=\"_blank\" rel=\"noopener\">www.trivago.com<\/a><\/li>\n<\/ul>\n<\/div><\/div><\/div><\/div><div class=\"panel panel-default wpb_accordion_section group\"><div class=\"panel-heading wpb_accordion_header ui-accordion-header\"><p class=\"panel-title font-weight- text-   icon-size-rg\"><a data-toggle=\"collapse\" data-parent=\"#accordion_2106258323\" href=\"#1658837132-2-94\"><span>Albergues<\/span><\/a><\/p><\/div><div id=\"1658837132-2-94\" class=\"panel-collapse collapse\"><div class=\"panel-body wpb_accordion_content ui-accordion-content half-internal-gutter single-block-padding\">\n\t\t\t\t\t\t<div class=\"uncode-wrapper uncode-list\" >\n<ul>\n<li><a href=\"https:\/\/www.latroupe.com\/es\/latroupe-prado\/hostel\/\" target=\"_blank\" rel=\"noopener\">LA TROUPE PRADO<\/a><\/li>\n<li><a href=\"https:\/\/www.hostalpatria.com\/\" target=\"_blank\" rel=\"noopener\">HOSTAL PATRIA<\/a><\/li>\n<li><a href=\"http:\/\/www.hostalnocheydia.com\/\" target=\"_blank\" rel=\"noopener\">HOSTAL NOCHE Y D\u00cdA<\/a><\/li>\n<li><a href=\"https:\/\/www.google.com\/travel\/hotels\/s\/SQADiuFzHTFxRt7R9\" target=\"_blank\" rel=\"noopener\">HOSTAL ALEGR\u00cdA<\/a><\/li>\n<li><a href=\"https:\/\/www.google.com\/travel\/hotels\/s\/yYLdq2YGbmZRaV1HA\" target=\"_blank\" rel=\"noopener\">HOSTAL BIARRITZ<\/a><\/li>\n<li><a href=\"https:\/\/www.google.com\/travel\/hotels\/s\/5Rxr37n7hSnzvmdR9\" target=\"_blank\" rel=\"noopener\">HOSTAL BARBIERI SOL<\/a><\/li>\n<li><a href=\"https:\/\/www.google.com\/travel\/hotels\/s\/YaCno8ATP8VCy5LN9\" target=\"_blank\" rel=\"noopener\">HOSTAL 2060 NEWTON<\/a><\/li>\n<li><a href=\"https:\/\/www.google.com\/travel\/hotels\/s\/xLYBGQ6wPVQuLif47\" target=\"_blank\" rel=\"noopener\">HOSTAL ESMERALDA<\/a><\/li>\n<\/ul>\n<\/div><\/div><\/div><\/div><div class=\"panel panel-default wpb_accordion_section group\"><div class=\"panel-heading wpb_accordion_header ui-accordion-header\"><p class=\"panel-title font-weight- text-   icon-size-rg\"><a data-toggle=\"collapse\" data-parent=\"#accordion_2106258323\" href=\"#1658837590938-2-4\"><span>Apartamentos, Espa\u00e7os de Coabita\u00e7\u00e3o, Salas Partilhadas<\/span><\/a><\/p><\/div><div id=\"1658837590938-2-4\" class=\"panel-collapse collapse\"><div class=\"panel-body wpb_accordion_content ui-accordion-content half-internal-gutter single-block-padding\">\n\t\t\t\t\t\t<div class=\"uncode-wrapper uncode-list\" >\n<ul>\n<li><a href=\"https:\/\/www.airbnb.es\/s\/Estaci%C3%B3n-de-Atocha--Madrid--Espa%C3%B1a\/homes?tab_id=home_tab&amp;refinement_paths%5B%5D=%2Fhomes&amp;flexible_trip_lengths%5B%5D=one_week&amp;place_id=ChIJHxwt544Koo0RgAeCbH63324&amp;date_picker_type=calendar&amp;source=structured_search_input_header&amp;search_type=autocomplete_click\" target=\"_blank\" rel=\"noopener\">AIRBNB<\/a><\/li>\n<li><a href=\"https:\/\/www.idealista.com\/alquiler-habitacion\/madrid-madrid\/\" target=\"_blank\" rel=\"noopener\">IDEALISTA<\/a><\/li>\n<li><a href=\"https:\/\/www.smartrentalliving.com\/\" target=\"_blank\" rel=\"noopener\">SMART RENTAL LIVING<\/a><\/li>\n<li><a href=\"https:\/\/www.pisocompartido.com\/\" target=\"_blank\" rel=\"noopener\">PISO COMPARTIDO<\/a><\/li>\n<li><a href=\"https:\/\/badi.com\/\" target=\"_blank\" rel=\"noopener\">BADI RENT A ROOM<\/a><\/li>\n<li><a href=\"https:\/\/www.nestpick.com\/\" target=\"_blank\" rel=\"noopener\">NEST PICK<\/a><\/li>\n<li><a href=\"https:\/\/sharedd.co\/madrid-coliving-accommodation\/?gclid=CjwKCAjwlqOXBhBqEiwA-hhitNiYMaiAyPWXVgBGFqxU5aiozM8k0D8QKR3z6U1TDMYV8kiGilZgzRoCBcUQAvD_BwE\" target=\"_blank\" rel=\"noopener\">SHAREDD, COLIVING<\/a><\/li>\n<li><a href=\"https:\/\/urbancampus.com\/es\/coliving-spaces\/atocha\/?utm_term=coliving%20madrid&amp;utm_campaign=Atocha+ES&amp;utm_source=adwords&amp;utm_medium=ppc&amp;hsa_acc=6279228539&amp;hsa_cam=17288617887&amp;hsa_grp=140445598681&amp;hsa_ad=598745296540&amp;hsa_src=g&amp;hsa_tgt=kwd-364583490182&amp;hsa_kw=coliving%20madrid&amp;hsa_mt=b&amp;hsa_net=adwords&amp;hsa_ver=3&amp;gclid=Cj0KCQjwuaiXBhCCARIsAKZLt3k2JjiQP_jEu9AoNsY4dt02lhE_PZhLgDlGpa1JIH6EqBs0Lmx6VSgaAm4-EALw_wcB\" target=\"_blank\" rel=\"noopener\">URBAN CAMPUS<\/a><\/li>\n<li><a href=\"https:\/\/www.coliveit.com\/es\/\" target=\"_blank\" rel=\"noopener\">COLIVEIT<\/a><\/li>\n<li><a href=\"https:\/\/www.kansocoliving.com\/\" target=\"_blank\" rel=\"noopener\">KANSO COLIVING<\/a><\/li>\n<li><a href=\"https:\/\/beliveresidence.com\/\" target=\"_blank\" rel=\"noopener\">BE LIVE RESIDENCE<\/a><\/li>\n<li><a href=\"https:\/\/residenciasvitium.com\/\" target=\"_blank\" rel=\"noopener\">VITIUM RESIDENCE<\/a><\/li>\n<li><a href=\"https:\/\/xior.es\/es-xior-residencia-estudiantes-madrid\/?gad_source=1&amp;gclid=Cj0KCQiApOyqBhDlARIsAGfnyMqeY9VBtlyjcQl52y_PDCPROHcXh4pjek9le6BoZa6LvXgWPhkTEHMaAjGJEALw_wcB\" target=\"_blank\" rel=\"noopener\">XIOR Student Housing<\/a><\/li>\n<li><a href=\"https:\/\/app.meit.es\/search?\" target=\"_blank\" rel=\"noopener\">MeiT<\/a><\/li>\n<li><a href=\"https:\/\/www.neelo.homes\/es\" target=\"_blank\" rel=\"noopener\">Neelo Homes<\/a><\/li>\n<\/ul>\n<\/div><\/div><\/div><\/div>\n\t\t<\/div><\/div><div class=\"empty-space empty-double\" ><span class=\"empty-space-inner\"><\/span><\/div>\n<\/div><\/div><\/div><\/div><\/div><script id=\"script-row-unique-6\" data-row=\"script-row-unique-6\" type=\"text\/javascript\" class=\"vc_controls\">UNCODE.initRow(document.getElementById(\"row-unique-6\"));<\/script><\/div><\/div><\/div><div data-parent=\"true\" class=\"vc_row has-bg need-focus style-accent-bg row-container mobile-hidden\" id=\"row-unique-20\"><div class=\"row limit-width row-parent\"><div class=\"wpb_row row-inner\"><div class=\"wpb_column pos-top pos-center align_center column_parent col-lg-12 single-internal-gutter\"><div class=\"uncol style-light\"  ><div class=\"uncoltable\"><div class=\"uncell no-block-padding\" ><div class=\"uncont\" ><div class=\"vc_custom_heading_wrap mobile-hidden\"><div class=\"heading-text el-text\" ><h2 class=\"h1 text-color-xsdn-color\" ><span>Isto \u00e9 <span class=\"split-word uncode-rotating-span uncode-rotating-text-start\" data-text=\"a sua escola de espanhol em Madrid|muito mais do que aprender espanhol|Hablamos\" data-fx=\"zoom\" data-wait=\"3000\">&nbsp;<\/span><span class=\"split-word word1\"><span class=\"split-word-flow\"><span class=\"split-word-inner\"><span class=\"split-char char92\">H<\/span><span class=\"split-char char93\">a<\/span><span class=\"split-char char94\">b<\/span><span class=\"split-char char95\">l<\/span><span class=\"split-char char96\">a<\/span><span class=\"split-char char97\">m<\/span><span class=\"split-char char98\">o<\/span><span class=\"split-char char99\">s<\/span><\/span><\/span><\/span><span class=\"split-word uncode-rotating-span uncode-rotating-text-end\">&nbsp;<\/span><\/span><\/h2><\/div><div class=\"clear\"><\/div><\/div><\/div><\/div><\/div><\/div><\/div><script id=\"script-row-unique-20\" data-row=\"script-row-unique-20\" type=\"text\/javascript\" class=\"vc_controls\">UNCODE.initRow(document.getElementById(\"row-unique-20\"));<\/script><\/div><\/div><\/div><div data-parent=\"true\" class=\"vc_row has-bg need-focus style-accent-bg row-container desktop-hidden tablet-hidden\" id=\"row-unique-21\"><div class=\"row limit-width row-parent\"><div class=\"wpb_row row-inner\"><div class=\"wpb_column pos-top pos-center align_center column_parent col-lg-12 single-internal-gutter\"><div class=\"uncol style-light\"  ><div class=\"uncoltable\"><div class=\"uncell no-block-padding\" ><div class=\"uncont\" ><div class=\"vc_custom_heading_wrap desktop-hidden tablet-hidden\"><div class=\"heading-text el-text\" ><h2 class=\"h1 text-color-xsdn-color\" ><span>Isto \u00e9 <span class=\"split-word uncode-rotating-span uncode-rotating-text-start\" data-text=\"a sua escola de espanhol em Madrid|Hablamos\" data-fx=\"zoom\" data-wait=\"3000\">&nbsp;<\/span><span class=\"split-word word1\"><span class=\"split-word-flow\"><span class=\"split-word-inner\"><span class=\"split-char char92\">H<\/span><span class=\"split-char char93\">a<\/span><span class=\"split-char char94\">b<\/span><span class=\"split-char char95\">l<\/span><span class=\"split-char char96\">a<\/span><span class=\"split-char char97\">m<\/span><span class=\"split-char char98\">o<\/span><span class=\"split-char char99\">s<\/span><\/span><\/span><\/span><span class=\"split-word uncode-rotating-span uncode-rotating-text-end\">&nbsp;<\/span><\/span><\/h2><\/div><div class=\"clear\"><\/div><\/div><\/div><\/div><\/div><\/div><\/div><script id=\"script-row-unique-21\" data-row=\"script-row-unique-21\" type=\"text\/javascript\" class=\"vc_controls\">UNCODE.initRow(document.getElementById(\"row-unique-21\"));<\/script><\/div><\/div><\/div><div data-parent=\"true\" class=\"vc_row row-container\" id=\"row-unique-22\"><div class=\"row double-top-padding double-bottom-padding single-h-padding limit-width row-parent\"><div class=\"wpb_row row-inner\"><div class=\"wpb_column pos-top pos-center align_center column_parent col-lg-12 single-internal-gutter\"><div class=\"uncol style-light\"  ><div class=\"uncoltable\"><div class=\"uncell no-block-padding\" ><div class=\"uncont\" ><span class=\"btn-container btn-inline animate_when_almost_visible left-t-right\" ><a role=\"button\"  href=\"https:\/\/www.escuela-hablamos.com\/pt\/contact-hablamos\/\" class=\"custom-link btn border-width-0 btn-accent btn-no-scale btn-icon-left\" title=\"Contact Hablamos\">Falamos?<\/a><\/span><span class=\"btn-container btn-inline animate_when_almost_visible right-t-left\" ><a role=\"button\"  href=\"#\" class=\"custom-link btn border-width-0 popmake-1853 btn-Hablamos-blue btn-no-scale btn-icon-left\" title=\"Contact Hablamos\">Quer a nossa newsletter?<\/a><\/span><\/div><\/div><\/div><\/div><\/div><script id=\"script-row-unique-22\" data-row=\"script-row-unique-22\" type=\"text\/javascript\" class=\"vc_controls\">UNCODE.initRow(document.getElementById(\"row-unique-22\"));<\/script><\/div><\/div><\/div>\n<\/div>","protected":false},"excerpt":{"rendered":"<p>We offer you a list of possible accommodation, some very close to our school in Madrid, and others at a reasonable distance<\/p>","protected":false},"author":2,"featured_media":1521,"parent":0,"menu_order":0,"comment_status":"closed","ping_status":"closed","template":"","meta":{"iawp_total_views":2987,"footnotes":""},"class_list":["post-178","page","type-page","status-publish","has-post-thumbnail","hentry"],"_links":{"self":[{"href":"https:\/\/www.escuela-hablamos.com\/pt\/wp-json\/wp\/v2\/pages\/178","targetHints":{"allow":["GET"]}}],"collection":[{"href":"https:\/\/www.escuela-hablamos.com\/pt\/wp-json\/wp\/v2\/pages"}],"about":[{"href":"https:\/\/www.escuela-hablamos.com\/pt\/wp-json\/wp\/v2\/types\/page"}],"author":[{"embeddable":true,"href":"https:\/\/www.escuela-hablamos.com\/pt\/wp-json\/wp\/v2\/users\/2"}],"replies":[{"embeddable":true,"href":"https:\/\/www.escuela-hablamos.com\/pt\/wp-json\/wp\/v2\/comments?post=178"}],"version-history":[{"count":48,"href":"https:\/\/www.escuela-hablamos.com\/pt\/wp-json\/wp\/v2\/pages\/178\/revisions"}],"predecessor-version":[{"id":157996,"href":"https:\/\/www.escuela-hablamos.com\/pt\/wp-json\/wp\/v2\/pages\/178\/revisions\/157996"}],"wp:featuredmedia":[{"embeddable":true,"href":"https:\/\/www.escuela-hablamos.com\/pt\/wp-json\/wp\/v2\/media\/1521"}],"wp:attachment":[{"href":"https:\/\/www.escuela-hablamos.com\/pt\/wp-json\/wp\/v2\/media?parent=178"}],"curies":[{"name":"wp","href":"https:\/\/api.w.org\/{rel}","templated":true}]}}