{"id":10162,"date":"2025-01-10T12:52:24","date_gmt":"2025-01-10T12:52:24","guid":{"rendered":"https:\/\/www.escuela-hablamos.com\/?page_id=10162"},"modified":"2025-11-12T11:20:06","modified_gmt":"2025-11-12T11:20:06","slug":"details-about-the-ccse-exam","status":"publish","type":"page","link":"https:\/\/www.escuela-hablamos.com\/pt\/details-about-the-ccse-exam\/","title":{"rendered":"Details about the CCSE exam"},"content":{"rendered":"<div class=\"wpb-content-wrapper\"><div data-parent=\"true\" class=\"vc_row row-container desktop-hidden\" id=\"row-unique-0\"><div class=\"row no-top-padding no-bottom-padding no-h-padding full-width row-parent\"><div class=\"wpb_row row-inner\"><div class=\"wpb_column pos-top pos-center align_left column_parent col-lg-12 single-internal-gutter\"><div class=\"uncol style-light\"  ><div class=\"uncoltable\"><div class=\"uncell no-block-padding\" ><div class=\"uncont\" ><div class=\"uncode-single-media  text-left\"><div class=\"single-wrapper\" style=\"max-width: 100%;\"><div class=\"tmb tmb-light  tmb-media-first tmb-media-last tmb-content-overlay tmb-no-bg\"><div class=\"t-inside\"><div class=\"t-entry-visual\"><div class=\"t-entry-visual-tc\"><div class=\"uncode-single-media-wrapper\"><img decoding=\"async\" class=\"wp-image-10163\" src=\"https:\/\/www.escuela-hablamos.com\/wp-content\/uploads\/2025\/01\/ccse.jpg\" width=\"1000\" height=\"1000\" alt=\"Examen CCSE en Hablamos\" srcset=\"https:\/\/www.escuela-hablamos.com\/wp-content\/uploads\/2025\/01\/ccse.jpg 1000w, https:\/\/www.escuela-hablamos.com\/wp-content\/uploads\/2025\/01\/ccse-300x300.jpg 300w, https:\/\/www.escuela-hablamos.com\/wp-content\/uploads\/2025\/01\/ccse-150x150.jpg 150w, https:\/\/www.escuela-hablamos.com\/wp-content\/uploads\/2025\/01\/ccse-768x768.jpg 768w, https:\/\/www.escuela-hablamos.com\/wp-content\/uploads\/2025\/01\/ccse-12x12.jpg 12w, https:\/\/www.escuela-hablamos.com\/wp-content\/uploads\/2025\/01\/ccse-350x350.jpg 350w, https:\/\/www.escuela-hablamos.com\/wp-content\/uploads\/2025\/01\/ccse-348x348.jpg 348w, https:\/\/www.escuela-hablamos.com\/wp-content\/uploads\/2025\/01\/ccse-uai-720x720.jpg 720w\" sizes=\"(max-width: 1000px) 100vw, 1000px\" \/><\/div>\n\t\t\t\t\t<\/div>\n\t\t\t\t<\/div><\/div><\/div><\/div><\/div><\/div><\/div><\/div><\/div><\/div><script id=\"script-row-unique-0\" data-row=\"script-row-unique-0\" type=\"text\/javascript\" class=\"vc_controls\">UNCODE.initRow(document.getElementById(\"row-unique-0\"));<\/script><\/div><\/div><\/div><div data-parent=\"true\" class=\"vc_row row-container\" id=\"row-unique-6\"><div class=\"row unequal no-top-padding no-bottom-padding no-h-padding limit-width row-parent\"><div class=\"wpb_row row-inner\"><div class=\"wpb_column pos-middle pos-left align_left column_parent col-lg-7 single-internal-gutter\"><div class=\"uncol style-light animate_when_almost_visible right-t-left\"  ><div class=\"uncoltable\"><div class=\"uncell single-block-padding\" ><div class=\"uncont\" ><div class=\"empty-space empty-quart\" ><span class=\"empty-space-inner\"><\/span><\/div>\n<div class=\"vc_custom_heading_wrap\"><div class=\"heading-text el-text\" ><h2 class=\"h4\" ><span><mark>TUDO O QUE H\u00c1 PARA SABER SOBRE O EXAME CCSE<\/mark><\/span><\/h2><\/div><div class=\"clear\"><\/div><\/div><div class=\"vc_custom_heading_wrap\"><div class=\"heading-text el-text\" ><h1 class=\"h2\" ><span>FAQs<\/span><\/h1><\/div><div class=\"clear\"><\/div><\/div><div class=\"uncode-accordion wpb_accordion wpb_content_element  sign-size-rg default-typography w-border\" data-collapsible=\"no\" data-target=\"\" data-active-tab=\"0\" >\n\t\t<div class=\"panel-group wpb_wrapper wpb_accordion_wrapper\" id=\"accordion_1658024767\" data-no-toggle=\"\">\n\n<div class=\"panel panel-default wpb_accordion_section group\"><div class=\"panel-heading wpb_accordion_header ui-accordion-header\"><p class=\"panel-title font-weight- text-   icon-size-rg\"><a data-toggle=\"collapse\" data-parent=\"#accordion_1658024767\" href=\"#1658837132-1-9161\"><span>O que \u00e9 o exame CCSE?<\/span><\/a><\/p><\/div><div id=\"1658837132-1-9161\" class=\"panel-collapse collapse\"><div class=\"panel-body wpb_accordion_content ui-accordion-content half-internal-gutter single-block-padding\">\n\t\t\t\t\t\t<div class=\"uncode_text_column\" ><p>A prova de conhecimentos constitucionais e socioculturais de Espanha (prova CCSE) \u00e9 uma prova de exame desenvolvida pelo Instituto Cervantes que avalia, atrav\u00e9s de diferentes tarefas, o conhecimento da Constitui\u00e7\u00e3o espanhola e da realidade social e cultural espanhola. \u00c9 um dos requisitos estabelecidos nas leis para a aquisi\u00e7\u00e3o da nacionalidade dos residentes em Espanha.<\/p>\n<\/div><\/div><\/div><\/div><div class=\"panel panel-default wpb_accordion_section group\"><div class=\"panel-heading wpb_accordion_header ui-accordion-header\"><p class=\"panel-title font-weight- text-   icon-size-rg\"><a data-toggle=\"collapse\" data-parent=\"#accordion_1658024767\" href=\"#1658837132-2-9421\"><span>Onde e quando se realiza o exame?<\/span><\/a><\/p><\/div><div id=\"1658837132-2-9421\" class=\"panel-collapse collapse\"><div class=\"panel-body wpb_accordion_content ui-accordion-content half-internal-gutter single-block-padding\">\n\t\t\t\t\t\t<div class=\"uncode_text_column\" ><p>Os exames CCSE s\u00e3o realizados na rede de centros de exame oficiais do Instituto Cervantes em Espanha. Anualmente, s\u00e3o realizados 10 exames oficiais ao longo do ano, na \u00faltima quinta-feira de cada m\u00eas, exceto em dezembro e agosto. <strong>Para o ano de 2026, estas s\u00e3o as datas dispon\u00edveis:<\/strong><\/p>\n<div style=\"overflow-x: auto;\">\n<table>\n<tbody>\n<tr style=\"background-color: #ebf2f7;\">\n<td>Datas dos exames<\/td>\n<td>Prova escrita<\/td>\n<td>Prazo de inscri\u00e7\u00e3o<\/td>\n<\/tr>\n<tr>\n<td>Janeiro<\/td>\n<td>Quinta-feira, 29 Janeiro<\/td>\n<td>8 Janeiro<\/td>\n<\/tr>\n<tr>\n<td>Fevereiro<\/td>\n<td>Quinta-feira, 26 Fevereiro<\/td>\n<td>5 Fevereiro<\/td>\n<\/tr>\n<tr>\n<td>Mar\u00e7o<\/td>\n<td>Quinta-feira, 26 Mar\u00e7o<\/td>\n<td>5 Mar\u00e7o<\/td>\n<\/tr>\n<tr>\n<td>Abril<\/td>\n<td>Quinta-feira, 30 Abril<\/td>\n<td>9 Abril<\/td>\n<\/tr>\n<tr>\n<td>Maio<\/td>\n<td>Quinta-feira, 28 Maio<\/td>\n<td>7 Maio<\/td>\n<\/tr>\n<tr>\n<td>Junho<\/td>\n<td>Quinta-feira, 25 Junho<\/td>\n<td>4 Junho<\/td>\n<\/tr>\n<tr>\n<td>Julho<\/td>\n<td>Quinta-feira, 30 Julho<\/td>\n<td>9 Julho<\/td>\n<\/tr>\n<tr>\n<td>Setembro<\/td>\n<td>Quinta-feira, 24 Setembro<\/td>\n<td>3 Setembro<\/td>\n<\/tr>\n<tr>\n<td>Outubro<\/td>\n<td>Quinta-feira, 29 Outubro<\/td>\n<td>8 Outubro<\/td>\n<\/tr>\n<tr>\n<td>Novembro<\/td>\n<td>Quinta-feira, 26 Novembro<\/td>\n<td>5 Novembro<\/td>\n<\/tr>\n<\/tbody>\n<\/table>\n<\/div>\n<p>\n<\/div><\/div><\/div><\/div><div class=\"panel panel-default wpb_accordion_section group\"><div class=\"panel-heading wpb_accordion_header ui-accordion-header\"><p class=\"panel-title font-weight- text-   icon-size-rg\"><a data-toggle=\"collapse\" data-parent=\"#accordion_1658024767\" href=\"#1658837590938-2-468\"><span>Como \u00e9 o exame?<\/span><\/a><\/p><\/div><div id=\"1658837590938-2-468\" class=\"panel-collapse collapse\"><div class=\"panel-body wpb_accordion_content ui-accordion-content half-internal-gutter single-block-padding\">\n\t\t\t\t\t\t<div class=\"uncode_text_column\" ><p>O teste consiste em cinco tarefas com 25 perguntas de escolha m\u00faltipla (3 op\u00e7\u00f5es de resposta fechada), ou verdadeiro\/falso, sobre conhecimentos constitucionais e socioculturais de Espanha. Para passar no teste, ter\u00e1 de responder corretamente a 15 das 25 perguntas.<br \/>\nO teste tem a dura\u00e7\u00e3o de 45 minutos.<\/p>\n<\/div><\/div><\/div><\/div><div class=\"panel panel-default wpb_accordion_section group\"><div class=\"panel-heading wpb_accordion_header ui-accordion-header\"><p class=\"panel-title font-weight- text-   icon-size-rg\"><a data-toggle=\"collapse\" data-parent=\"#accordion_1658024767\" href=\"#1658837594814-3-972\"><span>Quanto custa o exame e como posso inscrever-me?<\/span><\/a><\/p><\/div><div id=\"1658837594814-3-972\" class=\"panel-collapse collapse\"><div class=\"panel-body wpb_accordion_content ui-accordion-content half-internal-gutter single-block-padding\">\n\t\t\t\t\t\t<div class=\"uncode_text_column\" ><p>O pre\u00e7o do exame CCSE \u00e9 de 85 euros e d\u00e1 direito a duas oportunidades.<\/p>\n<p>A inscri\u00e7\u00e3o para este exame e o pagamento das taxas podem ser efectuados atrav\u00e9s do site oficial do Instituto Cervantes<span style=\"font-family: -apple-system, BlinkMacSystemFont, 'Segoe UI', Roboto, Oxygen-Sans, Ubuntu, Cantarell, 'Helvetica Neue', sans-serif;\"> (<\/span><a style=\"font-family: -apple-system, BlinkMacSystemFont, 'Segoe UI', Roboto, Oxygen-Sans, Ubuntu, Cantarell, 'Helvetica Neue', sans-serif;\" href=\"https:\/\/examenes.cervantes.es\/es\" target=\"_blank\" rel=\"noopener\">https:\/\/examenes.cervantes.es\/es<\/a><span style=\"font-family: -apple-system, BlinkMacSystemFont, 'Segoe UI', Roboto, Oxygen-Sans, Ubuntu, Cantarell, 'Helvetica Neue', sans-serif;\">).<\/span><\/p>\n<p>Em Hablamos oferecemos todas as datas dos exames. Pode inscrever-se diretamente atrav\u00e9s do link abaixo.<\/p>\n<div style=\"overflow-x: auto;\">\n<table>\n<tbody>\n<tr>\n<td>CCSE<\/td>\n<td>Janeiro 26<\/td>\n<td>Centro normal<\/td>\n<td><a href=\"https:\/\/examenes.cervantes.es\/es\/ccse\/donde?country=es&amp;field_region_value=857&amp;field_province_value=4005&amp;field_fecha_examen_value=2-01-2026&amp;field_tipo_de_examen_value=18&amp;keys=hablamos\" target=\"_blank\" rel=\"noopener\">Link de registo<\/a><\/td>\n<\/tr>\n<tr>\n<td>CCSE<\/td>\n<td>Fevereiro 26<\/td>\n<td>Centro normal<\/td>\n<td><a href=\"https:\/\/examenes.cervantes.es\/es\/ccse\/donde?country=es&amp;field_region_value=857&amp;field_province_value=4005&amp;field_fecha_examen_value=2-02-2026&amp;field_tipo_de_examen_value=18&amp;keys=hablamos\" target=\"_blank\" rel=\"noopener\">Link de registo<\/a><\/td>\n<\/tr>\n<tr>\n<td>CCSE<\/td>\n<td>Mar\u00e7o 26<\/td>\n<td>Centro normal<\/td>\n<td><a href=\"https:\/\/examenes.cervantes.es\/es\/ccse\/donde?country=es&amp;field_region_value=857&amp;field_province_value=4005&amp;field_fecha_examen_value=2-03-2026&amp;field_tipo_de_examen_value=18&amp;keys=hablamos\" target=\"_blank\" rel=\"noopener\">Link de registo<\/a><\/td>\n<\/tr>\n<tr>\n<td>CCSE<\/td>\n<td>Abril 26<\/td>\n<td>Centro normal<\/td>\n<td><a href=\"https:\/\/examenes.cervantes.es\/es\/ccse\/donde?country=es&amp;field_region_value=857&amp;field_province_value=4005&amp;field_fecha_examen_value=2-04-2026&amp;field_tipo_de_examen_value=18&amp;keys=hablamos\" target=\"_blank\" rel=\"noopener\">Link de registo<\/a><\/td>\n<\/tr>\n<tr>\n<td>CCSE<\/td>\n<td>Maio 26<\/td>\n<td>Centro normal<\/td>\n<td><a href=\"https:\/\/examenes.cervantes.es\/es\/ccse\/donde?country=es&amp;field_region_value=857&amp;field_province_value=4005&amp;field_fecha_examen_value=2-05-2026&amp;field_tipo_de_examen_value=18&amp;keys=hablamos\" target=\"_blank\" rel=\"noopener\">Link de registo<\/a><\/td>\n<\/tr>\n<tr>\n<td>CCSE<\/td>\n<td>Junho 26<\/td>\n<td>Centro normal<\/td>\n<td><a href=\"https:\/\/examenes.cervantes.es\/es\/ccse\/donde?country=es&amp;field_region_value=857&amp;field_province_value=4005&amp;field_fecha_examen_value=2-06-2026&amp;field_tipo_de_examen_value=18&amp;keys=hablamos\" target=\"_blank\" rel=\"noopener\">Link de registo<\/a><\/td>\n<\/tr>\n<tr>\n<td>CCSE<\/td>\n<td>Julho 26<\/td>\n<td>Centro normal<\/td>\n<td><a href=\"https:\/\/examenes.cervantes.es\/es\/ccse\/donde?country=es&amp;field_region_value=857&amp;field_province_value=4005&amp;field_fecha_examen_value=2-07-2026&amp;field_tipo_de_examen_value=18&amp;keys=hablamos\" target=\"_blank\" rel=\"noopener\">Link de registo<\/a><\/td>\n<\/tr>\n<tr>\n<td>CCSE<\/td>\n<td>Setembro 26<\/td>\n<td>Centro normal<\/td>\n<td><a href=\"https:\/\/examenes.cervantes.es\/es\/ccse\/donde?country=es&amp;field_region_value=857&amp;field_province_value=4005&amp;field_fecha_examen_value=2-09-2026&amp;field_tipo_de_examen_value=18&amp;keys=hablamos\" target=\"_blank\" rel=\"noopener\">Link de registo<\/a><\/td>\n<\/tr>\n<tr>\n<td>CCSE<\/td>\n<td>Outubro 26<\/td>\n<td>Centro normal<\/td>\n<td><a href=\"https:\/\/examenes.cervantes.es\/es\/ccse\/donde?country=es&amp;field_region_value=857&amp;field_province_value=4005&amp;field_fecha_examen_value=2-10-2026&amp;field_tipo_de_examen_value=18&amp;keys=hablamos\" target=\"_blank\" rel=\"noopener\">Link de registo<\/a><\/td>\n<\/tr>\n<tr>\n<td>CCSE<\/td>\n<td>Novembro 26<\/td>\n<td>Centro normal<\/td>\n<td><a href=\"https:\/\/examenes.cervantes.es\/es\/ccse\/donde?country=es&amp;field_region_value=857&amp;field_province_value=4005&amp;field_fecha_examen_value=2-11-2026&amp;field_tipo_de_examen_value=18&amp;keys=hablamos\" target=\"_blank\" rel=\"noopener\">Link de registo<\/a><\/td>\n<\/tr>\n<\/tbody>\n<\/table>\n<\/div>\n<div style=\"background-color: #ffe79d; padding: 20px;\">Na Hablamos ajudamo-lo com toda a documenta\u00e7\u00e3o para este exame. Escreva-nos para <a href=\"mailto:examenes@escuela-hablamos.com\">examenes@escuela-hablamos.com<\/a>, telefone-nos ou contacte-nos por WhatsApp!<\/div>\n<p>\n<\/div><\/div><\/div><\/div><div class=\"panel panel-default wpb_accordion_section group\"><div class=\"panel-heading wpb_accordion_header ui-accordion-header\"><p class=\"panel-title font-weight- text-   icon-size-rg\"><a data-toggle=\"collapse\" data-parent=\"#accordion_1658024767\" href=\"#1736509537147-8-932\"><span>Quando \u00e9 que recebo os resultados?<\/span><\/a><\/p><\/div><div id=\"1736509537147-8-932\" class=\"panel-collapse collapse\"><div class=\"panel-body wpb_accordion_content ui-accordion-content half-internal-gutter single-block-padding\">\n\t\t\t\t\t\t<div class=\"uncode_text_column\" ><p>Receber\u00e1 o resultado do APTO, NO APTO ou NO PRESENTADO por correio cerca de 20 dias ap\u00f3s a data oficial do exame. Tamb\u00e9m pode consultar este resultado atrav\u00e9s do seu espa\u00e7o privado de candidato no s\u00edtio Web do Instituto Cervantes. Lembre-se de que, em nenhum caso, a pontua\u00e7\u00e3o obtida no teste \u00e9 comunicada.<\/p>\n<p>A partir do seu espa\u00e7o privado, pode descarregar a qualquer momento o certificado digital com o c\u00f3digo de verifica\u00e7\u00e3o que lhe permite verificar a autenticidade do certificado. Este documento \u00e9 v\u00e1lido durante quatro anos a partir da data de emiss\u00e3o.<\/p>\n<p>Se o resultado do exame for N\u00c3O APROVADO ou N\u00c3O APRESENTADO, poder\u00e1 marcar uma segunda sess\u00e3o de exame. Lembre-se que esta deve ser efectuada no mesmo centro de exame e nos 6 meses seguintes.<\/p>\n<\/div><\/div><\/div><\/div><div class=\"panel panel-default wpb_accordion_section group\"><div class=\"panel-heading wpb_accordion_header ui-accordion-header\"><p class=\"panel-title font-weight- text-   icon-size-rg\"><a data-toggle=\"collapse\" data-parent=\"#accordion_1658024767\" href=\"#1658837597005-5-010\"><span>Como \u00e9 que me preparo para o exame?<\/span><\/a><\/p><\/div><div id=\"1658837597005-5-010\" class=\"panel-collapse collapse\"><div class=\"panel-body wpb_accordion_content ui-accordion-content half-internal-gutter single-block-padding\">\n\t\t\t\t\t\t<div class=\"uncode_text_column\" ><p>N\u00e3o \u00e9 necess\u00e1rio nenhum curso espec\u00edfico para se preparar para este exame. O Instituto Cervantes oferece gratuitamente todo o material necess\u00e1rio para a prepara\u00e7\u00e3o do exame. Pode descarregar o pdf com o programa e as perguntas a partir desta liga\u00e7\u00e3o (<a href=\"https:\/\/examenes.cervantes.es\/es\/ccse\/preparar-prueba\" target=\"_blank\" rel=\"noopener\"><span class=\"s1\">https:\/\/examenes.cervantes.es\/es\/ccse\/preparar-prueba<\/span><\/a>) ou a aplica\u00e7\u00e3o m\u00f3vel gratuita com exames simulados.<\/p>\n<\/div><\/div><\/div><\/div><div class=\"panel panel-default wpb_accordion_section group\"><div class=\"panel-heading wpb_accordion_header ui-accordion-header\"><p class=\"panel-title font-weight- text-   icon-size-rg\"><a data-toggle=\"collapse\" data-parent=\"#accordion_1658024767\" href=\"#1659424628289-7-425\"><span>Tem mais alguma d\u00favida?<\/span><\/a><\/p><\/div><div id=\"1659424628289-7-425\" class=\"panel-collapse collapse\"><div class=\"panel-body wpb_accordion_content ui-accordion-content half-internal-gutter single-block-padding\">\n\t\t\t\t\t\t<div class=\"uncode_text_column\" ><\/p>\n<p class=\"p1\"><span class=\"s1\">Escreva-nos! <a href=\"mailto:examenes@escuela-hablamos.com\"><span class=\"s2\">examenes@escuela-hablamos.com<\/span><\/a><\/span><\/p>\n<p>\n<\/div><\/div><\/div><\/div>\n\t\t<\/div><\/div><div class=\"empty-space empty-double\" ><span class=\"empty-space-inner\"><\/span><\/div>\n<\/div><\/div><\/div><\/div><\/div><div class=\"wpb_column pos-top pos-center align_left column_parent col-lg-5 tablet-hidden mobile-hidden single-internal-gutter\"><div class=\"uncol style-light sticky-element sticky-sidebar animate_when_almost_visible left-t-right\"  ><div class=\"uncoltable\" style=\"min-height: 340px;\"><div class=\"uncell single-block-padding\" ><div class=\"uncont\" ><div class=\"empty-space empty-quart\" ><span class=\"empty-space-inner\"><\/span><\/div>\n<div class=\"uncode-single-media  text-center\"><div class=\"single-wrapper\" style=\"max-width: 100%;\"><div class=\"tmb tmb-light  img-circle tmb-media-first tmb-media-last tmb-content-overlay tmb-no-bg\"><div class=\"t-inside\"><div class=\"t-entry-visual\"><div class=\"t-entry-visual-tc\"><div class=\"uncode-single-media-wrapper img-circle\"><img decoding=\"async\" class=\"wp-image-10163\" src=\"https:\/\/www.escuela-hablamos.com\/wp-content\/uploads\/2025\/01\/ccse.jpg\" width=\"1000\" height=\"1000\" alt=\"Examen CCSE en Hablamos\" srcset=\"https:\/\/www.escuela-hablamos.com\/wp-content\/uploads\/2025\/01\/ccse.jpg 1000w, https:\/\/www.escuela-hablamos.com\/wp-content\/uploads\/2025\/01\/ccse-300x300.jpg 300w, https:\/\/www.escuela-hablamos.com\/wp-content\/uploads\/2025\/01\/ccse-150x150.jpg 150w, https:\/\/www.escuela-hablamos.com\/wp-content\/uploads\/2025\/01\/ccse-768x768.jpg 768w, https:\/\/www.escuela-hablamos.com\/wp-content\/uploads\/2025\/01\/ccse-12x12.jpg 12w, https:\/\/www.escuela-hablamos.com\/wp-content\/uploads\/2025\/01\/ccse-350x350.jpg 350w, https:\/\/www.escuela-hablamos.com\/wp-content\/uploads\/2025\/01\/ccse-348x348.jpg 348w, https:\/\/www.escuela-hablamos.com\/wp-content\/uploads\/2025\/01\/ccse-uai-720x720.jpg 720w\" sizes=\"(max-width: 1000px) 100vw, 1000px\" \/><\/div>\n\t\t\t\t\t<\/div>\n\t\t\t\t<\/div><\/div><\/div><\/div><\/div><div class=\"empty-space empty-quart\" ><span class=\"empty-space-inner\"><\/span><\/div>\n<\/div><\/div><\/div><\/div><\/div><script id=\"script-row-unique-6\" data-row=\"script-row-unique-6\" type=\"text\/javascript\" class=\"vc_controls\">UNCODE.initRow(document.getElementById(\"row-unique-6\"));<\/script><\/div><\/div><\/div><div data-parent=\"true\" class=\"vc_row has-bg need-focus style-accent-bg row-container mobile-hidden\" id=\"row-unique-20\"><div class=\"row limit-width row-parent\"><div class=\"wpb_row row-inner\"><div class=\"wpb_column pos-top pos-center align_center column_parent col-lg-12 single-internal-gutter\"><div class=\"uncol style-light\"  ><div class=\"uncoltable\"><div class=\"uncell no-block-padding\" ><div class=\"uncont\" ><div class=\"vc_custom_heading_wrap mobile-hidden\"><div class=\"heading-text el-text\" ><h2 class=\"h1 text-color-xsdn-color\" ><span>Isto \u00e9 <span class=\"split-word uncode-rotating-span uncode-rotating-text-start\" data-text=\"a sua escola de espanhol em Madrid|muito mais do que aprender espanhol|Hablamos\" data-fx=\"zoom\" data-wait=\"3000\">&nbsp;<\/span><span class=\"split-word word1\"><span class=\"split-word-flow\"><span class=\"split-word-inner\"><span class=\"split-char char92\">H<\/span><span class=\"split-char char93\">a<\/span><span class=\"split-char char94\">b<\/span><span class=\"split-char char95\">l<\/span><span class=\"split-char char96\">a<\/span><span class=\"split-char char97\">m<\/span><span class=\"split-char char98\">o<\/span><span class=\"split-char char99\">s<\/span><\/span><\/span><\/span><span class=\"split-word uncode-rotating-span uncode-rotating-text-end\">&nbsp;<\/span><\/span><\/h2><\/div><div class=\"clear\"><\/div><\/div><\/div><\/div><\/div><\/div><\/div><script id=\"script-row-unique-20\" data-row=\"script-row-unique-20\" type=\"text\/javascript\" class=\"vc_controls\">UNCODE.initRow(document.getElementById(\"row-unique-20\"));<\/script><\/div><\/div><\/div><div data-parent=\"true\" class=\"vc_row has-bg need-focus style-accent-bg row-container desktop-hidden tablet-hidden\" id=\"row-unique-21\"><div class=\"row limit-width row-parent\"><div class=\"wpb_row row-inner\"><div class=\"wpb_column pos-top pos-center align_center column_parent col-lg-12 single-internal-gutter\"><div class=\"uncol style-light\"  ><div class=\"uncoltable\"><div class=\"uncell no-block-padding\" ><div class=\"uncont\" ><div class=\"vc_custom_heading_wrap desktop-hidden tablet-hidden\"><div class=\"heading-text el-text\" ><h2 class=\"h1 text-color-xsdn-color\" ><span>Isto \u00e9 <span class=\"split-word uncode-rotating-span uncode-rotating-text-start\" data-text=\"a sua escola de espanhol em Madrid|Hablamos\" data-fx=\"zoom\" data-wait=\"3000\">&nbsp;<\/span><span class=\"split-word word1\"><span class=\"split-word-flow\"><span class=\"split-word-inner\"><span class=\"split-char char92\">H<\/span><span class=\"split-char char93\">a<\/span><span class=\"split-char char94\">b<\/span><span class=\"split-char char95\">l<\/span><span class=\"split-char char96\">a<\/span><span class=\"split-char char97\">m<\/span><span class=\"split-char char98\">o<\/span><span class=\"split-char char99\">s<\/span><\/span><\/span><\/span><span class=\"split-word uncode-rotating-span uncode-rotating-text-end\">&nbsp;<\/span><\/span><\/h2><\/div><div class=\"clear\"><\/div><\/div><\/div><\/div><\/div><\/div><\/div><script id=\"script-row-unique-21\" data-row=\"script-row-unique-21\" type=\"text\/javascript\" class=\"vc_controls\">UNCODE.initRow(document.getElementById(\"row-unique-21\"));<\/script><\/div><\/div><\/div><div data-parent=\"true\" class=\"vc_row row-container\" id=\"row-unique-22\"><div class=\"row double-top-padding double-bottom-padding single-h-padding limit-width row-parent\"><div class=\"wpb_row row-inner\"><div class=\"wpb_column pos-top pos-center align_center column_parent col-lg-12 single-internal-gutter\"><div class=\"uncol style-light\"  ><div class=\"uncoltable\"><div class=\"uncell no-block-padding\" ><div class=\"uncont\" ><span class=\"btn-container btn-inline animate_when_almost_visible left-t-right\" ><a role=\"button\"  href=\"https:\/\/www.escuela-hablamos.com\/pt\/contact-hablamos\/\" class=\"custom-link btn border-width-0 btn-accent btn-no-scale btn-icon-left\" title=\"Contact Hablamos\">Falamos?<\/a><\/span><span class=\"btn-container btn-inline animate_when_almost_visible right-t-left\" ><a role=\"button\"  href=\"#\" class=\"custom-link btn border-width-0 popmake-1853 btn-Hablamos-blue btn-no-scale btn-icon-left\" title=\"Contact Hablamos\">Quer a nossa newsletter?<\/a><\/span><\/div><\/div><\/div><\/div><\/div><script id=\"script-row-unique-22\" data-row=\"script-row-unique-22\" type=\"text\/javascript\" class=\"vc_controls\">UNCODE.initRow(document.getElementById(\"row-unique-22\"));<\/script><\/div><\/div><\/div>\n<\/div>","protected":false},"excerpt":{"rendered":"<p>At Hablamos, we answer all your questions<\/p>","protected":false},"author":2,"featured_media":10163,"parent":0,"menu_order":0,"comment_status":"closed","ping_status":"closed","template":"","meta":{"iawp_total_views":1545,"footnotes":""},"class_list":["post-10162","page","type-page","status-publish","has-post-thumbnail","hentry"],"_links":{"self":[{"href":"https:\/\/www.escuela-hablamos.com\/pt\/wp-json\/wp\/v2\/pages\/10162","targetHints":{"allow":["GET"]}}],"collection":[{"href":"https:\/\/www.escuela-hablamos.com\/pt\/wp-json\/wp\/v2\/pages"}],"about":[{"href":"https:\/\/www.escuela-hablamos.com\/pt\/wp-json\/wp\/v2\/types\/page"}],"author":[{"embeddable":true,"href":"https:\/\/www.escuela-hablamos.com\/pt\/wp-json\/wp\/v2\/users\/2"}],"replies":[{"embeddable":true,"href":"https:\/\/www.escuela-hablamos.com\/pt\/wp-json\/wp\/v2\/comments?post=10162"}],"version-history":[{"count":23,"href":"https:\/\/www.escuela-hablamos.com\/pt\/wp-json\/wp\/v2\/pages\/10162\/revisions"}],"predecessor-version":[{"id":156798,"href":"https:\/\/www.escuela-hablamos.com\/pt\/wp-json\/wp\/v2\/pages\/10162\/revisions\/156798"}],"wp:featuredmedia":[{"embeddable":true,"href":"https:\/\/www.escuela-hablamos.com\/pt\/wp-json\/wp\/v2\/media\/10163"}],"wp:attachment":[{"href":"https:\/\/www.escuela-hablamos.com\/pt\/wp-json\/wp\/v2\/media?parent=10162"}],"curies":[{"name":"wp","href":"https:\/\/api.w.org\/{rel}","templated":true}]}}