{"id":2078,"date":"2022-09-20T06:54:55","date_gmt":"2022-09-20T06:54:55","guid":{"rendered":"https:\/\/www.escuela-hablamos.com\/?page_id=2078"},"modified":"2026-04-27T07:10:08","modified_gmt":"2026-04-27T07:10:08","slug":"cultural-activities-at-hablamos","status":"publish","type":"page","link":"https:\/\/www.escuela-hablamos.com\/ko\/cultural-activities-at-hablamos\/","title":{"rendered":"Cultural Activities at Hablamos"},"content":{"rendered":"<div class=\"wpb-content-wrapper\"><div data-parent=\"true\" class=\"vc_row row-container\" id=\"row-unique-1\"><div class=\"row unequal no-top-padding no-bottom-padding no-h-padding full-width row-parent\"><div class=\"wpb_row row-inner\"><div class=\"wpb_column pos-top pos-center align_left column_parent col-lg-6 single-internal-gutter\"><div class=\"uncol style-light animate_when_almost_visible left-t-right\"  ><div class=\"uncoltable\" style=\"min-height: 340px;\"><div class=\"uncell no-block-padding\" ><div class=\"column-background background-element\">\n\t\t\t\t\t\t\t\t\t\t\t<div class=\"background-wrapper\">\n\t\t\t\t\t\t\t\t\t\t\t\t<div class=\"background-inner\" style=\"background-image: url(https:\/\/www.escuela-hablamos.com\/wp-content\/uploads\/2022\/09\/free-hablamos.jpg);background-repeat: no-repeat;background-position: center center;background-size: cover;\" data-o_src=\"https:\/\/www.escuela-hablamos.com\/wp-content\/uploads\/2022\/09\/free-hablamos.jpg\"><\/div>\n\t\t\t\t\t\t\t\t\t\t\t\t\n\t\t\t\t\t\t\t\t\t\t\t<\/div>\n\t\t\t\t\t\t\t\t\t\t<\/div><div class=\"uncont\" ><\/div><\/div><\/div><\/div><\/div><div class=\"wpb_column pos-middle pos-left align_left column_parent col-lg-6 single-internal-gutter\"><div class=\"uncol style-light animate_when_almost_visible right-t-left\"  ><div class=\"uncoltable\"><div class=\"uncell no-block-padding\" ><div class=\"uncont\" ><div class=\"vc_row row-internal row-container\"><div class=\"row row-child\"><div class=\"wpb_row row-inner\"><div class=\"wpb_column pos-top pos-left align_left column_child col-lg-12 half-internal-gutter\"><div class=\"uncol style-light\" ><div class=\"uncoltable\"><div class=\"uncell single-block-padding\" ><div class=\"uncont\" style=\" max-width:80%;\" ><div class=\"vc_custom_heading_wrap\"><div class=\"heading-text el-text\" data-marquee-speed=\"0\"><h3 class=\"h3 font-weight-400 text-color-620122-color text-uppercase un-text-marquee un-marquee\" ><span>35\ub144 \uc774\uc0c1\uc758 \uacbd\ud5d8\uc744 \uac00\uc9c4 \ub9c8\ub4dc\ub9ac\ub4dc\uc758 \uc2a4\ud398\uc778\uc5b4 \ud559\uad50<mark>, \uc544\ube14\ub77c\ubaa8\uc2a4<\/mark><\/span><\/h3><\/div><div class=\"clear\"><\/div><\/div><div class=\"empty-space empty-single\" ><span class=\"empty-space-inner\"><\/span><\/div>\n<div class=\"vc_custom_heading_wrap\"><div class=\"heading-text el-text\" ><h1 class=\"h2\" ><span>\uc544\ube14\ub77c\ubaa8\uc2a4\uc5d0\uc11c\uc758 \ubb38\ud654 \ubc0f \uc0ac\ud68c \ud65c\ub3d9<\/span><\/h1><\/div><div class=\"clear\"><\/div><\/div><div class=\"uncode_text_column\" ><p><mark>\uc544\ube14\ub77c\ubaa8\uc2a4\ub294<\/mark> \uc8fc\ub2f9 20\uc2dc\uac04\uc758 \uc9d1\uc911 \ucf54\uc2a4\uc5d0\uc11c \ud559\uc0dd\ub4e4\uc744 \uc704\ud574 \ub9e4\uc8fc \ubb38\ud654 \ubc0f \uc0ac\ud68c \ud65c\ub3d9\uc744 \uc870\uc9c1\ud569\ub2c8\ub2e4. \uc774\ub7ec\ud55c \ud65c\ub3d9\uc740 \ub9e4\uc6b0 \uc990\uac81\uace0 \uc7ac\ubbf8\uc788\uc744 \ubfd0\ub9cc \uc544\ub2c8\ub77c \uc2a4\ud398\uc778\uc744 \uc54c\uc544\uac00\ub294 \ub370 \ud544\uc218\uc801\uc778 \ubc15\ubb3c\uad00, \uba85\uc18c, \uc2a4\ud398\uc778 \ubb38\ud654\uc758 \uc77c\ubd80\ub97c \ubc29\ubb38\ud568\uc73c\ub85c\uc368 \uc2a4\ud398\uc778 \ubb38\ud654\ub97c \ubc30\uc6b0\uac8c \ub429\ub2c8\ub2e4. \ub3d9\uc2dc\uc5d0 \ud559\uc0dd\ub4e4\uc740 \uc774\ub7ec\ud55c \ud65c\ub3d9\uacfc \uad00\ub828\ub41c \uc5b4\ud718\ub97c \uacc4\uc18d \ud559\uc2b5\ud558\uace0 \uc774\ub97c \uc5f0\uc2b5\ud569\ub2c8\ub2e4.<\/p>\n<p><!--Cada semana, tambi\u00e9n, <mark>Hablamos<\/mark> organiza en su espacio cultural online un <strong>evento online gratuito<\/strong>, abierto a todas las personas, sean o no alumnos de <mark>Hablamos<\/mark>. En estos eventos online tendremos charlas en espa\u00f1ol sobre temas culturales de inter\u00e9s, visitas virtuales a monumentos y museos famosos de Espa\u00f1a, etc. <strong>Cada semana habr\u00e1 un evento online diferente y ser\u00e1 publicado en esta web. Son gratuitos y no es necesario estar matriculado en la escuela<\/strong>. El \u00fanico requisito es tener como m\u00ednimo un nivel de espa\u00f1ol A2.\n<strong><u><a href=\"https:\/\/campus.cambridge-house.com\/pages\/public\/inscripcionEventoOnline.jsf\" target=\"_blank\" rel=\"noopener\">Puedes reservar tu plaza aqu\u00ed<\/a><\/u><\/strong>--><\/p>\n<\/div><div class=\"empty-space empty-double\" ><span class=\"empty-space-inner\"><\/span><\/div>\n<\/div><\/div><\/div><\/div><\/div><\/div><\/div><\/div><\/div><\/div><\/div><\/div><\/div><script id=\"script-row-unique-1\" data-row=\"script-row-unique-1\" type=\"text\/javascript\" class=\"vc_controls\">UNCODE.initRow(document.getElementById(\"row-unique-1\"));<\/script><\/div><\/div><\/div><div data-parent=\"true\" class=\"vc_row has-bg need-focus style-Hablamos-blue3-bg row-container\" id=\"row-unique-8\"><div class=\"row unequal col-double-gutter triple-top-padding triple-bottom-padding single-h-padding limit-width row-parent\"><div class=\"wpb_row row-inner\"><div class=\"wpb_column pos-top pos-center align_left column_parent col-lg-12 half-internal-gutter\"><div class=\"uncol style-light animate_when_almost_visible top-t-bottom\"  ><div class=\"uncoltable\"><div class=\"uncell no-block-padding\" ><div class=\"uncont\" ><div class=\"vc_custom_heading_wrap\"><div class=\"heading-text el-text\" ><h2 class=\"h3\" ><span>\uc774\ubc88 \uc8fc \ud604\uc7a5 \ubb38\ud654 \ud65c\ub3d9\uc740 \uc9c0\uae08 \ubc14\ub85c \ud655\uc778\ud558\uc2e4 \uc218 \uc788\uc2b5\ub2c8\ub2e4<\/span><\/h2><\/div><div class=\"clear\"><\/div><\/div><div class=\"empty-space empty-half\" ><span class=\"empty-space-inner\"><\/span><\/div>\n<div class=\"vc_row row-internal row-container\"><div class=\"row col-double-gutter row-child\"><div class=\"wpb_row row-inner\"><div class=\"wpb_column pos-top pos-center align_left column_child col-lg-12 half-internal-gutter\"><div class=\"uncol style-light\" ><div class=\"uncoltable\"><div class=\"uncell no-block-padding\" ><div class=\"uncont\" ><div class=\"vc_custom_heading_wrap\"><div class=\"heading-text el-text\" ><h2 class=\"h2 text-accent-color\" ><span>\ub300\uba74 \ud65c\ub3d9<\/span><\/h2><\/div><div class=\"clear\"><\/div><\/div><div class=\"uncode_text_column text-lead\" ><p><strong><u>\uc544\ube14\ub77c\ubaa8\uc2a4 \ud559\uc0dd\uc744 \uc704\ud55c \ud65c\ub3d9<\/u><\/strong><\/p>\n<\/div><div class=\"vc_custom_heading_wrap\"><div class=\"heading-text el-text\" ><h6 class=\"h4 text-accent-color text-uppercase\" ><span><mark>5\uc6d4 1\uc77c \uae08\uc694\uc77c<\/mark><\/span><\/h6><\/div><div class=\"clear\"><\/div><\/div><div class=\"uncode_text_column text-lead text-accent-color\" ><p>\ub2e4\uc74c \uc8fc \uae08\uc694\uc77c\uc740 \uacf5\ud734\uc77c\uc778 \uad00\uacc4\ub85c \ud559\uad50\uac00 \ud734\uad50\ud569\ub2c8\ub2e4.<\/p>\n<\/div><div class=\"uncode_text_column hide\" ><p><strong>\uc8fc\uc18c:<\/strong> Calle Serrano 13, 28001 \ub9c8\ub4dc\ub9ac\ub4dc<br \/>\n<strong>\uc9d1\ud569 \uc7a5\uc18c:<\/strong> \ubc15\ubb3c\uad00 \uc785\uad6c<br \/>\n<strong>\uc624\uc2dc\ub294 \uae38:<\/strong> \uc9c0\ud558\ucca0 \uc138\ub77c\ub178(4\ud638\uc120), \ub808\ud2f0\ub85c(2\ud638\uc120) \uc5ed, \ub808\ub124\ud398(Renfe) \uadfc\uad50\uc5f4\ucc28 \ub808\ucf5c\ub808\ud1a0\uc2a4(C1, C2, C7, C8, C10\ud638\uc120)<br \/>\n<strong>\uc694\uae08:<\/strong> \ubc15\ubb3c\uad00 \uc785\uc7a5\ub8cc 3\uc720\ub85c<\/p>\n<\/div><\/div><\/div><\/div><\/div><\/div><\/div><\/div><\/div><\/div><\/div><\/div><\/div><\/div><script id=\"script-row-unique-8\" data-row=\"script-row-unique-8\" type=\"text\/javascript\" class=\"vc_controls\">UNCODE.initRow(document.getElementById(\"row-unique-8\"));<\/script><\/div><\/div><\/div><div data-parent=\"true\" class=\"vc_row has-bg need-focus style-accent-bg row-container\" id=\"row-unique-13\"><div class=\"row double-top-padding no-bottom-padding single-h-padding limit-width row-parent\"><div class=\"wpb_row row-inner\"><div class=\"wpb_column pos-top pos-center align_center column_parent col-lg-12 single-internal-gutter\"><div class=\"uncol style-light\"  ><div class=\"uncoltable\"><div class=\"uncell no-block-padding\" ><div class=\"uncont\" ><div class=\"uncode-single-media  text-center\"><div class=\"single-wrapper\" style=\"max-width: 70%;\"><div class=\"tmb tmb-light  tmb-media-first tmb-media-last tmb-content-overlay tmb-no-bg\"><div class=\"t-inside\"><div class=\"t-entry-visual\"><div class=\"t-entry-visual-tc\"><div class=\"uncode-single-media-wrapper\"><div class=\"h3 youtube-video fluid-object\" style=\"padding-top: 56.31%\"><iframe title=\"In person and online Spanish courses\" width=\"840\" height=\"473\" src=\"https:\/\/www.youtube.com\/embed\/OplEtzCBSVA?feature=oembed&amp;v=OplEtzCBSVA&amp;t=14s\" frameborder=\"0\" allow=\"accelerometer; autoplay; clipboard-write; encrypted-media; gyroscope; picture-in-picture; web-share\" referrerpolicy=\"strict-origin-when-cross-origin\" allowfullscreen><\/iframe><\/div><\/div>\n\t\t\t\t\t<\/div>\n\t\t\t\t<\/div><\/div><\/div><\/div><\/div><\/div><\/div><\/div><\/div><\/div><script id=\"script-row-unique-13\" data-row=\"script-row-unique-13\" type=\"text\/javascript\" class=\"vc_controls\">UNCODE.initRow(document.getElementById(\"row-unique-13\"));<\/script><\/div><\/div><\/div><div data-parent=\"true\" class=\"vc_row has-bg need-focus style-accent-bg row-container\" id=\"row-unique-22\"><div class=\"row limit-width row-parent\"><div class=\"wpb_row row-inner\"><div class=\"wpb_column pos-top pos-center align_center column_parent col-lg-12 single-internal-gutter\"><div class=\"uncol style-light\"  ><div class=\"uncoltable\"><div class=\"uncell no-block-padding\" ><div class=\"uncont\" ><div class=\"vc_custom_heading_wrap mobile-hidden\"><div class=\"heading-text el-text\" ><h2 class=\"h1 text-color-xsdn-color\" ><span>\ub9de\uc2b5\ub2c8\ub2e4 <span class=\"split-word uncode-rotating-span uncode-rotating-text-start\" data-text=\"\ub9c8\ub4dc\ub9ac\ub4dc\uc5d0 \uc788\ub294 \uc2a4\ud398\uc778\uc5b4 \ud559\uad50|\uc2a4\ud398\uc778\uc5b4\ub97c \ubc30\uc6b0\ub294 \uac83\ubcf4\ub2e4 \ud6e8\uc52c \ub354|\uc544\ube14\ub77c\ubaa8\uc2a4\ub294\" data-fx=\"zoom\" data-wait=\"3000\">&nbsp;<\/span><span class=\"split-word word1\"><span class=\"split-word-flow\"><span class=\"split-word-inner\"><span class=\"split-char char92\">\uc544<\/span><span class=\"split-char char93\">\ube14<\/span><span class=\"split-char char94\">\ub77c<\/span><span class=\"split-char char95\">\ubaa8<\/span><span class=\"split-char char96\">\uc2a4<\/span><span class=\"split-char char97\">\ub294<\/span><\/span><\/span><\/span><span class=\"split-word uncode-rotating-span uncode-rotating-text-end\">&nbsp;<\/span><\/span><\/h2><\/div><div class=\"clear\"><\/div><\/div><\/div><\/div><\/div><\/div><\/div><script id=\"script-row-unique-22\" data-row=\"script-row-unique-22\" type=\"text\/javascript\" class=\"vc_controls\">UNCODE.initRow(document.getElementById(\"row-unique-22\"));<\/script><\/div><\/div><\/div><div data-parent=\"true\" class=\"vc_row has-bg need-focus style-accent-bg row-container\" id=\"row-unique-23\"><div class=\"row limit-width row-parent\"><div class=\"wpb_row row-inner\"><div class=\"wpb_column pos-top pos-center align_center column_parent col-lg-12 single-internal-gutter\"><div class=\"uncol style-light\"  ><div class=\"uncoltable\"><div class=\"uncell no-block-padding\" ><div class=\"uncont\" ><div class=\"vc_custom_heading_wrap desktop-hidden tablet-hidden\"><div class=\"heading-text el-text\" ><h2 class=\"h1 text-color-xsdn-color\" ><span>\ub9de\uc2b5\ub2c8\ub2e4 <span class=\"split-word uncode-rotating-span uncode-rotating-text-start\" data-text=\"\ub9c8\ub4dc\ub9ac\ub4dc\uc5d0 \uc788\ub294 \uc2a4\ud398\uc778\uc5b4 \ud559\uad50|\uc544\ube14\ub77c\ubaa8\uc2a4\ub294\" data-fx=\"zoom\" data-wait=\"3000\">&nbsp;<\/span><span class=\"split-word word1\"><span class=\"split-word-flow\"><span class=\"split-word-inner\"><span class=\"split-char char92\">\uc544<\/span><span class=\"split-char char93\">\ube14<\/span><span class=\"split-char char94\">\ub77c<\/span><span class=\"split-char char95\">\ubaa8<\/span><span class=\"split-char char96\">\uc2a4<\/span><span class=\"split-char char97\">\ub294<\/span><\/span><\/span><\/span><span class=\"split-word uncode-rotating-span uncode-rotating-text-end\">&nbsp;<\/span><\/span><\/h2><\/div><div class=\"clear\"><\/div><\/div><\/div><\/div><\/div><\/div><\/div><script id=\"script-row-unique-23\" data-row=\"script-row-unique-23\" type=\"text\/javascript\" class=\"vc_controls\">UNCODE.initRow(document.getElementById(\"row-unique-23\"));<\/script><\/div><\/div><\/div><div data-parent=\"true\" class=\"vc_row row-container\" id=\"row-unique-25\"><div class=\"row double-top-padding double-bottom-padding single-h-padding limit-width row-parent\"><div class=\"wpb_row row-inner\"><div class=\"wpb_column pos-top pos-center align_center column_parent col-lg-12 single-internal-gutter\"><div class=\"uncol style-light\"  ><div class=\"uncoltable\"><div class=\"uncell no-block-padding\" ><div class=\"uncont\" ><span class=\"btn-container btn-inline animate_when_almost_visible left-t-right\" ><a role=\"button\"  href=\"https:\/\/www.escuela-hablamos.com\/ko\/contact-hablamos\/\" class=\"custom-link btn border-width-0 btn-accent btn-no-scale btn-icon-left\" title=\"Contact Hablamos\">\ubb34\uc5c7\uc744 \ub3c4\uc640\ub4dc\ub9b4\uae4c\uc694?<\/a><\/span><span class=\"btn-container btn-inline animate_when_almost_visible right-t-left\" ><a role=\"button\"  href=\"#\" class=\"custom-link btn border-width-0 popmake-1853 btn-Hablamos-blue btn-no-scale btn-icon-left\" title=\"Contact Hablamos\">\ub274\uc2a4\ub808\ud130\ub97c \uc6d0\ud558\uc2dc\ub098\uc694?<\/a><\/span><\/div><\/div><\/div><\/div><\/div><script id=\"script-row-unique-25\" data-row=\"script-row-unique-25\" type=\"text\/javascript\" class=\"vc_controls\">UNCODE.initRow(document.getElementById(\"row-unique-25\"));<\/script><\/div><\/div><\/div><div data-parent=\"true\" class=\"vc_row row-container\" id=\"row-unique-34\"><div class=\"row limit-width row-parent\"><div class=\"wpb_row row-inner\"><div class=\"wpb_column pos-top pos-center align_left column_parent col-lg-12 single-internal-gutter\"><div class=\"uncol style-light\"  ><div class=\"uncoltable\"><div class=\"uncell no-block-padding\" ><div class=\"uncont\" ><div class=\"uncode_text_column\" ><\/div><\/div><\/div><\/div><\/div><\/div><script id=\"script-row-unique-34\" data-row=\"script-row-unique-34\" type=\"text\/javascript\" class=\"vc_controls\">UNCODE.initRow(document.getElementById(\"row-unique-34\"));<\/script><\/div><\/div><\/div>\n<\/div>","protected":false},"excerpt":{"rendered":"<p>Hablamos is your Spanish language school in Madrid. Cultural activities to improve your Spanish<\/p>","protected":false},"author":2,"featured_media":2097,"parent":0,"menu_order":0,"comment_status":"closed","ping_status":"closed","template":"","meta":{"iawp_total_views":4491,"footnotes":""},"class_list":["post-2078","page","type-page","status-publish","has-post-thumbnail","hentry"],"_links":{"self":[{"href":"https:\/\/www.escuela-hablamos.com\/ko\/wp-json\/wp\/v2\/pages\/2078","targetHints":{"allow":["GET"]}}],"collection":[{"href":"https:\/\/www.escuela-hablamos.com\/ko\/wp-json\/wp\/v2\/pages"}],"about":[{"href":"https:\/\/www.escuela-hablamos.com\/ko\/wp-json\/wp\/v2\/types\/page"}],"author":[{"embeddable":true,"href":"https:\/\/www.escuela-hablamos.com\/ko\/wp-json\/wp\/v2\/users\/2"}],"replies":[{"embeddable":true,"href":"https:\/\/www.escuela-hablamos.com\/ko\/wp-json\/wp\/v2\/comments?post=2078"}],"version-history":[{"count":656,"href":"https:\/\/www.escuela-hablamos.com\/ko\/wp-json\/wp\/v2\/pages\/2078\/revisions"}],"predecessor-version":[{"id":158358,"href":"https:\/\/www.escuela-hablamos.com\/ko\/wp-json\/wp\/v2\/pages\/2078\/revisions\/158358"}],"wp:featuredmedia":[{"embeddable":true,"href":"https:\/\/www.escuela-hablamos.com\/ko\/wp-json\/wp\/v2\/media\/2097"}],"wp:attachment":[{"href":"https:\/\/www.escuela-hablamos.com\/ko\/wp-json\/wp\/v2\/media?parent=2078"}],"curies":[{"name":"wp","href":"https:\/\/api.w.org\/{rel}","templated":true}]}}