{"id":151,"date":"2022-05-27T13:14:07","date_gmt":"2022-05-27T13:14:07","guid":{"rendered":"https:\/\/www.escuela-hablamos.com\/?page_id=151"},"modified":"2025-04-10T07:15:41","modified_gmt":"2025-04-10T07:15:41","slug":"cambridge-house-group","status":"publish","type":"page","link":"https:\/\/www.escuela-hablamos.com\/ja\/cambridge-house-group\/","title":{"rendered":"Cambridge House\u3000"},"content":{"rendered":"<div class=\"wpb-content-wrapper\"><div data-parent=\"true\" class=\"vc_row row-container\" id=\"row-unique-3\"><div class=\"row double-top-padding one-bottom-padding single-h-padding limit-width row-parent\"><div class=\"wpb_row row-inner\"><div class=\"wpb_column pos-top pos-center align_center column_parent col-lg-12 half-internal-gutter\"><div class=\"uncol style-light\"  ><div class=\"uncoltable\"><div class=\"uncell\" ><div class=\"uncont no-block-padding col-custom-width\" style=\" max-width:60%;\" ><div class=\"empty-space empty-quart\" ><span class=\"empty-space-inner\"><\/span><\/div>\n<div class=\"vc_custom_heading_wrap\"><div class=\"heading-text el-text top-t-bottom animate_when_almost_visible\" ><h2 class=\"h2\" ><span><mark>Hablamos<\/mark><\/span><\/h2><\/div><div class=\"clear\"><\/div><\/div><div class=\"vc_custom_heading_wrap\"><div class=\"heading-text el-text top-t-bottom animate_when_almost_visible\" data-delay=\"300\"><h1 class=\"h4 fontheight-20 font-weight-400\" ><span>\u8a9e\u5b66\u6559\u80b2\u306735\u5e74\u4ee5\u4e0a\u306e\u7d4c\u9a13\u3092\u6301\u3061\u30014\u3064\u306e\u30bf\u30a4\u30d7\u306e\u5b66\u6821\u3092\u6301\u3064\u30b1\u30f3\u30d6\u30ea\u30c3\u30b8\u30fb\u30cf\u30a6\u30b9\u30fb\u30b0\u30eb\u30fc\u30d7\u306e\u30b9\u30da\u30a4\u30f3\u8a9e\u5b66\u6821\uff1a<\/span><\/h1><\/div><div class=\"clear\"><\/div><\/div><\/div><\/div><\/div><\/div><\/div><script id=\"script-row-unique-3\" data-row=\"script-row-unique-3\" type=\"text\/javascript\" class=\"vc_controls\">UNCODE.initRow(document.getElementById(\"row-unique-3\"));<\/script><\/div><\/div><\/div><div data-parent=\"true\" class=\"vc_row row-container\" id=\"row-unique-10\"><div class=\"row double-top-padding double-bottom-padding single-h-padding limit-width row-parent\"><div class=\"wpb_row row-inner\"><div class=\"wpb_column pos-top pos-center align_center column_parent col-lg-3 col-md-50 single-internal-gutter\"><div class=\"uncol style-light animate_when_almost_visible top-t-bottom\"  ><div class=\"uncoltable\"><div class=\"uncell no-block-padding\" ><div class=\"uncont\" ><div class=\"uncode-single-media  text-left\"><div class=\"single-wrapper\" style=\"max-width: 100%;\"><div class=\"tmb tmb-light  tmb-media-first tmb-media-last tmb-content-overlay tmb-no-bg\"><div class=\"t-inside\"><div class=\"t-entry-visual\"><div class=\"t-entry-visual-tc\"><div class=\"uncode-single-media-wrapper\"><img decoding=\"async\" class=\"wp-image-616\" src=\"https:\/\/www.escuela-hablamos.com\/wp-content\/uploads\/2022\/06\/gr-hablamos.jpg\" width=\"463\" height=\"466\" alt=\"Hablamos, Grupo Cambridge House\" srcset=\"https:\/\/www.escuela-hablamos.com\/wp-content\/uploads\/2022\/06\/gr-hablamos.jpg 463w, https:\/\/www.escuela-hablamos.com\/wp-content\/uploads\/2022\/06\/gr-hablamos-298x300.jpg 298w, https:\/\/www.escuela-hablamos.com\/wp-content\/uploads\/2022\/06\/gr-hablamos-150x150.jpg 150w, https:\/\/www.escuela-hablamos.com\/wp-content\/uploads\/2022\/06\/gr-hablamos-12x12.jpg 12w\" sizes=\"(max-width: 463px) 100vw, 463px\" \/><\/div>\n\t\t\t\t\t<\/div>\n\t\t\t\t<\/div><\/div><\/div><\/div><\/div><span class=\"btn-container\" ><a role=\"button\"  href=\"#\" class=\"custom-link btn btn-sm border-width-0 popmake-634 btn-accent btn-outline btn-no-scale btn-icon-left\">\u8a73\u7d30\u60c5\u5831<\/a><\/span><\/div><\/div><\/div><\/div><\/div><div class=\"wpb_column pos-top pos-center align_center column_parent col-lg-3 col-md-50 single-internal-gutter\"><div class=\"uncol style-light animate_when_almost_visible top-t-bottom\"  data-delay=\"300\"><div class=\"uncoltable\"><div class=\"uncell no-block-padding\" ><div class=\"uncont\" ><div class=\"uncode-single-media  text-left\"><div class=\"single-wrapper\" style=\"max-width: 100%;\"><a class=\"single-media-link\" href=\"https:\/\/www.cambridge-house.com\/\" target=\"_blank\" title=\"Cambridge House\"><div class=\"tmb tmb-light  tmb-media-first tmb-media-last tmb-content-overlay tmb-no-bg\"><div class=\"t-inside\"><div class=\"t-entry-visual\"><div class=\"t-entry-visual-tc\"><div class=\"uncode-single-media-wrapper\"><img decoding=\"async\" class=\"wp-image-610\" src=\"https:\/\/www.escuela-hablamos.com\/wp-content\/uploads\/2022\/06\/gr-cambridge.png\" width=\"463\" height=\"466\" alt=\"Cambridge House, Grupo Cambridge House\" srcset=\"https:\/\/www.escuela-hablamos.com\/wp-content\/uploads\/2022\/06\/gr-cambridge.png 463w, https:\/\/www.escuela-hablamos.com\/wp-content\/uploads\/2022\/06\/gr-cambridge-298x300.png 298w, https:\/\/www.escuela-hablamos.com\/wp-content\/uploads\/2022\/06\/gr-cambridge-150x150.png 150w, https:\/\/www.escuela-hablamos.com\/wp-content\/uploads\/2022\/06\/gr-cambridge-12x12.png 12w\" sizes=\"(max-width: 463px) 100vw, 463px\" \/><\/div>\n\t\t\t\t\t<\/div>\n\t\t\t\t<\/div><\/div><\/div><\/a><\/div><\/div><span class=\"btn-container\" ><a role=\"button\"  href=\"#\" class=\"custom-link btn btn-sm border-width-0 popmake-641 btn-accent btn-outline btn-no-scale btn-icon-left\">\u8a73\u7d30\u60c5\u5831<\/a><\/span><\/div><\/div><\/div><\/div><\/div><div class=\"wpb_column pos-top pos-center align_center column_parent col-lg-3 col-md-50 col-md-clear single-internal-gutter\"><div class=\"uncol style-light animate_when_almost_visible top-t-bottom\"  data-delay=\"600\"><div class=\"uncoltable\"><div class=\"uncell no-block-padding\" ><div class=\"uncont\" ><div class=\"uncode-single-media  text-left\"><div class=\"single-wrapper\" style=\"max-width: 100%;\"><a class=\"single-media-link\" href=\"https:\/\/talking.cambridge-house.com\/\" target=\"_blank\" title=\"Talking by Cambridge House\"><div class=\"tmb tmb-light  tmb-media-first tmb-media-last tmb-content-overlay tmb-no-bg\"><div class=\"t-inside\"><div class=\"t-entry-visual\"><div class=\"t-entry-visual-tc\"><div class=\"uncode-single-media-wrapper\"><img decoding=\"async\" class=\"wp-image-4352\" src=\"https:\/\/www.escuela-hablamos.com\/wp-content\/uploads\/2023\/04\/gr-talking-new.gif\" width=\"463\" height=\"466\" alt=\"Talking English School\"><\/div>\n\t\t\t\t\t<\/div>\n\t\t\t\t<\/div><\/div><\/div><\/a><\/div><\/div><span class=\"btn-container\" ><a role=\"button\"  href=\"#\" class=\"custom-link btn btn-sm border-width-0 popmake-645 btn-accent btn-outline btn-no-scale btn-icon-left\">\u8a73\u7d30\u60c5\u5831<\/a><\/span><\/div><\/div><\/div><\/div><\/div><div class=\"wpb_column pos-top pos-center align_center column_parent col-lg-3 col-md-50 col-md-clear single-internal-gutter\"><div class=\"uncol style-light animate_when_almost_visible top-t-bottom\"  data-delay=\"900\"><div class=\"uncoltable\"><div class=\"uncell no-block-padding\" ><div class=\"uncont\" ><div class=\"uncode-single-media  text-left\"><div class=\"single-wrapper\" style=\"max-width: 100%;\"><a class=\"single-media-link\" href=\"https:\/\/online-school.cambridge-house.com\/\" target=\"_blank\" title=\"Online School by Cambridge House\"><div class=\"tmb tmb-light  tmb-media-first tmb-media-last tmb-content-overlay tmb-no-bg\"><div class=\"t-inside\"><div class=\"t-entry-visual\"><div class=\"t-entry-visual-tc\"><div class=\"uncode-single-media-wrapper\"><img decoding=\"async\" class=\"wp-image-612\" src=\"https:\/\/www.escuela-hablamos.com\/wp-content\/uploads\/2022\/06\/gr-online.png\" width=\"463\" height=\"466\" alt=\"Online School, Grupo Cambridge House\" srcset=\"https:\/\/www.escuela-hablamos.com\/wp-content\/uploads\/2022\/06\/gr-online.png 463w, https:\/\/www.escuela-hablamos.com\/wp-content\/uploads\/2022\/06\/gr-online-298x300.png 298w, https:\/\/www.escuela-hablamos.com\/wp-content\/uploads\/2022\/06\/gr-online-150x150.png 150w, https:\/\/www.escuela-hablamos.com\/wp-content\/uploads\/2022\/06\/gr-online-12x12.png 12w\" sizes=\"(max-width: 463px) 100vw, 463px\" \/><\/div>\n\t\t\t\t\t<\/div>\n\t\t\t\t<\/div><\/div><\/div><\/a><\/div><\/div><span class=\"btn-container\" ><a role=\"button\"  href=\"#\" class=\"custom-link btn btn-sm border-width-0 popmake-643 btn-accent btn-outline btn-no-scale btn-icon-left\">\u8a73\u7d30\u60c5\u5831<\/a><\/span><\/div><\/div><\/div><\/div><\/div><script id=\"script-row-unique-10\" data-row=\"script-row-unique-10\" type=\"text\/javascript\" class=\"vc_controls\">UNCODE.initRow(document.getElementById(\"row-unique-10\"));<\/script><\/div><\/div><\/div><div data-parent=\"true\" class=\"vc_row row-container\" id=\"row-unique-14\"><div class=\"row limit-width row-parent\"><div class=\"wpb_row row-inner\"><div class=\"wpb_column pos-top pos-center align_left column_parent col-lg-12 single-internal-gutter\"><div class=\"uncol style-light\"  ><div class=\"uncoltable\"><div class=\"uncell no-block-padding\" ><div class=\"uncont\" ><div class=\"uncode-single-media  text-center\"><div class=\"single-wrapper\" style=\"max-width: 30%;\"><div class=\"tmb tmb-light  tmb-media-first tmb-media-last tmb-content-overlay tmb-no-bg\"><div class=\"t-inside\"><div class=\"t-entry-visual\"><div class=\"t-entry-visual-tc\"><div class=\"uncode-single-media-wrapper\"><img decoding=\"async\" class=\"wp-image-2814\" src=\"https:\/\/www.escuela-hablamos.com\/wp-content\/uploads\/2022\/11\/premio-innovacion.jpg\" width=\"900\" height=\"634\" alt=\"Premio Innovaci&oacute;n Cambridge House\" srcset=\"https:\/\/www.escuela-hablamos.com\/wp-content\/uploads\/2022\/11\/premio-innovacion.jpg 900w, https:\/\/www.escuela-hablamos.com\/wp-content\/uploads\/2022\/11\/premio-innovacion-300x211.jpg 300w, https:\/\/www.escuela-hablamos.com\/wp-content\/uploads\/2022\/11\/premio-innovacion-768x541.jpg 768w, https:\/\/www.escuela-hablamos.com\/wp-content\/uploads\/2022\/11\/premio-innovacion-18x12.jpg 18w, https:\/\/www.escuela-hablamos.com\/wp-content\/uploads\/2022\/11\/premio-innovacion-uai-720x507.jpg 720w\" sizes=\"(max-width: 900px) 100vw, 900px\" \/><\/div>\n\t\t\t\t\t<\/div>\n\t\t\t\t<\/div><\/div><\/div><\/div><\/div><\/div><\/div><\/div><\/div><\/div><script id=\"script-row-unique-14\" data-row=\"script-row-unique-14\" type=\"text\/javascript\" class=\"vc_controls\">UNCODE.initRow(document.getElementById(\"row-unique-14\"));<\/script><\/div><\/div><\/div><div data-parent=\"true\" class=\"vc_row row-container\" id=\"row-unique-15\"><div class=\"row single-top-padding single-bottom-padding single-h-padding limit-width row-parent\"><div class=\"wpb_row row-inner\"><div class=\"wpb_column pos-top pos-center align_center column_parent col-lg-12 half-internal-gutter\"><div class=\"uncol style-light\"  ><div class=\"uncoltable\"><div class=\"uncell\" ><div class=\"uncont no-block-padding col-custom-width\" style=\" max-width:60%;\" ><div class=\"empty-space empty-single\" ><span class=\"empty-space-inner\"><\/span><\/div>\n<div class=\"vc_custom_heading_wrap\"><div class=\"heading-text el-text\" ><h3 class=\"h6 fontheight-20 font-weight-400\" ><span>Cambridge House Group, \u3053\u308c\u3089\u306e\u6a29\u5a01\u3042\u308b\u7d44\u7e54\u306e\u30e1\u30f3\u30d0\u30fc\u3067\u3042\u308b\uff1a<\/span><\/h3><\/div><div class=\"clear\"><\/div><\/div><div class=\"vc_row row-internal row-container\"><div class=\"row row-child\"><div class=\"wpb_row row-inner\"><div class=\"wpb_column pos-top pos-center align_left column_child col-lg-4 col-md-33 col-sm-33 single-internal-gutter\"><div class=\"uncol style-light\" ><div class=\"uncoltable\"><div class=\"uncell no-block-padding\" ><div class=\"uncont\" ><div class=\"uncode-single-media  text-left\"><div class=\"single-wrapper\" style=\"max-width: 100%;\"><div class=\"tmb tmb-light  tmb-media-first tmb-media-last tmb-content-overlay tmb-no-bg\"><div class=\"t-inside\"><div class=\"t-entry-visual\"><div class=\"t-entry-visual-tc\"><div class=\"uncode-single-media-wrapper\"><img decoding=\"async\" class=\"wp-image-1479\" src=\"https:\/\/www.escuela-hablamos.com\/wp-content\/uploads\/2022\/08\/lg-fecei.jpeg\" width=\"300\" height=\"104\" alt=\"Hablamos, your Spanish language school in Madrid\" srcset=\"https:\/\/www.escuela-hablamos.com\/wp-content\/uploads\/2022\/08\/lg-fecei.jpeg 300w, https:\/\/www.escuela-hablamos.com\/wp-content\/uploads\/2022\/08\/lg-fecei-18x6.jpeg 18w\" sizes=\"(max-width: 300px) 100vw, 300px\" \/><\/div>\n\t\t\t\t\t<\/div>\n\t\t\t\t<\/div><\/div><\/div><\/div><\/div><\/div><\/div><\/div><\/div><\/div><div class=\"wpb_column pos-top pos-center align_left column_child col-lg-4 col-md-33 col-sm-33 single-internal-gutter\"><div class=\"uncol style-light\" ><div class=\"uncoltable\"><div class=\"uncell no-block-padding\" ><div class=\"uncont\" ><div class=\"uncode-single-media  text-left\"><div class=\"single-wrapper\" style=\"max-width: 100%;\"><div class=\"tmb tmb-light  tmb-media-first tmb-media-last tmb-content-overlay tmb-no-bg\"><div class=\"t-inside\"><div class=\"t-entry-visual\"><div class=\"t-entry-visual-tc\"><div class=\"uncode-single-media-wrapper\"><img decoding=\"async\" class=\"wp-image-1477\" src=\"https:\/\/www.escuela-hablamos.com\/wp-content\/uploads\/2022\/08\/lg-acade.jpeg\" width=\"300\" height=\"104\" alt=\"Hablamos, your Spanish language school in Madrid\" srcset=\"https:\/\/www.escuela-hablamos.com\/wp-content\/uploads\/2022\/08\/lg-acade.jpeg 300w, https:\/\/www.escuela-hablamos.com\/wp-content\/uploads\/2022\/08\/lg-acade-18x6.jpeg 18w\" sizes=\"(max-width: 300px) 100vw, 300px\" \/><\/div>\n\t\t\t\t\t<\/div>\n\t\t\t\t<\/div><\/div><\/div><\/div><\/div><\/div><\/div><\/div><\/div><\/div><div class=\"wpb_column pos-top pos-center align_left column_child col-lg-4 col-md-33 col-sm-33 single-internal-gutter\"><div class=\"uncol style-light\" ><div class=\"uncoltable\"><div class=\"uncell no-block-padding\" ><div class=\"uncont\" ><div class=\"uncode-single-media  text-left\"><div class=\"single-wrapper\" style=\"max-width: 100%;\"><div class=\"tmb tmb-light  tmb-media-first tmb-media-last tmb-content-overlay tmb-no-bg\"><div class=\"t-inside\"><div class=\"t-entry-visual\"><div class=\"t-entry-visual-tc\"><div class=\"uncode-single-media-wrapper\"><img decoding=\"async\" class=\"wp-image-1478\" src=\"https:\/\/www.escuela-hablamos.com\/wp-content\/uploads\/2022\/08\/lg-acedim.jpeg\" width=\"300\" height=\"104\" alt=\"Hablamos, your Spanish language school in Madrid\" srcset=\"https:\/\/www.escuela-hablamos.com\/wp-content\/uploads\/2022\/08\/lg-acedim.jpeg 300w, https:\/\/www.escuela-hablamos.com\/wp-content\/uploads\/2022\/08\/lg-acedim-18x6.jpeg 18w\" sizes=\"(max-width: 300px) 100vw, 300px\" \/><\/div>\n\t\t\t\t\t<\/div>\n\t\t\t\t<\/div><\/div><\/div><\/div><\/div><\/div><\/div><\/div><\/div><\/div><\/div><\/div><\/div><\/div><\/div><\/div><\/div><\/div><script id=\"script-row-unique-15\" data-row=\"script-row-unique-15\" type=\"text\/javascript\" class=\"vc_controls\">UNCODE.initRow(document.getElementById(\"row-unique-15\"));<\/script><\/div><\/div><\/div><div data-parent=\"true\" class=\"vc_row has-bg need-focus style-accent-bg row-container\" id=\"row-unique-19\"><div class=\"row limit-width row-parent\"><div class=\"wpb_row row-inner\"><div class=\"wpb_column pos-top pos-center align_center column_parent col-lg-12 single-internal-gutter\"><div class=\"uncol style-light\"  ><div class=\"uncoltable\"><div class=\"uncell no-block-padding\" ><div class=\"uncont\" ><div class=\"vc_custom_heading_wrap\"><div class=\"heading-text el-text\" ><h2 class=\"h1 text-color-xsdn-color\" ><span>\u3053\u308c\u306fHablamos\u3001\u30de\u30c9\u30ea\u30fc\u30c9\u306e\u30de\u30c9\u30ea\u30fc\u30c9\u306b\u3042\u308b\u30b9\u30da\u30a4\u30f3\u8a9e\u5b66\u6821\u3067\u3059<\/span><\/h2><\/div><div class=\"clear\"><\/div><\/div><\/div><\/div><\/div><\/div><\/div><script id=\"script-row-unique-19\" data-row=\"script-row-unique-19\" type=\"text\/javascript\" class=\"vc_controls\">UNCODE.initRow(document.getElementById(\"row-unique-19\"));<\/script><\/div><\/div><\/div><div data-parent=\"true\" class=\"vc_row row-container\" id=\"row-unique-21\"><div class=\"row double-top-padding double-bottom-padding single-h-padding limit-width row-parent\"><div class=\"wpb_row row-inner\"><div class=\"wpb_column pos-top pos-center align_center column_parent col-lg-12 single-internal-gutter\"><div class=\"uncol style-light\"  ><div class=\"uncoltable\"><div class=\"uncell no-block-padding\" ><div class=\"uncont\" ><span class=\"btn-container btn-inline animate_when_almost_visible left-t-right\" ><a role=\"button\"  href=\"https:\/\/www.escuela-hablamos.com\/ja\/contact-hablamos\/\" class=\"custom-link btn border-width-0 btn-accent btn-no-scale btn-icon-left\" title=\"Contact Hablamos\">\u8a71\u3092\u3057\u3088\u3046\u304b\uff1f<\/a><\/span><span class=\"btn-container btn-inline animate_when_almost_visible right-t-left\" ><a role=\"button\"  href=\"#\" class=\"custom-link btn border-width-0 popmake-1853 btn-Hablamos-blue btn-no-scale btn-icon-left\" title=\"Contact Hablamos\">\u30cb\u30e5\u30fc\u30b9\u30ec\u30bf\u30fc\u3092\u3054\u5e0c\u671b\u3067\u3059\u304b\uff1f<\/a><\/span><\/div><\/div><\/div><\/div><\/div><script id=\"script-row-unique-21\" data-row=\"script-row-unique-21\" type=\"text\/javascript\" class=\"vc_controls\">UNCODE.initRow(document.getElementById(\"row-unique-21\"));<\/script><\/div><\/div><\/div>\n<\/div>","protected":false},"excerpt":{"rendered":"<p>Hablamos es la escuela de espa\u00f1ol de grupo Cambridge House, grupo con m\u00e1s de 35 a\u00f1os de experiencia en la ense\u00f1anza de idiomas<\/p>","protected":false},"author":2,"featured_media":616,"parent":0,"menu_order":0,"comment_status":"closed","ping_status":"closed","template":"","meta":{"iawp_total_views":1295,"footnotes":""},"class_list":["post-151","page","type-page","status-publish","has-post-thumbnail","hentry"],"_links":{"self":[{"href":"https:\/\/www.escuela-hablamos.com\/ja\/wp-json\/wp\/v2\/pages\/151","targetHints":{"allow":["GET"]}}],"collection":[{"href":"https:\/\/www.escuela-hablamos.com\/ja\/wp-json\/wp\/v2\/pages"}],"about":[{"href":"https:\/\/www.escuela-hablamos.com\/ja\/wp-json\/wp\/v2\/types\/page"}],"author":[{"embeddable":true,"href":"https:\/\/www.escuela-hablamos.com\/ja\/wp-json\/wp\/v2\/users\/2"}],"replies":[{"embeddable":true,"href":"https:\/\/www.escuela-hablamos.com\/ja\/wp-json\/wp\/v2\/comments?post=151"}],"version-history":[{"count":76,"href":"https:\/\/www.escuela-hablamos.com\/ja\/wp-json\/wp\/v2\/pages\/151\/revisions"}],"predecessor-version":[{"id":11858,"href":"https:\/\/www.escuela-hablamos.com\/ja\/wp-json\/wp\/v2\/pages\/151\/revisions\/11858"}],"wp:featuredmedia":[{"embeddable":true,"href":"https:\/\/www.escuela-hablamos.com\/ja\/wp-json\/wp\/v2\/media\/616"}],"wp:attachment":[{"href":"https:\/\/www.escuela-hablamos.com\/ja\/wp-json\/wp\/v2\/media?parent=151"}],"curies":[{"name":"wp","href":"https:\/\/api.w.org\/{rel}","templated":true}]}}