{"id":6329,"date":"2024-01-25T09:40:45","date_gmt":"2024-01-25T09:40:45","guid":{"rendered":"https:\/\/www.escuela-hablamos.com\/?page_id=6329"},"modified":"2026-03-05T07:37:45","modified_gmt":"2026-03-05T07:37:45","slug":"access-to-university-studies","status":"publish","type":"page","link":"https:\/\/www.escuela-hablamos.com\/fr\/access-to-university-studies\/","title":{"rendered":"Acc\u00e8s aux \u00e9tudes universitaires"},"content":{"rendered":"<div class=\"wpb-content-wrapper\"><div data-parent=\"true\" class=\"vc_row row-container\" id=\"row-unique-4\"><div class=\"row unequal no-top-padding no-bottom-padding no-h-padding full-width row-parent\"><div class=\"wpb_row row-inner\"><div class=\"wpb_column pos-top pos-center align_left column_parent col-lg-6 single-internal-gutter\"><div class=\"uncol style-light animate_when_almost_visible left-t-right\"  ><div class=\"uncoltable\" style=\"min-height: 340px;\"><div class=\"uncell no-block-padding\" ><div class=\"column-background background-element\">\n\t\t\t\t\t\t\t\t\t\t\t<div class=\"background-wrapper\">\n\t\t\t\t\t\t\t\t\t\t\t\t<div class=\"background-inner\" style=\"background-image: url(https:\/\/www.escuela-hablamos.com\/wp-content\/uploads\/2024\/01\/UNIS.jpg);background-repeat: no-repeat;background-position: center center;background-size: cover;\" data-o_src=\"https:\/\/www.escuela-hablamos.com\/wp-content\/uploads\/2024\/01\/UNIS.jpg\"><\/div>\n\t\t\t\t\t\t\t\t\t\t\t\t\n\t\t\t\t\t\t\t\t\t\t\t<\/div>\n\t\t\t\t\t\t\t\t\t\t<\/div><div class=\"uncont\" ><\/div><\/div><\/div><\/div><\/div><div class=\"wpb_column pos-middle pos-left align_left column_parent col-lg-6 single-internal-gutter\"><div class=\"uncol style-light animate_when_almost_visible right-t-left\"  ><div class=\"uncoltable\"><div class=\"uncell no-block-padding\" ><div class=\"uncont\" ><div class=\"vc_row row-internal row-container\"><div class=\"row row-child\"><div class=\"wpb_row row-inner\"><div class=\"wpb_column pos-top pos-left align_left column_child col-lg-12 half-internal-gutter\"><div class=\"uncol style-light\" ><div class=\"uncoltable\"><div class=\"uncell single-block-padding\" ><div class=\"uncont\" style=\" max-width:80%;\" ><div class=\"vc_custom_heading_wrap\"><div class=\"heading-text el-text\" data-marquee-speed=\"\"><h3 class=\"h3 font-weight-400 text-color-620122-color text-uppercase un-text-marquee un-marquee\" ><span><mark>Hablamos<\/mark> vous conseille et vous pr\u00e9pare \u00e0 vos \u00e9tudes universitaires<br \/><\/span><\/h3><\/div><div class=\"clear\"><\/div><\/div><div class=\"empty-space empty-single\" ><span class=\"empty-space-inner\"><\/span><\/div>\n<div class=\"vc_custom_heading_wrap\"><div class=\"heading-text el-text\" ><h1 class=\"h2\" ><span>Acc\u00e8s aux \u00e9tudes universitaires<\/span><\/h1><\/div><div class=\"clear\"><\/div><\/div><div class=\"uncode_text_column\" ><p>Si, en plus de suivre vos cours d&#8217;espagnol \u00e0 <mark>Hablamos<\/mark>, vous souhaitez poursuivre vos \u00e9tudes en Espagne avec des \u00e9tudes universitaires, nous vous conseillons de lire ces informations essentielles sur l&#8217;ensemble du processus.<\/p>\n<p><mark>Hablamos<\/mark> collabore \u00e0 cette fin avec une acad\u00e9mie de Madrid qui a plus de 40 ans d&#8217;exp\u00e9rience dans la pr\u00e9paration des \u00e9tudiants \u00e0 l&#8217;entr\u00e9e \u00e0 l&#8217;universit\u00e9. Nous vous en parlons ci-dessous.<\/p>\n<\/div><div class=\"empty-space empty-double\" ><span class=\"empty-space-inner\"><\/span><\/div>\n<\/div><\/div><\/div><\/div><\/div><\/div><\/div><\/div><\/div><\/div><\/div><\/div><\/div><script id=\"script-row-unique-4\" data-row=\"script-row-unique-4\" type=\"text\/javascript\" class=\"vc_controls\">UNCODE.initRow(document.getElementById(\"row-unique-4\"));<\/script><\/div><\/div><\/div><div data-parent=\"true\" class=\"vc_row has-bg need-focus style-Hablamos-blue3-bg row-container\" id=\"row-unique-9\"><div class=\"row unequal col-double-gutter triple-top-padding triple-bottom-padding single-h-padding limit-width row-parent\"><div class=\"wpb_row row-inner\"><div class=\"wpb_column pos-middle pos-center align_left column_parent col-lg-12 half-internal-gutter\"><div class=\"uncol style-light animate_when_almost_visible top-t-bottom\"  ><div class=\"uncoltable\"><div class=\"uncell no-block-padding\" ><div class=\"uncont\" ><div class=\"vc_custom_heading_wrap\"><div class=\"heading-text el-text\" ><h2 class=\"h3 text-accent-color\" ><span>Comment puis-je \u00e9tudier \u00e0 l&#8217;universit\u00e9 en Espagne ?<\/span><\/h2><\/div><div class=\"clear\"><\/div><\/div><div class=\"uncode-accordion wpb_accordion wpb_content_element  sign-size-rg default-typography w-border\" data-collapsible=\"no\" data-target=\"\" data-active-tab=\"0\" >\n\t\t<div class=\"panel-group wpb_wrapper wpb_accordion_wrapper\" id=\"accordion_2102497113\" data-no-toggle=\"\">\n\n<div class=\"panel panel-default wpb_accordion_section group  no-block-padding\"><div class=\"panel-heading wpb_accordion_header ui-accordion-header\"><p class=\"panel-title font-weight- text-   icon-size-rg\"><a data-toggle=\"collapse\" data-parent=\"#accordion_2102497113\" href=\"#1658839656-1-88\"><span>Qu'est-ce que l'accr\u00e9ditation et les tests PCE ?<\/span><\/a><\/p><\/div><div id=\"1658839656-1-88\" class=\"panel-collapse collapse\"><div class=\"panel-body wpb_accordion_content ui-accordion-content half-internal-gutter single-block-padding\">\n\t\t\t\t\t\t<div class=\"uncode_text_column\" ><p>Si vous \u00eates un \u00e9tudiant \u00e9tranger titulaire d&#8217;un baccalaur\u00e9at et que vous souhaitez obtenir un dipl\u00f4me universitaire en Espagne, <strong>la premi\u00e8re chose dont vous aurez besoin sera une accr\u00e9ditation certifiant que vos \u00e9tudes de baccalaur\u00e9at sont valables<\/strong>. Cette accr\u00e9ditation est d\u00e9livr\u00e9e par l&#8217;UNED (ou Universidad Espa\u00f1ola de Educaci\u00f3n a Distancia).<\/p>\n<p>D&#8217;autre part, comme vous le verrez ci-dessous, en fonction du pays o\u00f9 vous avez obtenu votre baccalaur\u00e9at et de vos \u00e9tudes ant\u00e9rieures, vous devrez peut-\u00eatre \u00e9galement passer <strong>les Pruebas de Competencias Espec\u00edficas (PCE). Les PCE ou Pruebas de Competencias Espec\u00edficas<\/strong> sont les examens d&#8217;entr\u00e9e \u00e0 l&#8217;universit\u00e9 espagnole pour tous les \u00e9tudiants qui ont obtenu leur baccalaur\u00e9at (ou l&#8217;\u00e9quivalent) dans un syst\u00e8me \u00e9ducatif autre que le syst\u00e8me espagnol.<\/p>\n<p class=\"p1\">Ces tests sont une s\u00e9rie d&#8217;examens qui \u00e9valuent vos connaissances et qui, si vous les r\u00e9ussissez, vous permettront d&#8217;entrer dans une universit\u00e9 espagnole, \u00e0 condition que vous obteniez la note minimale d&#8217;entr\u00e9e.<\/p>\n<p class=\"p1\">L&#8217;entit\u00e9 responsable et la seule en Espagne \u00e0 d\u00e9livrer \u00e0 la fois l&#8217;accr\u00e9ditation requise par les universit\u00e9s espagnoles et les tests PCE est <strong>l&#8217;UNED (ou Universidad Espa\u00f1ola de Educaci\u00f3n a Distancia) ou UNEDassis.<\/strong><\/p>\n<p>Ces examens PCE <strong>permettent d&#8217;acc\u00e9der \u00e0 toutes les universit\u00e9s publiques en Espagne<\/strong>, et de nombreuses universit\u00e9s priv\u00e9es l&#8217;exigent \u00e9galement.<\/p>\n<p>Les ECP sont divis\u00e9s en quatre modalit\u00e9s : <strong>Sciences, Sciences de la sant\u00e9, Arts et humanit\u00e9s, et Sciences sociales et juridiques<\/strong>. Chaque modalit\u00e9 comporte plusieurs mati\u00e8res pour lesquelles l&#8217;\u00e9tudiant doit passer l&#8217;examen, et chaque mati\u00e8re a un format d&#8217;examen sp\u00e9cifique (examen avec des questions \u00e0 choix multiples, questions o\u00f9 il faut d\u00e9velopper un sujet ou r\u00e9soudre un exercice pratique, etc.)<\/p>\n<p class=\"p1\">L&#8217;\u00e9tudiant peut demander que les questions de l&#8217;examen soient r\u00e9dig\u00e9es en anglais (en plus d&#8217;\u00eatre en espagnol), <strong>mais il est obligatoire de r\u00e9pondre \u00e0 l&#8217;examen en espagnol. <\/strong><\/p>\n<p>Les \u00e9tudiants peuvent choisir un maximum de 6 mati\u00e8res en fonction de <strong>la modalit\u00e9 qu&#8217;ils ont choisie<\/strong> et des mati\u00e8res qui ont <strong>le plus de poids ou qui donnent le plus de points<\/strong> dans l&#8217;universit\u00e9 qu&#8217;ils souhaitent int\u00e9grer. La recommandation officielle est de choisir un minimum de 4 mati\u00e8res.<\/p>\n<\/div><\/div><\/div><\/div><div class=\"panel panel-default wpb_accordion_section group  no-block-padding\"><div class=\"panel-heading wpb_accordion_header ui-accordion-header\"><p class=\"panel-title font-weight- text-   icon-size-rg\"><a data-toggle=\"collapse\" data-parent=\"#accordion_2102497113\" href=\"#1658839656-2-13\"><span>Le test PCE, obligatoire pour tous les \u00e9tudiants \u00e9trangers ?<\/span><\/a><\/p><\/div><div id=\"1658839656-2-13\" class=\"panel-collapse collapse\"><div class=\"panel-body wpb_accordion_content ui-accordion-content half-internal-gutter single-block-padding\">\n\t\t\t\t\t\t<div class=\"uncode_text_column\" ><\/p>\n<p class=\"p1\">Pour savoir si vous devez passer l&#8217;examen obligatoire d&#8217;entr\u00e9e \u00e0 l&#8217;universit\u00e9 ou ECP, <strong>il est essentiel de savoir si votre pays d&#8217;origine fait partie du groupe suivant ou non :<\/strong><\/p>\n<p><b>A. <u>PAYS DE L&#8217;UNION EUROP\u00c9ENNE:<\/u><\/b> l<strong>es \u00e9tudiants de l&#8217;Union europ\u00e9enne titulaires d&#8217;un baccalaur\u00e9at n&#8217;ont pas \u00e0 passer l&#8217;examen de l&#8217;ECP<\/strong> et peuvent valider automatiquement leur baccalaur\u00e9at. Il leur suffit d&#8217;obtenir ce document : <strong>Credencial de Calificaci\u00f3n de Acceso d\u00e9livr\u00e9 par l&#8217;UNED.<\/strong><b><\/b><\/p>\n<p>Cependant, bien qu&#8217;il ne soit pas obligatoire pour les \u00e9tudiants de l&#8217;Union europ\u00e9enne, <strong>de nombreux \u00e9tudiants europ\u00e9ens passent les examens PCE exclusivement pour augmenter leurs notes pour certains cours universitaires qui sont tr\u00e8s demand\u00e9s ou pour lesquels le niveau d&#8217;entr\u00e9e est tr\u00e8s \u00e9lev\u00e9. Gr\u00e2ce \u00e0 cet examen, ces \u00e9tudiants peuvent augmenter leur note d&#8217;entr\u00e9e de 4 points en prenant deux mati\u00e8res \u00e0 l&#8217;examen PCE.<\/strong><\/p>\n<p><b>B. <u>PAYS AYANT CONCLU UN ACCORD AVEC L&#8217;ETAT ESPAGNOL: <\/u><\/b>les \u00e9tudiants originaires de l&#8217;un des pays suivants : <strong>Allemagne, Andorre, Autriche, Belgique, Bulgarie, Chine, Chypre, Colombie, Croatie, Danemark, Estonie, Finlande, France, Gr\u00e8ce, Hongrie, Irlande, Islande, Italie, Lettonie, Liechtenstein, Lituanie, Luxembourg, Malte, Norv\u00e8ge, Pays-Bas, Pologne, Portugal, R\u00e9publique tch\u00e8que, Roumanie, Slovaquie, Slov\u00e9nie, Su\u00e8de, Suisse et Royaume-Uni ne doivent pas passer l&#8217;examen de l&#8217;ECP<\/strong> et peuvent faire valider leur baccalaur\u00e9at automatiquement.<\/p>\n<p>Il leur suffit d&#8217;obtenir ce document : <strong>le certificat de qualification d&#8217;acc\u00e8s d\u00e9livr\u00e9 par l&#8217;UNED.<\/strong><\/p>\n<p>Toutefois, comme dans le cas des \u00e9tudiants europ\u00e9ens, <strong>les \u00e9tudiants de ces pays ayant conclu un accord peuvent \u00e9galement passer les examens PCE afin d&#8217;augmenter leurs notes pour certains cours universitaires tr\u00e8s demand\u00e9s ou pour lesquels le niveau d&#8217;entr\u00e9e est tr\u00e8s \u00e9lev\u00e9. Avec cet examen, ils peuvent augmenter leur qualification d&#8217;entr\u00e9e jusqu&#8217;\u00e0 4 points en prenant deux mati\u00e8res dans l&#8217;examen PCE.<\/strong><\/p>\n<p><b>C. <u>PAYS HORS DE L&#8217;UNION EUROP\u00c9ENNE OU PAYS N&#8217;AYANT PAS D&#8217;ACCORD AVEC L&#8217;\u00c9TAT ESPAGNOL:<\/u><\/b> pour les pays qui ne font pas partie des groupes a) ou b), <strong>ils doivent faire reconna\u00eetre officiellement leur baccalaur\u00e9at et passer l&#8217;examen PCE pour avoir acc\u00e8s aux universit\u00e9s publiques en Espagne.<\/strong><\/p>\n<p>Ces \u00e9tudiants doivent homologuer leurs qualifications dans le cadre d&#8217;un processus qui peut \u00eatre r\u00e9alis\u00e9 lors de la pr\u00e9paration de l&#8217;examen ECP. Cet examen comporte, pour ce groupe d&#8217;\u00e9tudiants, au moins 4 mati\u00e8res qu&#8217;ils devront pr\u00e9parer et passer.<\/p>\n<\/div><\/div><\/div><\/div><div class=\"panel panel-default wpb_accordion_section group  no-block-padding\"><div class=\"panel-heading wpb_accordion_header ui-accordion-header\"><p class=\"panel-title font-weight- text-   icon-size-rg\"><a data-toggle=\"collapse\" data-parent=\"#accordion_2102497113\" href=\"#1658840038404-2-6\"><span>Comment et o\u00f9 puis-je me pr\u00e9parer \u00e0 l'examen de l'ECP et g\u00e9rer mon entr\u00e9e \u00e0 l'universit\u00e9 ?<\/span><\/a><\/p><\/div><div id=\"1658840038404-2-6\" class=\"panel-collapse collapse\"><div class=\"panel-body wpb_accordion_content ui-accordion-content half-internal-gutter single-block-padding\">\n\t\t\t\t\t\t<div class=\"uncode_text_column\" ><p><strong>Par l&#8217;interm\u00e9diaire d&#8217;un centre collaborateur de l&#8217;UNED,<\/strong> les \u00e9tudiants peuvent g\u00e9rer toutes les proc\u00e9dures n\u00e9cessaires pour se pr\u00e9parer \u00e0 cet examen PCE et acc\u00e9der \u00e0 l&#8217;universit\u00e9.<\/p>\n<p>Hablamos collabore \u00e0 cette fin avec une \u00e9cole sp\u00e9cialis\u00e9e qui pr\u00e9pare les \u00e9tudiants \u00e0 l&#8217;entr\u00e9e \u00e0 l&#8217;universit\u00e9 depuis plus de 40 ans et qui partage avec Hablamos le m\u00eame engagement \u00e0 offrir un enseignement de qualit\u00e9, un traitement tr\u00e8s personnalis\u00e9 \u00e0 l&#8217;\u00e9tudiant et un personnel tr\u00e8s professionnel pour garantir que les \u00e9tudiants r\u00e9ussissent les examens de l&#8217;ECP.<\/p>\n<p>Si vous \u00eates un \u00e9tudiant d&#8217;Hablamos, nous organiserons une visite de cette \u00e9cole pour vous, et si vous n&#8217;\u00eates pas un \u00e9tudiant, nous vous aiderons \u00e9galement \u00e0 entrer en contact avec eux en notre nom, afin qu&#8217;ils puissent vous conseiller et vous indiquer les \u00e9tapes \u00e0 suivre pour que vous puissiez commencer le processus de pr\u00e9paration \u00e0 l&#8217;examen PCE et l&#8217;acc\u00e8s \u00e0 l&#8217;universit\u00e9 espagnole.<\/p>\n<p>Cette \u00e9cole propose des cours de pr\u00e9paration allant de 4 heures par semaine \u00e0 des cours tr\u00e8s intensifs de 20 heures par semaine. Les cours pr\u00e9sentent les caract\u00e9ristiques suivantes :<\/p>\n<ul>\n<li>Programme d&#8217;\u00e9tude personnalis\u00e9.<\/li>\n<li>Classes quotidiennes avec un maximum de 10 \u00e9tudiants par classe.<\/li>\n<li>Travaux dirig\u00e9s hebdomadaires avec explications en groupe de toutes les mati\u00e8res.<\/li>\n<li>Examens blancs tous les mois.<\/li>\n<li>Campus virtuel 24 heures sur 24, 7 jours sur 7.<\/li>\n<\/ul>\n<p><strong>Pour passer ces examens PCE, il est recommand\u00e9 que l&#8217;\u00e9tudiant ait un niveau B1 ou aussi proche que possible du niveau B1 en espagnol.<\/strong> Par la suite, <em><strong>dans les universit\u00e9s de Madrid,<\/strong><\/em> <em><strong>les \u00e9tudiants devront avoir un niveau B2 en espagnol.<\/strong><\/em><\/p>\n<\/div><\/div><\/div><\/div><div class=\"panel panel-default wpb_accordion_section group  no-block-padding\"><div class=\"panel-heading wpb_accordion_header ui-accordion-header\"><p class=\"panel-title font-weight- text-   icon-size-rg\"><a data-toggle=\"collapse\" data-parent=\"#accordion_2102497113\" href=\"#1658840095170-3-6\"><span>Comment la note d'admission \u00e0 l'universit\u00e9 est-elle calcul\u00e9e ?<\/span><\/a><\/p><\/div><div id=\"1658840095170-3-6\" class=\"panel-collapse collapse\"><div class=\"panel-body wpb_accordion_content ui-accordion-content half-internal-gutter single-block-padding\">\n\t\t\t\t\t\t<div class=\"uncode_text_column\" ><\/p>\n<p class=\"p1\">L&#8217;UNED accr\u00e9dite une qualification (10 points maximum) qui permet de participer aux proc\u00e9dures d&#8217;admission dans les universit\u00e9s espagnoles :<\/p>\n<ul>\n<li class=\"li1\"><strong>Pour les \u00e9tudiants de l&#8217;Union europ\u00e9enne ou des syst\u00e8mes \u00e9ducatifs avec accord de r\u00e9ciprocit\u00e9,<\/strong> ce calcul est effectu\u00e9 avec les r\u00e9sultats obtenus dans les dossiers acad\u00e9miques du syst\u00e8me \u00e9ducatif d&#8217;origine.<\/li>\n<li class=\"li1\"><strong>Pour le reste des \u00e9tudiants internationaux, cette qualification est obtenue avec une pond\u00e9ration de 60% des notes obtenues par l&#8217;\u00e9tudiant dans son dossier acad\u00e9mique dans son pays d&#8217;origine, et 40% est obtenu avec les tests PCE effectu\u00e9s \u00e0 l&#8217;UNED. <\/strong><\/li>\n<\/ul>\n<p>De nombreuses universit\u00e9s peuvent accorder jusqu&#8217;\u00e0 4 points suppl\u00e9mentaires, selon leurs crit\u00e8res d&#8217;admission, si l&#8217;\u00e9tudiant pr\u00e9pare certaines mati\u00e8res et obtient certains r\u00e9sultats dans celles-ci. <strong>Comme vous pouvez le constater, la r\u00e9ussite aux examens PCE est essentielle dans ce processus, mais il faut \u00e9galement pr\u00e9parer certaines mati\u00e8res qui nous aideront \u00e0 augmenter notre note globale pour l&#8217;entr\u00e9e \u00e0 l&#8217;universit\u00e9.<\/strong><\/p>\n<p class=\"p1\"><strong>Le Centre universitaire San Bernardo avec lequel nous collaborons dispose d&#8217;un service d&#8217;orientation des \u00e9tudiants<\/strong> qui aide tous ses \u00e9tudiants \u00e0 choisir les meilleures mati\u00e8res et itin\u00e9raires pour r\u00e9ussir les examens de l&#8217;ECP avec une bonne note. Ils vous informeront \u00e9galement de toutes les d\u00e9marches administratives li\u00e9es \u00e0 ce processus.<\/p>\n<p>\n<\/div><\/div><\/div><\/div><div class=\"panel panel-default wpb_accordion_section group  no-block-padding\"><div class=\"panel-heading wpb_accordion_header ui-accordion-header\"><p class=\"panel-title font-weight- text-   icon-size-rg\"><a data-toggle=\"collapse\" data-parent=\"#accordion_2102497113\" href=\"#1706176239919-4-1\"><span>Quelles sont les dates des \u00e9preuves de l'ECP ?<\/span><\/a><\/p><\/div><div id=\"1706176239919-4-1\" class=\"panel-collapse collapse\"><div class=\"panel-body wpb_accordion_content ui-accordion-content half-internal-gutter single-block-padding\">\n\t\t\t\t\t\t<div class=\"uncode_text_column\" ><\/p>\n<p class=\"p1\">Il y a <strong>deux cycles<\/strong> de la PEC chaque ann\u00e9e. La premi\u00e8re a lieu <strong>fin mai ou d\u00e9but juin<\/strong>, et la seconde en <strong>septembre<\/strong>.<\/p>\n<p class=\"p2\"><strong>L&#8217;id\u00e9al est de s&#8217;inscrire \u00e0 la premi\u00e8re session<\/strong>, car si vous vous inscrivez \u00e0 la session de septembre, de nombreuses places dans certains cours ou universit\u00e9s auront d\u00e9j\u00e0 \u00e9t\u00e9 prises par des \u00e9tudiants ayant pass\u00e9 leurs examens d&#8217;ECP fin mai ou d\u00e9but juin.<\/p>\n<p class=\"p1\">Les r\u00e9sultats de ces tests prennent normalement trois \u00e0 quatre semaines.<\/p>\n<p class=\"p1\"><strong>Il est important de conna\u00eetre les d\u00e9lais d&#8217;inscription aux examens de l&#8217;ECP, car ils ont des dates pr\u00e9cises. Pass\u00e9 ce d\u00e9lai, vous ne pourrez plus vous inscrire et vous ne pourrez pas vous pr\u00e9senter \u00e0 l&#8217;examen. <\/strong><\/p>\n<p class=\"p1\">Les examens des ECP se d\u00e9roulent \u00e0 Madrid et dans de nombreuses autres villes d&#8217;Espagne, mais il est \u00e9galement possible de passer les examens dans les centres d&#8217;examen rattach\u00e9s \u00e0 l&#8217;UNED dans divers pays sur diff\u00e9rents continents.<\/p>\n<p>\n<\/div><\/div><\/div><\/div>\n\t\t<\/div><\/div><div class=\"uncode_text_column\" ><\/p>\n<p class=\"p1\">Si vous avez besoin de plus d&#8217;informations \u00e0 ce sujet, vous pouvez nous \u00e9crire \u00e0 l&#8217;adresse suivante <a href=\"mailto:clientes@escuela-hablamos.com\" target=\"_blank\" rel=\"noopener\"><span class=\"s1\">clientes@escuela-hablamos.com<\/span><\/a><\/p>\n<p>\n<\/div><\/div><\/div><\/div><\/div><\/div><script id=\"script-row-unique-9\" data-row=\"script-row-unique-9\" type=\"text\/javascript\" class=\"vc_controls\">UNCODE.initRow(document.getElementById(\"row-unique-9\"));<\/script><\/div><\/div><\/div><div data-parent=\"true\" class=\"vc_row has-bg need-focus style-accent-bg row-container mobile-hidden\" id=\"row-unique-31\"><div class=\"row limit-width row-parent\"><div class=\"wpb_row row-inner\"><div class=\"wpb_column pos-top pos-center align_center column_parent col-lg-12 single-internal-gutter\"><div class=\"uncol style-light\"  ><div class=\"uncoltable\"><div class=\"uncell no-block-padding\" ><div class=\"uncont\" ><div class=\"vc_custom_heading_wrap mobile-hidden\"><div class=\"heading-text el-text\" ><h2 class=\"h1 text-color-xsdn-color\" ><span>C'est <span class=\"split-word uncode-rotating-span uncode-rotating-text-start\" data-text=\"votre \u00e9cole d'espagnol \u00e0 Madrid|bien plus qu'apprendre l'espagnol|Hablamos\" data-fx=\"zoom\" data-wait=\"3000\">&nbsp;<\/span><span class=\"split-word word1\"><span class=\"split-word-flow\"><span class=\"split-word-inner\"><span class=\"split-char char92\">H<\/span><span class=\"split-char char93\">a<\/span><span class=\"split-char char94\">b<\/span><span class=\"split-char char95\">l<\/span><span class=\"split-char char96\">a<\/span><span class=\"split-char char97\">m<\/span><span class=\"split-char char98\">o<\/span><span class=\"split-char char99\">s<\/span><\/span><\/span><\/span><span class=\"split-word uncode-rotating-span uncode-rotating-text-end\">&nbsp;<\/span><\/span><\/h2><\/div><div class=\"clear\"><\/div><\/div><\/div><\/div><\/div><\/div><\/div><script id=\"script-row-unique-31\" data-row=\"script-row-unique-31\" type=\"text\/javascript\" class=\"vc_controls\">UNCODE.initRow(document.getElementById(\"row-unique-31\"));<\/script><\/div><\/div><\/div><div data-parent=\"true\" class=\"vc_row row-container\" id=\"row-unique-33\"><div class=\"row double-top-padding double-bottom-padding single-h-padding limit-width row-parent\"><div class=\"wpb_row row-inner\"><div class=\"wpb_column pos-top pos-center align_center column_parent col-lg-12 single-internal-gutter\"><div class=\"uncol style-light\"  ><div class=\"uncoltable\"><div class=\"uncell no-block-padding\" ><div class=\"uncont\" ><span class=\"btn-container btn-inline animate_when_almost_visible left-t-right\" ><a role=\"button\"  href=\"https:\/\/www.escuela-hablamos.com\/fr\/contact-hablamos\/\" class=\"custom-link btn border-width-0 btn-accent btn-no-scale btn-icon-left\" title=\"Contact Hablamos\">On peut parler ?<\/a><\/span><span class=\"btn-container btn-inline animate_when_almost_visible right-t-left\" ><a role=\"button\"  href=\"#\" class=\"custom-link btn border-width-0 popmake-1853 btn-Hablamos-blue btn-no-scale btn-icon-left\" title=\"Contact Hablamos\">Recevoir notre newsletter ?<\/a><\/span><\/div><\/div><\/div><\/div><\/div><script id=\"script-row-unique-33\" data-row=\"script-row-unique-33\" type=\"text\/javascript\" class=\"vc_controls\">UNCODE.initRow(document.getElementById(\"row-unique-33\"));<\/script><\/div><\/div><\/div>\n<\/div>","protected":false},"excerpt":{"rendered":"<p>Are you interested in continuing your studies in Spain with university studies?<\/p>","protected":false},"author":2,"featured_media":6360,"parent":0,"menu_order":0,"comment_status":"closed","ping_status":"closed","template":"","meta":{"iawp_total_views":331,"footnotes":""},"class_list":["post-6329","page","type-page","status-publish","has-post-thumbnail","hentry"],"_links":{"self":[{"href":"https:\/\/www.escuela-hablamos.com\/fr\/wp-json\/wp\/v2\/pages\/6329","targetHints":{"allow":["GET"]}}],"collection":[{"href":"https:\/\/www.escuela-hablamos.com\/fr\/wp-json\/wp\/v2\/pages"}],"about":[{"href":"https:\/\/www.escuela-hablamos.com\/fr\/wp-json\/wp\/v2\/types\/page"}],"author":[{"embeddable":true,"href":"https:\/\/www.escuela-hablamos.com\/fr\/wp-json\/wp\/v2\/users\/2"}],"replies":[{"embeddable":true,"href":"https:\/\/www.escuela-hablamos.com\/fr\/wp-json\/wp\/v2\/comments?post=6329"}],"version-history":[{"count":41,"href":"https:\/\/www.escuela-hablamos.com\/fr\/wp-json\/wp\/v2\/pages\/6329\/revisions"}],"predecessor-version":[{"id":157991,"href":"https:\/\/www.escuela-hablamos.com\/fr\/wp-json\/wp\/v2\/pages\/6329\/revisions\/157991"}],"wp:featuredmedia":[{"embeddable":true,"href":"https:\/\/www.escuela-hablamos.com\/fr\/wp-json\/wp\/v2\/media\/6360"}],"wp:attachment":[{"href":"https:\/\/www.escuela-hablamos.com\/fr\/wp-json\/wp\/v2\/media?parent=6329"}],"curies":[{"name":"wp","href":"https:\/\/api.w.org\/{rel}","templated":true}]}}