{"id":2250,"date":"2022-09-28T06:05:26","date_gmt":"2022-09-28T06:05:26","guid":{"rendered":"https:\/\/www.escuela-hablamos.com\/?page_id=2250"},"modified":"2026-03-05T07:33:17","modified_gmt":"2026-03-05T07:33:17","slug":"application-for-nie","status":"publish","type":"page","link":"https:\/\/www.escuela-hablamos.com\/fr\/application-for-nie\/","title":{"rendered":"Application for NIE"},"content":{"rendered":"<div class=\"wpb-content-wrapper\"><div data-parent=\"true\" class=\"vc_row row-container\" id=\"row-unique-4\"><div class=\"row unequal no-top-padding no-bottom-padding no-h-padding full-width row-parent\"><div class=\"wpb_row row-inner\"><div class=\"wpb_column pos-top pos-center align_left column_parent col-lg-6 single-internal-gutter\"><div class=\"uncol style-light animate_when_almost_visible left-t-right\"  ><div class=\"uncoltable\" style=\"min-height: 340px;\"><div class=\"uncell no-block-padding\" ><div class=\"column-background background-element\">\n\t\t\t\t\t\t\t\t\t\t\t<div class=\"background-wrapper\">\n\t\t\t\t\t\t\t\t\t\t\t\t<div class=\"background-inner\" style=\"background-image: url(https:\/\/www.escuela-hablamos.com\/wp-content\/uploads\/2022\/09\/number.jpg);background-repeat: no-repeat;background-position: center center;background-size: cover;\" data-o_src=\"https:\/\/www.escuela-hablamos.com\/wp-content\/uploads\/2022\/09\/number.jpg\"><\/div>\n\t\t\t\t\t\t\t\t\t\t\t\t\n\t\t\t\t\t\t\t\t\t\t\t<\/div>\n\t\t\t\t\t\t\t\t\t\t<\/div><div class=\"uncont\" ><\/div><\/div><\/div><\/div><\/div><div class=\"wpb_column pos-middle pos-left align_left column_parent col-lg-6 single-internal-gutter\"><div class=\"uncol style-light animate_when_almost_visible right-t-left\"  ><div class=\"uncoltable\"><div class=\"uncell no-block-padding\" ><div class=\"uncont\" ><div class=\"vc_row row-internal row-container\"><div class=\"row row-child\"><div class=\"wpb_row row-inner\"><div class=\"wpb_column pos-top pos-left align_left column_child col-lg-12 half-internal-gutter\"><div class=\"uncol style-light\" ><div class=\"uncoltable\"><div class=\"uncell single-block-padding\" ><div class=\"uncont\" style=\" max-width:80%;\" ><div class=\"vc_custom_heading_wrap\"><div class=\"heading-text el-text\" data-marquee-speed=\"\"><h3 class=\"h3 font-weight-400 text-color-620122-color text-uppercase un-text-marquee un-marquee\" ><span><mark>Hablamos<\/mark> vous aide \u00e0 accomplir toutes les formalit\u00e9s n\u00e9cessaires<\/span><\/h3><\/div><div class=\"clear\"><\/div><\/div><div class=\"empty-space empty-single\" ><span class=\"empty-space-inner\"><\/span><\/div>\n<div class=\"vc_custom_heading_wrap\"><div class=\"heading-text el-text\" ><h1 class=\"h2\" ><span>Demande de NIE pour les \u00e9tudiants europ\u00e9ens<\/span><\/h1><\/div><div class=\"clear\"><\/div><\/div><div class=\"uncode_text_column\" ><p>Si vous allez \u00e9tudier en Espagne pendant plus de 90 jours, et m\u00eame si vous \u00eates un citoyen europ\u00e9en, il est n\u00e9cessaire d&#8217;obtenir un <strong>NIE ou num\u00e9ro d&#8217;identit\u00e9 d&#8217;\u00e9tranger<\/strong>, et voici les conditions de base.<\/p>\n<p>Le NIE va \u00eatre notre <strong>&#8220;num\u00e9ro d&#8217;identit\u00e9&#8221;,<\/strong> pour le gouvernement espagnol, et c&#8217;est le num\u00e9ro que nous allons utiliser en Espagne si nous travaillons, si nous louons une maison, si nous nous inscrivons au bureau des imp\u00f4ts, \u00e0 la s\u00e9curit\u00e9 sociale, etc. Le NIE est un num\u00e9ro que le gouvernement espagnol vous donne pour vous identifier, mais il ne s&#8217;agit pas d&#8217;une carte physique ou d&#8217;un document physique. Il s&#8217;agit d&#8217;un simple num\u00e9ro qui vous identifie aupr\u00e8s de l&#8217;administration espagnole mais qui est n\u00e9cessaire pour de nombreuses d\u00e9marches.<\/p>\n<p>Les citoyens de l&#8217;UE peuvent, selon la loi, vivre dans n&#8217;importe quel autre pays de l&#8217;UE, mais apr\u00e8s 90 jours de s\u00e9jour en tant que touriste, il est n\u00e9cessaire d&#8217;obtenir le NIE.<\/p>\n<\/div><div class=\"empty-space empty-double\" ><span class=\"empty-space-inner\"><\/span><\/div>\n<\/div><\/div><\/div><\/div><\/div><\/div><\/div><\/div><\/div><\/div><\/div><\/div><\/div><script id=\"script-row-unique-4\" data-row=\"script-row-unique-4\" type=\"text\/javascript\" class=\"vc_controls\">UNCODE.initRow(document.getElementById(\"row-unique-4\"));<\/script><\/div><\/div><\/div><div data-parent=\"true\" class=\"vc_row has-bg need-focus style-Hablamos-blue3-bg row-container\" id=\"row-unique-11\"><div class=\"row unequal col-double-gutter triple-top-padding triple-bottom-padding single-h-padding limit-width row-parent\"><div class=\"wpb_row row-inner\"><div class=\"wpb_column pos-middle pos-center align_left column_parent col-lg-12 half-internal-gutter\"><div class=\"uncol style-light animate_when_almost_visible top-t-bottom\"  ><div class=\"uncoltable\"><div class=\"uncell no-block-padding\" ><div class=\"uncont\" ><div class=\"vc_custom_heading_wrap\"><div class=\"heading-text el-text\" ><h2 class=\"h3\" ><span>Le traitement de la NIE<\/span><\/h2><\/div><div class=\"clear\"><\/div><\/div><div class=\"uncode-accordion wpb_accordion wpb_content_element  sign-size-rg default-typography w-border\" data-collapsible=\"no\" data-target=\"\" data-active-tab=\"0\" >\n\t\t<div class=\"panel-group wpb_wrapper wpb_accordion_wrapper\" id=\"accordion_254760778\" data-no-toggle=\"\">\n\n<div class=\"panel panel-default wpb_accordion_section group\"><div class=\"panel-heading wpb_accordion_header ui-accordion-header\"><p class=\"panel-title font-weight- text-   icon-size-rg\"><a data-toggle=\"collapse\" data-parent=\"#accordion_254760778\" href=\"#1658839656-1-88\"><span>Quand et qui en a besoin ?<\/span><\/a><\/p><\/div><div id=\"1658839656-1-88\" class=\"panel-collapse collapse\"><div class=\"panel-body wpb_accordion_content ui-accordion-content half-internal-gutter single-block-padding\">\n\t\t\t\t\t\t<div class=\"uncode_text_column\" ><p>Vous pouvez demander diff\u00e9rents types de NIE en fonction de ce que vous allez faire en Espagne pendant la p\u00e9riode que vous avez choisie. Si vous allez \u00e9tudier l&#8217;espagnol \u00e0 l&#8217;\u00e9tranger pendant une p\u00e9riode de <strong>plus de 90 jours<\/strong>, voici la proc\u00e9dure \u00e0 suivre.<\/p>\n<p>Si vous \u00eates ressortissant d&#8217;un \u00c9tat membre de l&#8217;Union europ\u00e9enne ou du Liechtenstein, de l&#8217;Islande, de la Norv\u00e8ge et de la Suisse, vous avez le droit de circuler et de s\u00e9journer librement en Espagne. Les \u00e9tudiants de ces pays n&#8217;ont aucune formalit\u00e9 \u00e0 accomplir avant leur arriv\u00e9e.<\/p>\n<p><strong>Toutefois, si votre s\u00e9jour est sup\u00e9rieur \u00e0 trois mois, vous devez demander votre inscription au registre central des \u00e9trangers, o\u00f9 vous obtiendrez un CERTIFICAT D&#8217;INSCRIPTION EN TANT QUE CITOYEN DE L&#8217;UNION et un num\u00e9ro d&#8217;identification d&#8217;\u00e9tranger (NIE).<\/strong><\/p>\n<p><strong>Tr\u00e8s important : toutes les informations fournies ici sont des informations g\u00e9n\u00e9rales et explicatives sur le processus, mais comme la l\u00e9gislation sur ces questions est tr\u00e8s changeante, nous vous conseillons de consulter les organismes publics o\u00f9 ces proc\u00e9dures sont trait\u00e9es pour conna\u00eetre les exigences n\u00e9cessaires, car celles-ci peuvent changer par rapport \u00e0 ce que nous fournissons ici. Consid\u00e9rez ces informations comme un premier guide et une premi\u00e8re approche de ce processus.<\/strong><\/p>\n<\/div><\/div><\/div><\/div><div class=\"panel panel-default wpb_accordion_section group\"><div class=\"panel-heading wpb_accordion_header ui-accordion-header\"><p class=\"panel-title font-weight- text-   icon-size-rg\"><a data-toggle=\"collapse\" data-parent=\"#accordion_254760778\" href=\"#1658839656-2-13\"><span>Documents n\u00e9cessaires<\/span><\/a><\/p><\/div><div id=\"1658839656-2-13\" class=\"panel-collapse collapse\"><div class=\"panel-body wpb_accordion_content ui-accordion-content half-internal-gutter single-block-padding\">\n\t\t\t\t\t\t<div class=\"uncode_text_column\" ><p>La premi\u00e8re chose \u00e0 faire est de demander un rendez-vous \u00e0 la police (Departamento de extranjer\u00eda) situ\u00e9e Avenida Padre Piquer n\u00ba 18, Madrid 28024 dans Metro Campamento ou Metro Empalme. Le rendez-vous doit \u00eatre pris en ligne sur ce lien :<br \/>\n<a href=\"https:\/\/icp.administracionelectronica.gob.es\/icpplus\/index.html\" target=\"_blank\" rel=\"noopener\">https:\/\/icp.administracionelectronica.gob.es\/icpplus\/index.html<\/a><\/p>\n<p>Lorsque vous voyez quelle province choisir, vous devez choisir Madrid, et ensuite lorsque vous voyez quel centre choisir pour votre rendez-vous, vous devez choisir le centre ou CNP Padre Piquer 18. Une fois que vous avez choisi ce centre, vous verrez que comme proc\u00e9dure vous verrez la POLICIA-CERTIFICADO DE REGISTRO DE CIUDADANO DE LA UNI\u00d3N. L\u00e0, vous cliquez sur accepter, et vous devrez entrer vos coordonn\u00e9es pour demander votre rendez-vous \u00e0 un jour et \u00e0 une heure pr\u00e9cis. Avant de vous rendre \u00e0 votre rendez-vous, vous devez apporter au moins cette documentation :<\/p>\n<p>&#8211; Mod\u00e8le de formulaire de demande (Ex-18) (original et photocopie)<br \/>\n&#8211; Passeport ou carte d&#8217;identit\u00e9 en cours de validit\u00e9 (original et copie)<br \/>\n&#8211; Formulaire d&#8217;inscription du centre d&#8217;\u00e9tudes (original et copie). Ce document sera fourni par <strong>Hablamos<\/strong> une fois que vous vous serez inscrit<br \/>\n&#8211; 4 photos d&#8217;identit\u00e9<br \/>\n&#8211; Carte europ\u00e9enne d&#8217;assurance maladie ou police d&#8217;assurance priv\u00e9e couvrant tous les risques en Espagne pendant toute la dur\u00e9e des \u00e9tudes (original et copie). Si la police a \u00e9t\u00e9 souscrite dans le pays d&#8217;origine, une traduction doit \u00e9galement \u00eatre fournie<br \/>\n&#8211; Avoir des moyens financiers, des pi\u00e8ces justificatives ou la preuve de ces ressources<\/p>\n<\/div><\/div><\/div><\/div><div class=\"panel panel-default wpb_accordion_section group\"><div class=\"panel-heading wpb_accordion_header ui-accordion-header\"><p class=\"panel-title font-weight- text-   icon-size-rg\"><a data-toggle=\"collapse\" data-parent=\"#accordion_254760778\" href=\"#1658840038404-2-6\"><span>Paiement des droits<\/span><\/a><\/p><\/div><div id=\"1658840038404-2-6\" class=\"panel-collapse collapse\"><div class=\"panel-body wpb_accordion_content ui-accordion-content half-internal-gutter single-block-padding\">\n\t\t\t\t\t\t<div class=\"uncode_text_column\" ><p>En plus de la documentation vue ci-dessus, vous devez payer un droit ou une taxe avant de vous rendre \u00e0 votre rendez-vous :<\/p>\n<p>Certificat d&#8217;enregistrement de r\u00e9sident communautaire ou carte de s\u00e9jour d&#8217;un membre de la famille d&#8217;un citoyen de l&#8217;Union europ\u00e9enne co\u00fbt : <strong>12 euros (ces prix sont susceptibles d&#8217;\u00eatre modifi\u00e9s)<\/strong><\/p>\n<p>Sur ce formulaire: <a href=\"https:\/\/sede.policia.gob.es\/Tasa790_012\/\" target=\"_blank\" rel=\"noopener\">https:\/\/sede.policia.gob.es\/Tasa790_012\/<\/a><\/p>\n<p>Cette taxe est t\u00e9l\u00e9charg\u00e9e et pay\u00e9e dans une banque. Avec ce document attestant que vous l&#8217;avez pay\u00e9e et le reste des documents que vous devez apporter, vous pouvez vous rendre \u00e0 votre rendez-vous pour demander votre NIE.<\/p>\n<\/div><\/div><\/div><\/div><div class=\"panel panel-default wpb_accordion_section group\"><div class=\"panel-heading wpb_accordion_header ui-accordion-header\"><p class=\"panel-title font-weight- text-   icon-size-rg\"><a data-toggle=\"collapse\" data-parent=\"#accordion_254760778\" href=\"#1658840095170-3-6\"><span>Soumission de la documentation<\/span><\/a><\/p><\/div><div id=\"1658840095170-3-6\" class=\"panel-collapse collapse\"><div class=\"panel-body wpb_accordion_content ui-accordion-content half-internal-gutter single-block-padding\">\n\t\t\t\t\t\t<div class=\"uncode_text_column\" ><p>Muni de cette documentation, vous devez prendre rendez-vous dans les <a href=\"https:\/\/www.mptfp.gob.es\/portal\/delegaciones_gobierno\/extranjeria\/extranjeria_ddgg.html\" target=\"_blank\" rel=\"noopener\">bureaux d&#8217;immigration<\/a> de Madrid ou de la province o\u00f9 vous allez s\u00e9journer ou vous installer ou, \u00e0 d\u00e9faut, dans les <a href=\"https:\/\/sede.policia.gob.es\/portalCiudadano\/_es\/dependencias_localizador.php\" target=\"_blank\" rel=\"noopener\">commissariats de police<\/a> correspondants. Vous devez le faire en personne dans un d\u00e9lai de trois mois \u00e0 compter de la date d&#8217;entr\u00e9e en Espagne.<\/p>\n<\/div><\/div><\/div><\/div>\n\t\t<\/div><\/div><div class=\"uncode_text_column\" ><p><strong>Comme vous pouvez le constater, cette proc\u00e9dure est un peu laborieuse. Si vous vous inscrivez \u00e0 Hablamos, nous vous aiderons \u00e0 remplir toutes les formalit\u00e9s administratives.<\/strong><\/p>\n<\/div><\/div><\/div><\/div><\/div><\/div><script id=\"script-row-unique-11\" data-row=\"script-row-unique-11\" type=\"text\/javascript\" class=\"vc_controls\">UNCODE.initRow(document.getElementById(\"row-unique-11\"));<\/script><\/div><\/div><\/div><div data-parent=\"true\" class=\"vc_row has-bg need-focus style-accent-bg row-container mobile-hidden\" id=\"row-unique-31\"><div class=\"row limit-width row-parent\"><div class=\"wpb_row row-inner\"><div class=\"wpb_column pos-top pos-center align_center column_parent col-lg-12 single-internal-gutter\"><div class=\"uncol style-light\"  ><div class=\"uncoltable\"><div class=\"uncell no-block-padding\" ><div class=\"uncont\" ><div class=\"vc_custom_heading_wrap mobile-hidden\"><div class=\"heading-text el-text\" ><h2 class=\"h1 text-color-xsdn-color\" ><span>C'est <span class=\"split-word uncode-rotating-span uncode-rotating-text-start\" data-text=\"votre \u00e9cole d'espagnol \u00e0 Madrid|bien plus qu'apprendre l'espagnol|Hablamos\" data-fx=\"zoom\" data-wait=\"3000\">&nbsp;<\/span><span class=\"split-word word1\"><span class=\"split-word-flow\"><span class=\"split-word-inner\"><span class=\"split-char char92\">H<\/span><span class=\"split-char char93\">a<\/span><span class=\"split-char char94\">b<\/span><span class=\"split-char char95\">l<\/span><span class=\"split-char char96\">a<\/span><span class=\"split-char char97\">m<\/span><span class=\"split-char char98\">o<\/span><span class=\"split-char char99\">s<\/span><\/span><\/span><\/span><span class=\"split-word uncode-rotating-span uncode-rotating-text-end\">&nbsp;<\/span><\/span><\/h2><\/div><div class=\"clear\"><\/div><\/div><\/div><\/div><\/div><\/div><\/div><script id=\"script-row-unique-31\" data-row=\"script-row-unique-31\" type=\"text\/javascript\" class=\"vc_controls\">UNCODE.initRow(document.getElementById(\"row-unique-31\"));<\/script><\/div><\/div><\/div><div data-parent=\"true\" class=\"vc_row row-container\" id=\"row-unique-33\"><div class=\"row double-top-padding double-bottom-padding single-h-padding limit-width row-parent\"><div class=\"wpb_row row-inner\"><div class=\"wpb_column pos-top pos-center align_center column_parent col-lg-12 single-internal-gutter\"><div class=\"uncol style-light\"  ><div class=\"uncoltable\"><div class=\"uncell no-block-padding\" ><div class=\"uncont\" ><span class=\"btn-container btn-inline animate_when_almost_visible left-t-right\" ><a role=\"button\"  href=\"https:\/\/www.escuela-hablamos.com\/fr\/contact-hablamos\/\" class=\"custom-link btn border-width-0 btn-accent btn-no-scale btn-icon-left\" title=\"Contact Hablamos\">On peut parler ?<\/a><\/span><span class=\"btn-container btn-inline animate_when_almost_visible right-t-left\" ><a role=\"button\"  href=\"#\" class=\"custom-link btn border-width-0 popmake-1853 btn-Hablamos-blue btn-no-scale btn-icon-left\" title=\"Contact Hablamos\">Recevoir notre newsletter ?<\/a><\/span><\/div><\/div><\/div><\/div><\/div><script id=\"script-row-unique-33\" data-row=\"script-row-unique-33\" type=\"text\/javascript\" class=\"vc_controls\">UNCODE.initRow(document.getElementById(\"row-unique-33\"));<\/script><\/div><\/div><\/div>\n<\/div>","protected":false},"excerpt":{"rendered":"<p>At Hablamos, we help you with all the necessary formalities to get your NIE<\/p>","protected":false},"author":2,"featured_media":2254,"parent":0,"menu_order":0,"comment_status":"closed","ping_status":"closed","template":"","meta":{"iawp_total_views":799,"footnotes":""},"class_list":["post-2250","page","type-page","status-publish","has-post-thumbnail","hentry"],"_links":{"self":[{"href":"https:\/\/www.escuela-hablamos.com\/fr\/wp-json\/wp\/v2\/pages\/2250","targetHints":{"allow":["GET"]}}],"collection":[{"href":"https:\/\/www.escuela-hablamos.com\/fr\/wp-json\/wp\/v2\/pages"}],"about":[{"href":"https:\/\/www.escuela-hablamos.com\/fr\/wp-json\/wp\/v2\/types\/page"}],"author":[{"embeddable":true,"href":"https:\/\/www.escuela-hablamos.com\/fr\/wp-json\/wp\/v2\/users\/2"}],"replies":[{"embeddable":true,"href":"https:\/\/www.escuela-hablamos.com\/fr\/wp-json\/wp\/v2\/comments?post=2250"}],"version-history":[{"count":44,"href":"https:\/\/www.escuela-hablamos.com\/fr\/wp-json\/wp\/v2\/pages\/2250\/revisions"}],"predecessor-version":[{"id":157990,"href":"https:\/\/www.escuela-hablamos.com\/fr\/wp-json\/wp\/v2\/pages\/2250\/revisions\/157990"}],"wp:featuredmedia":[{"embeddable":true,"href":"https:\/\/www.escuela-hablamos.com\/fr\/wp-json\/wp\/v2\/media\/2254"}],"wp:attachment":[{"href":"https:\/\/www.escuela-hablamos.com\/fr\/wp-json\/wp\/v2\/media?parent=2250"}],"curies":[{"name":"wp","href":"https:\/\/api.w.org\/{rel}","templated":true}]}}