{"id":147,"date":"2022-05-27T13:01:34","date_gmt":"2022-05-27T13:01:34","guid":{"rendered":"https:\/\/www.escuela-hablamos.com\/?page_id=147"},"modified":"2025-06-12T10:59:59","modified_gmt":"2025-06-12T10:59:59","slug":"the-school","status":"publish","type":"page","link":"https:\/\/www.escuela-hablamos.com\/fr\/the-school\/","title":{"rendered":"The School"},"content":{"rendered":"<div class=\"wpb-content-wrapper\"><div data-parent=\"true\" class=\"vc_row row-container\" id=\"row-unique-4\"><div class=\"row unequal no-top-padding no-bottom-padding no-h-padding full-width row-parent\"><div class=\"wpb_row row-inner\"><div class=\"wpb_column pos-top pos-center align_left column_parent col-lg-6 single-internal-gutter\"><div class=\"uncol style-light animate_when_almost_visible left-t-right\"  ><div class=\"uncoltable\" style=\"min-height: 340px;\"><div class=\"uncell no-block-padding\" ><div class=\"column-background background-element\">\n\t\t\t\t\t\t\t\t\t\t\t<div class=\"background-wrapper\">\n\t\t\t\t\t\t\t\t\t\t\t\t<div class=\"background-inner\" style=\"background-image: url(https:\/\/www.escuela-hablamos.com\/wp-content\/uploads\/2022\/07\/escuela-hablamos.jpg);background-repeat: no-repeat;background-position: center center;background-size: cover;\" data-o_src=\"https:\/\/www.escuela-hablamos.com\/wp-content\/uploads\/2022\/07\/escuela-hablamos.jpg\"><\/div>\n\t\t\t\t\t\t\t\t\t\t\t\t\n\t\t\t\t\t\t\t\t\t\t\t<\/div>\n\t\t\t\t\t\t\t\t\t\t<\/div><div class=\"uncont\" ><\/div><\/div><\/div><\/div><\/div><div class=\"wpb_column pos-middle pos-left align_left column_parent col-lg-6 single-internal-gutter\"><div class=\"uncol style-light animate_when_almost_visible right-t-left\"  ><div class=\"uncoltable\"><div class=\"uncell no-block-padding\" ><div class=\"uncont\" ><div class=\"vc_row row-internal row-container\"><div class=\"row row-child\"><div class=\"wpb_row row-inner\"><div class=\"wpb_column pos-top pos-left align_left column_child col-lg-12 half-internal-gutter\"><div class=\"uncol style-light\" ><div class=\"uncoltable\"><div class=\"uncell single-block-padding\" ><div class=\"uncont\" style=\" max-width:80%;\" ><div class=\"vc_custom_heading_wrap\"><div class=\"heading-text el-text\" data-marquee-speed=\"\"><h3 class=\"h3 font-weight-400 text-color-620122-color text-uppercase un-text-marquee un-marquee\" ><span><mark>Hablamos<\/mark> votre \u00e9cole de langue espagnole \u00e0 Madrid, avec plus de 35 ans d&#8217;exp\u00e9rience<\/span><\/h3><\/div><div class=\"clear\"><\/div><\/div><div class=\"empty-space empty-single\" ><span class=\"empty-space-inner\"><\/span><\/div>\n<div class=\"vc_custom_heading_wrap\"><div class=\"heading-text el-text\" ><h1 class=\"h2\" ><span>C&#8217;est Hablamos<\/span><\/h1><\/div><div class=\"clear\"><\/div><\/div><div class=\"uncode_text_column text-lead\" ><p><mark>Hablamos<\/mark> est l&#8217;\u00e9cole d&#8217;espagnol pour \u00e9trangers du <a href=\"https:\/\/www.escuela-hablamos.com\/es\/cambridge-house-group\/\">groupe Cambridge House,<\/a> une entreprise d\u00e9di\u00e9e \u00e0 l&#8217;enseignement des langues avec plus de 35 ans d&#8217;exp\u00e9rience et situ\u00e9e \u00e0 Madrid, en Espagne. <strong>Hablamos<\/strong> partage les m\u00eames principes et objectifs qui ont conduit Cambridge House au succ\u00e8s commercial : offrir les meilleurs cours d&#8217;espagnol, le faire en tr\u00e8s petits groupes et offrir la meilleure qualit\u00e9 d&#8217;enseignement pour que les \u00e9tudiants <strong>d&#8217;Hablamos<\/strong> apprennent vraiment l&#8217;espagnol.<\/p>\n<\/div><div class=\"uncode_text_column text-lead\" ><p><strong>Comment y parvenir ?<\/strong><\/p>\n<\/div><div class=\"empty-space empty-double\" ><span class=\"empty-space-inner\"><\/span><\/div>\n<\/div><\/div><\/div><\/div><\/div><\/div><\/div><\/div><\/div><\/div><\/div><\/div><\/div><script id=\"script-row-unique-4\" data-row=\"script-row-unique-4\" type=\"text\/javascript\" class=\"vc_controls\">UNCODE.initRow(document.getElementById(\"row-unique-4\"));<\/script><\/div><\/div><\/div><div data-parent=\"true\" class=\"vc_row has-bg need-focus style-Hablamos-blue3-bg row-container\" id=\"row-unique-11\"><div class=\"row unequal col-double-gutter triple-top-padding triple-bottom-padding single-h-padding limit-width row-parent\"><div class=\"wpb_row row-inner\"><div class=\"wpb_column pos-middle pos-center align_left column_parent col-lg-4 half-internal-gutter\"><div class=\"uncol style-light animate_when_almost_visible top-t-bottom\"  ><div class=\"uncoltable\"><div class=\"uncell no-block-padding\" ><div class=\"uncont\" ><div class=\"vc_custom_heading_wrap\"><div class=\"heading-text el-text\" ><h6 class=\"h6 text-accent-color text-uppercase\" ><span><mark>8 \u00e9tudiants par classe<\/mark><\/span><\/h6><\/div><div class=\"clear\"><\/div><\/div><div class=\"vc_custom_heading_wrap\"><div class=\"heading-text el-text\" ><h2 class=\"h3\" ><span>Cours en tr\u00e8s petits groupes<\/span><\/h2><\/div><div class=\"clear\"><\/div><\/div><div class=\"uncode_text_column\" ><p>Avec un maximum de <strong>8 \u00e9tudiants par groupe dans les cours en face \u00e0 face. 8 \u00e9tudiants dans les classes en ligne.<\/strong> Si vous nous comparez \u00e0 d&#8217;autres \u00e9coles d&#8217;espagnol, vous verrez que toutes ne proposent pas ce nombre d&#8217;\u00e9tudiants par classe. Pour nous, la cl\u00e9 d&#8217;un processus d&#8217;apprentissage rapide et efficace est de maintenir des groupes de taille tr\u00e8s r\u00e9duite. Cela signifie que vous avez plus de temps pour pratiquer votre espagnol en classe, que votre professeur corrige vos erreurs d&#8217;expression et que votre espagnol s&#8217;am\u00e9liore chaque jour.<\/p>\n<\/div><\/div><\/div><\/div><\/div><\/div><div class=\"wpb_column pos-top pos-center align_left column_parent col-lg-4 half-internal-gutter\"><div class=\"uncol style-light animate_when_almost_visible top-t-bottom\"  ><div class=\"uncoltable\"><div class=\"uncell no-block-padding\" ><div class=\"uncont\" ><div class=\"vc_custom_heading_wrap\"><div class=\"heading-text el-text\" ><h6 class=\"h6 text-accent-color text-uppercase\" ><span><mark>Professeurs d&#8217;espagnol<\/mark><\/span><\/h6><\/div><div class=\"clear\"><\/div><\/div><div class=\"vc_custom_heading_wrap\"><div class=\"heading-text el-text\" ><h2 class=\"h3\" ><span>Enseignants autochtones ayant une grande exp\u00e9rience<\/span><\/h2><\/div><div class=\"clear\"><\/div><\/div><div class=\"uncode_text_column\" ><p>Chez <strong>Hablamos<\/strong>, nous n&#8217;employons que des <a href=\"https:\/\/www.escuela-hablamos.com\/es\/methodology-and-team\/\">professeurs d&#8217;espagnol natifs et exp\u00e9riment\u00e9s.<\/a> Nous faisons partie d&#8217;un groupe de personnes qui aiment enseigner, qui aiment ce que nous faisons et cela se voit dans nos cours. Notre objectif est que vous appreniez vite et bien, et que vous appr\u00e9ciiez la culture espagnole et l&#8217;exp\u00e9rience d&#8217;\u00eatre en Espagne.<\/p>\n<\/div><\/div><\/div><\/div><\/div><\/div><div class=\"wpb_column pos-top pos-center align_left column_parent col-lg-4 half-internal-gutter\"><div class=\"uncol style-light animate_when_almost_visible top-t-bottom\"  ><div class=\"uncoltable\"><div class=\"uncell no-block-padding\" ><div class=\"uncont\" ><div class=\"vc_custom_heading_wrap\"><div class=\"heading-text el-text\" ><h6 class=\"h6 text-accent-color text-uppercase\" ><span><mark>Vivre l&#8217;exp\u00e9rience<\/mark><\/span><\/h6><\/div><div class=\"clear\"><\/div><\/div><div class=\"vc_custom_heading_wrap\"><div class=\"heading-text el-text\" ><h2 class=\"h3\" ><span>Plus qu&#8217;une simple \u00e9cole de langue espagnole<\/span><\/h2><\/div><div class=\"clear\"><\/div><\/div><div class=\"uncode_text_column\" ><p>L&#8217;Espagne est un grand pays qui regorge de diversit\u00e9 culturelle. Chez <strong>Hablamos<\/strong>, nous ne voulons pas seulement que vous appreniez l&#8217;espagnol, nous voulons aussi que vous vous immergiez dans notre culture, nos mus\u00e9es, notre riche gastronomie et nos villes int\u00e9ressantes. C&#8217;est pourquoi nous proposons un large \u00e9ventail d&#8217;activit\u00e9s culturelles pour compl\u00e9ter votre cours d&#8217;espagnol.<\/p>\n<\/div><\/div><\/div><\/div><\/div><\/div><script id=\"script-row-unique-11\" data-row=\"script-row-unique-11\" type=\"text\/javascript\" class=\"vc_controls\">UNCODE.initRow(document.getElementById(\"row-unique-11\"));<\/script><\/div><\/div><\/div><div data-parent=\"true\" class=\"vc_row has-bg need-focus style-accent-bg row-container\" id=\"row-unique-14\"><div class=\"row double-top-padding no-bottom-padding single-h-padding limit-width row-parent\"><div class=\"wpb_row row-inner\"><div class=\"wpb_column pos-top pos-center align_center column_parent col-lg-12 single-internal-gutter\"><div class=\"uncol style-light\"  ><div class=\"uncoltable\"><div class=\"uncell no-block-padding\" ><div class=\"uncont\" ><div class=\"uncode-single-media  text-center\"><div class=\"single-wrapper\" style=\"max-width: 70%;\"><div class=\"tmb tmb-light  tmb-media-first tmb-media-last tmb-content-overlay tmb-no-bg\"><div class=\"t-inside\"><div class=\"t-entry-visual\"><div class=\"t-entry-visual-tc\"><div class=\"uncode-single-media-wrapper\"><div class=\"h3 youtube-video fluid-object\" style=\"padding-top: 56.31%\"><iframe title=\"In person and online Spanish courses\" width=\"840\" height=\"473\" src=\"https:\/\/www.youtube.com\/embed\/OplEtzCBSVA?feature=oembed&amp;v=OplEtzCBSVA&amp;t=14s\" frameborder=\"0\" allow=\"accelerometer; autoplay; clipboard-write; encrypted-media; gyroscope; picture-in-picture; web-share\" referrerpolicy=\"strict-origin-when-cross-origin\" allowfullscreen><\/iframe><\/div><\/div>\n\t\t\t\t\t<\/div>\n\t\t\t\t<\/div><\/div><\/div><\/div><\/div><\/div><\/div><\/div><\/div><\/div><script id=\"script-row-unique-14\" data-row=\"script-row-unique-14\" type=\"text\/javascript\" class=\"vc_controls\">UNCODE.initRow(document.getElementById(\"row-unique-14\"));<\/script><\/div><\/div><\/div><div data-parent=\"true\" class=\"vc_row has-bg need-focus style-accent-bg row-container mobile-hidden\" id=\"row-unique-32\"><div class=\"row limit-width row-parent\"><div class=\"wpb_row row-inner\"><div class=\"wpb_column pos-top pos-center align_center column_parent col-lg-12 single-internal-gutter\"><div class=\"uncol style-light\"  ><div class=\"uncoltable\"><div class=\"uncell no-block-padding\" ><div class=\"uncont\" ><div class=\"vc_custom_heading_wrap mobile-hidden\"><div class=\"heading-text el-text\" ><h2 class=\"h1 text-color-xsdn-color\" ><span>C'est <span class=\"split-word uncode-rotating-span uncode-rotating-text-start\" data-text=\"votre \u00e9cole d'espagnol \u00e0 Madrid|bien plus qu'apprendre l'espagnol|Hablamos\" data-fx=\"zoom\" data-wait=\"3000\">&nbsp;<\/span><span class=\"split-word word1\"><span class=\"split-word-flow\"><span class=\"split-word-inner\"><span class=\"split-char char92\">H<\/span><span class=\"split-char char93\">a<\/span><span class=\"split-char char94\">b<\/span><span class=\"split-char char95\">l<\/span><span class=\"split-char char96\">a<\/span><span class=\"split-char char97\">m<\/span><span class=\"split-char char98\">o<\/span><span class=\"split-char char99\">s<\/span><\/span><\/span><\/span><span class=\"split-word uncode-rotating-span uncode-rotating-text-end\">&nbsp;<\/span><\/span><\/h2><\/div><div class=\"clear\"><\/div><\/div><\/div><\/div><\/div><\/div><\/div><script id=\"script-row-unique-32\" data-row=\"script-row-unique-32\" type=\"text\/javascript\" class=\"vc_controls\">UNCODE.initRow(document.getElementById(\"row-unique-32\"));<\/script><\/div><\/div><\/div><div data-parent=\"true\" class=\"vc_row row-container\" id=\"row-unique-34\"><div class=\"row double-top-padding double-bottom-padding single-h-padding limit-width row-parent\"><div class=\"wpb_row row-inner\"><div class=\"wpb_column pos-top pos-center align_center column_parent col-lg-12 single-internal-gutter\"><div class=\"uncol style-light\"  ><div class=\"uncoltable\"><div class=\"uncell no-block-padding\" ><div class=\"uncont\" ><span class=\"btn-container btn-inline animate_when_almost_visible left-t-right\" ><a role=\"button\"  href=\"https:\/\/www.escuela-hablamos.com\/fr\/contact-hablamos\/\" class=\"custom-link btn border-width-0 btn-accent btn-no-scale btn-icon-left\" title=\"Contact Hablamos\">On peut parler ?<\/a><\/span><span class=\"btn-container btn-inline animate_when_almost_visible right-t-left\" ><a role=\"button\"  href=\"#\" class=\"custom-link btn border-width-0 popmake-1853 btn-Hablamos-blue btn-no-scale btn-icon-left\" title=\"Contact Hablamos\">Recevoir notre newsletter ?<\/a><\/span><\/div><\/div><\/div><\/div><\/div><script id=\"script-row-unique-34\" data-row=\"script-row-unique-34\" type=\"text\/javascript\" class=\"vc_controls\">UNCODE.initRow(document.getElementById(\"row-unique-34\"));<\/script><\/div><\/div><\/div>\n<\/div>","protected":false},"excerpt":{"rendered":"<p>Hablamos is your Spanish language school in Madrid, with over 35 years of experience<\/p>","protected":false},"author":2,"featured_media":1005,"parent":0,"menu_order":0,"comment_status":"closed","ping_status":"closed","template":"","meta":{"iawp_total_views":8624,"footnotes":""},"class_list":["post-147","page","type-page","status-publish","has-post-thumbnail","hentry"],"_links":{"self":[{"href":"https:\/\/www.escuela-hablamos.com\/fr\/wp-json\/wp\/v2\/pages\/147","targetHints":{"allow":["GET"]}}],"collection":[{"href":"https:\/\/www.escuela-hablamos.com\/fr\/wp-json\/wp\/v2\/pages"}],"about":[{"href":"https:\/\/www.escuela-hablamos.com\/fr\/wp-json\/wp\/v2\/types\/page"}],"author":[{"embeddable":true,"href":"https:\/\/www.escuela-hablamos.com\/fr\/wp-json\/wp\/v2\/users\/2"}],"replies":[{"embeddable":true,"href":"https:\/\/www.escuela-hablamos.com\/fr\/wp-json\/wp\/v2\/comments?post=147"}],"version-history":[{"count":56,"href":"https:\/\/www.escuela-hablamos.com\/fr\/wp-json\/wp\/v2\/pages\/147\/revisions"}],"predecessor-version":[{"id":155162,"href":"https:\/\/www.escuela-hablamos.com\/fr\/wp-json\/wp\/v2\/pages\/147\/revisions\/155162"}],"wp:featuredmedia":[{"embeddable":true,"href":"https:\/\/www.escuela-hablamos.com\/fr\/wp-json\/wp\/v2\/media\/1005"}],"wp:attachment":[{"href":"https:\/\/www.escuela-hablamos.com\/fr\/wp-json\/wp\/v2\/media?parent=147"}],"curies":[{"name":"wp","href":"https:\/\/api.w.org\/{rel}","templated":true}]}}