{"id":1184,"date":"2022-07-20T11:01:09","date_gmt":"2022-07-20T11:01:09","guid":{"rendered":"https:\/\/www.escuela-hablamos.com\/?page_id=1184"},"modified":"2025-04-17T07:23:43","modified_gmt":"2025-04-17T07:23:43","slug":"exams","status":"publish","type":"page","link":"https:\/\/www.escuela-hablamos.com\/fr\/exams\/","title":{"rendered":"Examens"},"content":{"rendered":"<div class=\"wpb-content-wrapper\"><div data-parent=\"true\" class=\"vc_row has-bg need-focus style-color-xsdn-bg row-container\" id=\"row-unique-0\"><div class=\"row one-top-padding one-bottom-padding single-h-padding limit-width row-parent\"><div class=\"wpb_row row-inner\"><div class=\"wpb_column pos-top pos-center align_left column_parent col-lg-12 no-internal-gutter\"><div class=\"uncol style-light\"  ><div class=\"uncoltable\"><div class=\"uncell no-block-padding\" ><div class=\"uncont\" ><div class=\"empty-space empty-quart\" ><span class=\"empty-space-inner\"><\/span><\/div>\n<div class=\"empty-space empty-quart\" ><span class=\"empty-space-inner\"><\/span><\/div>\n<\/div><\/div><\/div><\/div><\/div><script id=\"script-row-unique-0\" data-row=\"script-row-unique-0\" type=\"text\/javascript\" class=\"vc_controls\">UNCODE.initRow(document.getElementById(\"row-unique-0\"));<\/script><\/div><\/div><\/div><div data-parent=\"true\" class=\"vc_row row-container\" id=\"row-unique-1\"><div class=\"row limit-width row-parent\"><div class=\"wpb_row row-inner\"><div class=\"wpb_column pos-top pos-center align_center column_parent col-lg-12 single-internal-gutter\"><div class=\"uncol style-light\"  ><div class=\"uncoltable\"><div class=\"uncell no-block-padding\" ><div class=\"uncont\" ><div id=\"index-139617\" class=\"isotope-system isotope-general-light grid-general-light\" >\n\t\t\t\n\t\t\t\t\t\t\t\t\t\t\t\t\t\t<div class=\"isotope-wrapper grid-wrapper single-gutter\" >\t\t\t\t\t\t\t\t\t\t\t\t<div class=\"isotope-container grid-container isotope-layout style-masonry isotope-infinite grid-infinite\" data-type=\"masonry\" data-layout=\"fitRows\" data-lg=\"1000\" data-md=\"600\" data-sm=\"480\" data-vp-height=\"\">\t\t\t<div class=\"tmb atc-typography-inherit tmb-iso-w4 tmb-iso-h4 tmb-round img-round-xl tmb-light tmb-overlay-text-anim tmb-overlay-showed tmb-overlay-anim tmb-content-center tmb-content-mobile-center tmb-text-space-reduced tmb-image-color-anim tmb-image-anim-magnetic tmb-bordered  grid-cat-21 tmb-id-4026 tmb-img-ratio tmb-content-under tmb-media-first\" ><div class=\"t-inside style-Hablamos-blue3-bg animate_when_almost_visible top-t-bottom\" data-cursor=\"icon-accent\"><div class=\"t-entry-visual\"><div class=\"t-entry-visual-tc\"><div class=\"t-entry-visual-cont\"><div class=\"dummy\" style=\"padding-top: 100%;\"><\/div><a role=\"button\" tabindex=\"-1\" href=\"https:\/\/www.escuela-hablamos.com\/fr\/preparation-course-for-the-siele-exam\/\" class=\"pushed\" aria-label=\"Centro Examinador Oficial SIELE\"  target=\"_self\" data-lb-index=\"0\"><div class=\"t-entry-visual-overlay\"><div class=\"t-entry-visual-overlay-in style-dark-bg\" style=\"opacity: 0.01;\"><\/div><\/div><img decoding=\"async\" class=\"wp-image-4087\" src=\"https:\/\/www.escuela-hablamos.com\/wp-content\/uploads\/2023\/03\/siele-success-uai-1365x1365.jpg\" width=\"1365\" height=\"1365\" alt=\"Centro Examinador Oficial SIELE\" srcset=\"https:\/\/www.escuela-hablamos.com\/wp-content\/uploads\/2023\/03\/siele-success-uai-1365x1365.jpg 1365w, https:\/\/www.escuela-hablamos.com\/wp-content\/uploads\/2023\/03\/siele-success-150x150.jpg 150w, https:\/\/www.escuela-hablamos.com\/wp-content\/uploads\/2023\/03\/siele-success-1200x1200-cropped.jpg 1200w, https:\/\/www.escuela-hablamos.com\/wp-content\/uploads\/2023\/03\/siele-success-uai-720x720.jpg 720w, https:\/\/www.escuela-hablamos.com\/wp-content\/uploads\/2023\/03\/siele-success-uai-1032x1032.jpg 1032w\" sizes=\"(max-width: 1365px) 100vw, 1365px\" \/><\/a><\/div>\n\t\t\t\t\t<\/div>\n\t\t\t\t<\/div><div class=\"t-entry-text\">\n\t\t\t\t\t\t\t\t\t<div class=\"t-entry-text-tc half-block-padding\"><div class=\"t-entry\"><h2 class=\"t-entry-title h3 title-scale\"><a href=\"https:\/\/www.escuela-hablamos.com\/fr\/preparation-course-for-the-siele-exam\/\" target=\"_self\">Cours de pr\u00e9paration \u00e0 l'examen SIELE<\/a><\/h2><div class=\"t-entry-excerpt\"><p>Hablamos is an Official SIELE Examination Centre<\/p>\n<\/div><\/div><\/div>\n\t\t\t\t\t\t\t<\/div><\/div><\/div><div class=\"tmb atc-typography-inherit tmb-iso-w4 tmb-iso-h4 tmb-round img-round-xl tmb-light tmb-overlay-text-anim tmb-overlay-showed tmb-overlay-anim tmb-content-center tmb-content-mobile-center tmb-text-space-reduced tmb-image-color-anim tmb-image-anim-magnetic tmb-bordered  grid-cat-21 tmb-id-931 tmb-img-ratio tmb-content-under tmb-media-first\" ><div class=\"t-inside style-Hablamos-blue3-bg animate_when_almost_visible top-t-bottom\" data-cursor=\"icon-accent\"><div class=\"t-entry-visual\"><div class=\"t-entry-visual-tc\"><div class=\"t-entry-visual-cont\"><div class=\"dummy\" style=\"padding-top: 100%;\"><\/div><a role=\"button\" tabindex=\"-1\" href=\"https:\/\/www.escuela-hablamos.com\/fr\/preparation-course-for-dele-exam\/\" class=\"pushed\" aria-label=\"Preparation Course for DELE Exam @ Hablamos, Madrid\"  target=\"_self\" data-lb-index=\"1\"><div class=\"t-entry-visual-overlay\"><div class=\"t-entry-visual-overlay-in style-dark-bg\" style=\"opacity: 0.01;\"><\/div><\/div><img decoding=\"async\" class=\"wp-image-1021\" src=\"https:\/\/www.escuela-hablamos.com\/wp-content\/uploads\/2022\/07\/curso-dele-uai-1365x1365.jpg\" width=\"1365\" height=\"1365\" alt=\"Preparation Course for DELE Exam @ Hablamos, Madrid\" srcset=\"https:\/\/www.escuela-hablamos.com\/wp-content\/uploads\/2022\/07\/curso-dele-uai-1365x1365.jpg 1365w, https:\/\/www.escuela-hablamos.com\/wp-content\/uploads\/2022\/07\/curso-dele-150x150.jpg 150w, https:\/\/www.escuela-hablamos.com\/wp-content\/uploads\/2022\/07\/curso-dele-1200x1200-cropped.jpg 1200w, https:\/\/www.escuela-hablamos.com\/wp-content\/uploads\/2022\/07\/curso-dele-uai-720x720.jpg 720w, https:\/\/www.escuela-hablamos.com\/wp-content\/uploads\/2022\/07\/curso-dele-uai-1032x1032.jpg 1032w\" sizes=\"(max-width: 1365px) 100vw, 1365px\" \/><\/a><\/div>\n\t\t\t\t\t<\/div>\n\t\t\t\t<\/div><div class=\"t-entry-text\">\n\t\t\t\t\t\t\t\t\t<div class=\"t-entry-text-tc half-block-padding\"><div class=\"t-entry\"><h2 class=\"t-entry-title h3 title-scale\"><a href=\"https:\/\/www.escuela-hablamos.com\/fr\/preparation-course-for-dele-exam\/\" target=\"_self\">Pr\u00e9paration \u00e0 l'examen DELE<\/a><\/h2><div class=\"t-entry-excerpt\"><p>Examen DELE, cours de pr\u00e9paration. Cours en pr\u00e9sentiel dans notre \u00e9cole \u00e0 Madrid<\/p>\n<\/div><\/div><\/div>\n\t\t\t\t\t\t\t<\/div><\/div><\/div>\t\t<\/div>\t\n\t\n\n\t<\/div>\t\t\t<div class=\"isotope-footer grid-footer style-light without-bg single-gutter\">\n\t\t\t\t\t<\/div>\n\t\t\t\t<\/div>\n<\/div><\/div><\/div><\/div><\/div><script id=\"script-row-unique-1\" data-row=\"script-row-unique-1\" type=\"text\/javascript\" class=\"vc_controls\">UNCODE.initRow(document.getElementById(\"row-unique-1\"));<\/script><\/div><\/div><\/div>\n<\/div>","protected":false},"excerpt":{"rendered":"<p>Hablamos &#8211; Prepare for your Spanish Exams with Hablamos<\/p>","protected":false},"author":2,"featured_media":1143,"parent":0,"menu_order":0,"comment_status":"closed","ping_status":"closed","template":"","meta":{"iawp_total_views":6570,"footnotes":""},"class_list":["post-1184","page","type-page","status-publish","has-post-thumbnail","hentry"],"_links":{"self":[{"href":"https:\/\/www.escuela-hablamos.com\/fr\/wp-json\/wp\/v2\/pages\/1184","targetHints":{"allow":["GET"]}}],"collection":[{"href":"https:\/\/www.escuela-hablamos.com\/fr\/wp-json\/wp\/v2\/pages"}],"about":[{"href":"https:\/\/www.escuela-hablamos.com\/fr\/wp-json\/wp\/v2\/types\/page"}],"author":[{"embeddable":true,"href":"https:\/\/www.escuela-hablamos.com\/fr\/wp-json\/wp\/v2\/users\/2"}],"replies":[{"embeddable":true,"href":"https:\/\/www.escuela-hablamos.com\/fr\/wp-json\/wp\/v2\/comments?post=1184"}],"version-history":[{"count":8,"href":"https:\/\/www.escuela-hablamos.com\/fr\/wp-json\/wp\/v2\/pages\/1184\/revisions"}],"predecessor-version":[{"id":12044,"href":"https:\/\/www.escuela-hablamos.com\/fr\/wp-json\/wp\/v2\/pages\/1184\/revisions\/12044"}],"wp:featuredmedia":[{"embeddable":true,"href":"https:\/\/www.escuela-hablamos.com\/fr\/wp-json\/wp\/v2\/media\/1143"}],"wp:attachment":[{"href":"https:\/\/www.escuela-hablamos.com\/fr\/wp-json\/wp\/v2\/media?parent=1184"}],"curies":[{"name":"wp","href":"https:\/\/api.w.org\/{rel}","templated":true}]}}