{"id":10162,"date":"2025-01-10T12:52:24","date_gmt":"2025-01-10T12:52:24","guid":{"rendered":"https:\/\/www.escuela-hablamos.com\/?page_id=10162"},"modified":"2025-11-12T11:20:06","modified_gmt":"2025-11-12T11:20:06","slug":"details-about-the-ccse-exam","status":"publish","type":"page","link":"https:\/\/www.escuela-hablamos.com\/fr\/details-about-the-ccse-exam\/","title":{"rendered":"Details about the CCSE exam"},"content":{"rendered":"<div class=\"wpb-content-wrapper\"><div data-parent=\"true\" class=\"vc_row row-container desktop-hidden\" id=\"row-unique-0\"><div class=\"row no-top-padding no-bottom-padding no-h-padding full-width row-parent\"><div class=\"wpb_row row-inner\"><div class=\"wpb_column pos-top pos-center align_left column_parent col-lg-12 single-internal-gutter\"><div class=\"uncol style-light\"  ><div class=\"uncoltable\"><div class=\"uncell no-block-padding\" ><div class=\"uncont\" ><div class=\"uncode-single-media  text-left\"><div class=\"single-wrapper\" style=\"max-width: 100%;\"><div class=\"tmb tmb-light  tmb-media-first tmb-media-last tmb-content-overlay tmb-no-bg\"><div class=\"t-inside\"><div class=\"t-entry-visual\"><div class=\"t-entry-visual-tc\"><div class=\"uncode-single-media-wrapper\"><img decoding=\"async\" class=\"wp-image-10163\" src=\"https:\/\/www.escuela-hablamos.com\/wp-content\/uploads\/2025\/01\/ccse.jpg\" width=\"1000\" height=\"1000\" alt=\"Examen CCSE en Hablamos\" srcset=\"https:\/\/www.escuela-hablamos.com\/wp-content\/uploads\/2025\/01\/ccse.jpg 1000w, https:\/\/www.escuela-hablamos.com\/wp-content\/uploads\/2025\/01\/ccse-300x300.jpg 300w, https:\/\/www.escuela-hablamos.com\/wp-content\/uploads\/2025\/01\/ccse-150x150.jpg 150w, https:\/\/www.escuela-hablamos.com\/wp-content\/uploads\/2025\/01\/ccse-768x768.jpg 768w, https:\/\/www.escuela-hablamos.com\/wp-content\/uploads\/2025\/01\/ccse-12x12.jpg 12w, https:\/\/www.escuela-hablamos.com\/wp-content\/uploads\/2025\/01\/ccse-350x350.jpg 350w, https:\/\/www.escuela-hablamos.com\/wp-content\/uploads\/2025\/01\/ccse-348x348.jpg 348w, https:\/\/www.escuela-hablamos.com\/wp-content\/uploads\/2025\/01\/ccse-uai-720x720.jpg 720w\" sizes=\"(max-width: 1000px) 100vw, 1000px\" \/><\/div>\n\t\t\t\t\t<\/div>\n\t\t\t\t<\/div><\/div><\/div><\/div><\/div><\/div><\/div><\/div><\/div><\/div><script id=\"script-row-unique-0\" data-row=\"script-row-unique-0\" type=\"text\/javascript\" class=\"vc_controls\">UNCODE.initRow(document.getElementById(\"row-unique-0\"));<\/script><\/div><\/div><\/div><div data-parent=\"true\" class=\"vc_row row-container\" id=\"row-unique-7\"><div class=\"row unequal no-top-padding no-bottom-padding no-h-padding limit-width row-parent\"><div class=\"wpb_row row-inner\"><div class=\"wpb_column pos-middle pos-left align_left column_parent col-lg-7 single-internal-gutter\"><div class=\"uncol style-light animate_when_almost_visible right-t-left\"  ><div class=\"uncoltable\"><div class=\"uncell single-block-padding\" ><div class=\"uncont\" ><div class=\"empty-space empty-quart\" ><span class=\"empty-space-inner\"><\/span><\/div>\n<div class=\"vc_custom_heading_wrap\"><div class=\"heading-text el-text\" ><h2 class=\"h4\" ><span><mark>TOUT CE QU&#8217;IL FAUT SAVOIR SUR L&#8217;EXAMEN CCSE<\/mark><\/span><\/h2><\/div><div class=\"clear\"><\/div><\/div><div class=\"vc_custom_heading_wrap\"><div class=\"heading-text el-text\" ><h1 class=\"h2\" ><span>FAQs<\/span><\/h1><\/div><div class=\"clear\"><\/div><\/div><div class=\"uncode-accordion wpb_accordion wpb_content_element  sign-size-rg default-typography w-border\" data-collapsible=\"no\" data-target=\"\" data-active-tab=\"0\" >\n\t\t<div class=\"panel-group wpb_wrapper wpb_accordion_wrapper\" id=\"accordion_1930997558\" data-no-toggle=\"\">\n\n<div class=\"panel panel-default wpb_accordion_section group\"><div class=\"panel-heading wpb_accordion_header ui-accordion-header\"><p class=\"panel-title font-weight- text-   icon-size-rg\"><a data-toggle=\"collapse\" data-parent=\"#accordion_1930997558\" href=\"#1658837132-1-9164\"><span>Qu'est-ce que l'examen CCSE ?<\/span><\/a><\/p><\/div><div id=\"1658837132-1-9164\" class=\"panel-collapse collapse\"><div class=\"panel-body wpb_accordion_content ui-accordion-content half-internal-gutter single-block-padding\">\n\t\t\t\t\t\t<div class=\"uncode_text_column\" ><p>Le test de connaissances constitutionnelles et socioculturelles de l&#8217;Espagne (test CCSE) est un examen d\u00e9velopp\u00e9 par l&#8217;Institut Cervantes qui \u00e9value, au moyen de diff\u00e9rentes t\u00e2ches, la connaissance de la Constitution espagnole et de la r\u00e9alit\u00e9 sociale et culturelle espagnole. Il s&#8217;agit d&#8217;une des conditions requises par les lois pour l&#8217;acquisition de la nationalit\u00e9 pour les r\u00e9sidents en Espagne.<\/p>\n<\/div><\/div><\/div><\/div><div class=\"panel panel-default wpb_accordion_section group\"><div class=\"panel-heading wpb_accordion_header ui-accordion-header\"><p class=\"panel-title font-weight- text-   icon-size-rg\"><a data-toggle=\"collapse\" data-parent=\"#accordion_1930997558\" href=\"#1658837132-2-9423\"><span>O\u00f9 et quand se d\u00e9roule l'examen ?<\/span><\/a><\/p><\/div><div id=\"1658837132-2-9423\" class=\"panel-collapse collapse\"><div class=\"panel-body wpb_accordion_content ui-accordion-content half-internal-gutter single-block-padding\">\n\t\t\t\t\t\t<div class=\"uncode_text_column\" ><p>Les examens du CCSE sont organis\u00e9s dans le r\u00e9seau des centres d&#8217;examen officiels de l&#8217;Instituto Cervantes en Espagne. Chaque ann\u00e9e, 10 examens officiels sont organis\u00e9s tout au long de l&#8217;ann\u00e9e, le dernier jeudi de chaque mois, sauf en d\u00e9cembre et en ao\u00fbt. <strong>Pour l&#8217;ann\u00e9e 2026, voici les dates disponibles :<\/strong><\/p>\n<div style=\"overflow-x: auto;\">\n<table>\n<tbody>\n<tr style=\"background-color: #ebf2f7;\">\n<td>Dates d&#8217;examen<\/td>\n<td>\u00c9preuve \u00e9crite<\/td>\n<td>Date limite d&#8217;inscription<\/td>\n<\/tr>\n<tr>\n<td>Janvier<\/td>\n<td>Jeudi, 29 Janvier<\/td>\n<td>8 Janvier<\/td>\n<\/tr>\n<tr>\n<td>F\u00e9vrier<\/td>\n<td>Jeudi, 26 F\u00e9vrier<\/td>\n<td>5 F\u00e9vrier<\/td>\n<\/tr>\n<tr>\n<td>Mars<\/td>\n<td>Jeudi, 26 Mars<\/td>\n<td>5 Mars<\/td>\n<\/tr>\n<tr>\n<td>Avril<\/td>\n<td>Jeudi, 30 Avril<\/td>\n<td>9 Avril<\/td>\n<\/tr>\n<tr>\n<td>Mai<\/td>\n<td>Jeudi, 28 Mai<\/td>\n<td>7 Mai<\/td>\n<\/tr>\n<tr>\n<td>Juin<\/td>\n<td>Jeudi, 25 Juin<\/td>\n<td>4 Juin<\/td>\n<\/tr>\n<tr>\n<td>Juillet<\/td>\n<td>Jeudi, 30 Juillet<\/td>\n<td>9 Juillet<\/td>\n<\/tr>\n<tr>\n<td>Septembre<\/td>\n<td>Jeudi, 24 Septembre<\/td>\n<td>3 Septembre<\/td>\n<\/tr>\n<tr>\n<td>Octobre<\/td>\n<td>Jeudi, 29 Octobre<\/td>\n<td>8 Octobre<\/td>\n<\/tr>\n<tr>\n<td>Novembre<\/td>\n<td>Jeudi, 26 Novembre<\/td>\n<td>5 Novembre<\/td>\n<\/tr>\n<\/tbody>\n<\/table>\n<\/div>\n<p>\n<\/div><\/div><\/div><\/div><div class=\"panel panel-default wpb_accordion_section group\"><div class=\"panel-heading wpb_accordion_header ui-accordion-header\"><p class=\"panel-title font-weight- text-   icon-size-rg\"><a data-toggle=\"collapse\" data-parent=\"#accordion_1930997558\" href=\"#1658837590938-2-466\"><span>Comment se d\u00e9roule l'examen ?<\/span><\/a><\/p><\/div><div id=\"1658837590938-2-466\" class=\"panel-collapse collapse\"><div class=\"panel-body wpb_accordion_content ui-accordion-content half-internal-gutter single-block-padding\">\n\t\t\t\t\t\t<div class=\"uncode_text_column\" ><p>L&#8217;examen consiste en cinq t\u00e2ches comportant 25 questions \u00e0 choix multiples (3 options de r\u00e9ponse ferm\u00e9es), ou vrai\/faux, sur les connaissances constitutionnelles et socioculturelles de l&#8217;Espagne. Pour r\u00e9ussir l&#8217;examen, vous devez r\u00e9pondre correctement \u00e0 15 des 25 questions.<br \/>\nLe test dure 45 minutes.<\/p>\n<\/div><\/div><\/div><\/div><div class=\"panel panel-default wpb_accordion_section group\"><div class=\"panel-heading wpb_accordion_header ui-accordion-header\"><p class=\"panel-title font-weight- text-   icon-size-rg\"><a data-toggle=\"collapse\" data-parent=\"#accordion_1930997558\" href=\"#1658837594814-3-974\"><span>Combien cela co\u00fbte-t-il et comment s'inscrire ?<\/span><\/a><\/p><\/div><div id=\"1658837594814-3-974\" class=\"panel-collapse collapse\"><div class=\"panel-body wpb_accordion_content ui-accordion-content half-internal-gutter single-block-padding\">\n\t\t\t\t\t\t<div class=\"uncode_text_column\" ><p>Le prix de l&#8217;examen CCSE est de 85\u20ac et donne droit \u00e0 deux opportunit\u00e9s.<\/p>\n<p>L&#8217;inscription \u00e0 cet examen et le paiement des frais peuvent \u00eatre effectu\u00e9s sur le site officiel de l&#8217;Instituto Cervantes<span style=\"font-family: -apple-system, BlinkMacSystemFont, 'Segoe UI', Roboto, Oxygen-Sans, Ubuntu, Cantarell, 'Helvetica Neue', sans-serif;\">\u00a0(<\/span><a style=\"font-family: -apple-system, BlinkMacSystemFont, 'Segoe UI', Roboto, Oxygen-Sans, Ubuntu, Cantarell, 'Helvetica Neue', sans-serif;\" href=\"https:\/\/examenes.cervantes.es\/es\" target=\"_blank\" rel=\"noopener\">https:\/\/examenes.cervantes.es\/es<\/a><span style=\"font-family: -apple-system, BlinkMacSystemFont, 'Segoe UI', Roboto, Oxygen-Sans, Ubuntu, Cantarell, 'Helvetica Neue', sans-serif;\">).<\/span><\/p>\n<p>Chez Hablamos, nous proposons toutes les dates d&#8217;examen. Vous pouvez vous inscrire directement en cliquant sur le lien ci-dessous.<\/p>\n<div style=\"overflow-x: auto;\">\n<table>\n<tbody>\n<tr>\n<td>CCSE<\/td>\n<td>Janvier 26<\/td>\n<td>Centre ordinaire<\/td>\n<td><a href=\"https:\/\/examenes.cervantes.es\/es\/ccse\/donde?country=es&amp;field_region_value=857&amp;field_province_value=4005&amp;field_fecha_examen_value=2-01-2026&amp;field_tipo_de_examen_value=18&amp;keys=hablamos\" target=\"_blank\" rel=\"noopener\">Lien d&#8217;inscription<\/a><\/td>\n<\/tr>\n<tr>\n<td>CCSE<\/td>\n<td>F\u00e9vrier 26<\/td>\n<td>Centre ordinaire<\/td>\n<td><a href=\"https:\/\/examenes.cervantes.es\/es\/ccse\/donde?country=es&amp;field_region_value=857&amp;field_province_value=4005&amp;field_fecha_examen_value=2-02-2026&amp;field_tipo_de_examen_value=18&amp;keys=hablamos\" target=\"_blank\" rel=\"noopener\">Lien d&#8217;inscription<\/a><\/td>\n<\/tr>\n<tr>\n<td>CCSE<\/td>\n<td>Mars 26<\/td>\n<td>Centre ordinaire<\/td>\n<td><a href=\"https:\/\/examenes.cervantes.es\/es\/ccse\/donde?country=es&amp;field_region_value=857&amp;field_province_value=4005&amp;field_fecha_examen_value=2-03-2025&amp;field_tipo_de_examen_value=18&amp;keys=hablamos\" target=\"_blank\" rel=\"noopener\">Lien d&#8217;inscription<\/a><\/td>\n<\/tr>\n<tr>\n<td>CCSE<\/td>\n<td>Avril 26<\/td>\n<td>Centre ordinaire<\/td>\n<td><a href=\"https:\/\/examenes.cervantes.es\/es\/ccse\/donde?country=es&amp;field_region_value=857&amp;field_province_value=4005&amp;field_fecha_examen_value=2-04-2026&amp;field_tipo_de_examen_value=18&amp;keys=hablamos\" target=\"_blank\" rel=\"noopener\">Lien d&#8217;inscription<\/a><\/td>\n<\/tr>\n<tr>\n<td>CCSE<\/td>\n<td>Mai 26<\/td>\n<td>Centre ordinaire<\/td>\n<td><a href=\"https:\/\/examenes.cervantes.es\/es\/ccse\/donde?country=es&amp;field_region_value=857&amp;field_province_value=4005&amp;field_fecha_examen_value=2-05-2026&amp;field_tipo_de_examen_value=18&amp;keys=hablamos\" target=\"_blank\" rel=\"noopener\">Lien d&#8217;inscription<\/a><\/td>\n<\/tr>\n<tr>\n<td>CCSE<\/td>\n<td>Juin 26<\/td>\n<td>Centre ordinaire<\/td>\n<td><a href=\"https:\/\/examenes.cervantes.es\/es\/ccse\/donde?country=es&amp;field_region_value=857&amp;field_province_value=4005&amp;field_fecha_examen_value=2-06-2026&amp;field_tipo_de_examen_value=18&amp;keys=hablamos\" target=\"_blank\" rel=\"noopener\">Lien d&#8217;inscription<\/a><\/td>\n<\/tr>\n<tr>\n<td>CCSE<\/td>\n<td>Juillet 26<\/td>\n<td>Centre ordinaire<\/td>\n<td><a href=\"https:\/\/examenes.cervantes.es\/es\/ccse\/donde?country=es&amp;field_region_value=857&amp;field_province_value=4005&amp;field_fecha_examen_value=2-07-2026&amp;field_tipo_de_examen_value=18&amp;keys=hablamos\" target=\"_blank\" rel=\"noopener\">Lien d&#8217;inscription<\/a><\/td>\n<\/tr>\n<tr>\n<td>CCSE<\/td>\n<td>Septembre 26<\/td>\n<td>Centre ordinaire<\/td>\n<td><a href=\"https:\/\/examenes.cervantes.es\/es\/ccse\/donde?country=es&amp;field_region_value=857&amp;field_province_value=4005&amp;field_fecha_examen_value=2-09-2026&amp;field_tipo_de_examen_value=18&amp;keys=hablamos\" target=\"_blank\" rel=\"noopener\">Lien d&#8217;inscription<\/a><\/td>\n<\/tr>\n<tr>\n<td>CCSE<\/td>\n<td>Octobre 26<\/td>\n<td>Centre ordinaire<\/td>\n<td><a href=\"https:\/\/examenes.cervantes.es\/es\/ccse\/donde?country=es&amp;field_region_value=857&amp;field_province_value=4005&amp;field_fecha_examen_value=2-10-2026&amp;field_tipo_de_examen_value=18&amp;keys=hablamos\" target=\"_blank\" rel=\"noopener\">Lien d&#8217;inscription<\/a><\/td>\n<\/tr>\n<tr>\n<td>CCSE<\/td>\n<td>Novembre 26<\/td>\n<td>Centre ordinaire<\/td>\n<td><a href=\"https:\/\/examenes.cervantes.es\/es\/ccse\/donde?country=es&amp;field_region_value=857&amp;field_province_value=4005&amp;field_fecha_examen_value=2-11-2026&amp;field_tipo_de_examen_value=18&amp;keys=hablamos\" target=\"_blank\" rel=\"noopener\">Lien d&#8217;inscription<\/a><\/td>\n<\/tr>\n<\/tbody>\n<\/table>\n<\/div>\n<div style=\"background-color: #ffe79d; padding: 20px;\">Chez Hablamos, nous vous aiderons \u00e0 remplir toutes les formalit\u00e9s administratives pour cet examen. \u00c9crivez-nous \u00e0 <a href=\"mailto:examenes@escuela-hablamos.com\">examenes@escuela-hablamos.com<\/a>, appelez-nous ou contactez-nous par WhatsApp !<\/div>\n<p>\n<\/div><\/div><\/div><\/div><div class=\"panel panel-default wpb_accordion_section group\"><div class=\"panel-heading wpb_accordion_header ui-accordion-header\"><p class=\"panel-title font-weight- text-   icon-size-rg\"><a data-toggle=\"collapse\" data-parent=\"#accordion_1930997558\" href=\"#1736509537147-8-939\"><span>Quand recevrai-je les r\u00e9sultats ?<\/span><\/a><\/p><\/div><div id=\"1736509537147-8-939\" class=\"panel-collapse collapse\"><div class=\"panel-body wpb_accordion_content ui-accordion-content half-internal-gutter single-block-padding\">\n\t\t\t\t\t\t<div class=\"uncode_text_column\" ><p>Vous recevrez le r\u00e9sultat APTO, NO APTO ou NO PRESENTADO par courrier environ 20 jours apr\u00e8s la date officielle de l&#8217;examen. Vous pouvez \u00e9galement consulter ce r\u00e9sultat dans votre espace candidat priv\u00e9 sur le site de l&#8217;Instituto Cervantes. Rappelez-vous qu&#8217;en aucun cas la note obtenue \u00e0 l&#8217;examen n&#8217;est communiqu\u00e9e.<\/p>\n<p>Depuis votre espace priv\u00e9, vous pouvez t\u00e9l\u00e9charger \u00e0 tout moment le certificat num\u00e9rique avec le code de v\u00e9rification qui vous permet de v\u00e9rifier l&#8217;authenticit\u00e9 du certificat. Ce document est valable quatre ans \u00e0 compter de la date d&#8217;\u00e9mission.<\/p>\n<p>Si le r\u00e9sultat de l&#8217;examen est NON PASS\u00c9 ou NON PR\u00c9SENT\u00c9, vous pourrez r\u00e9server une deuxi\u00e8me session d&#8217;examen. N&#8217;oubliez pas que celle-ci doit avoir lieu dans le m\u00eame centre d&#8217;examen et dans les 6 mois qui suivent.<\/p>\n<\/div><\/div><\/div><\/div><div class=\"panel panel-default wpb_accordion_section group\"><div class=\"panel-heading wpb_accordion_header ui-accordion-header\"><p class=\"panel-title font-weight- text-   icon-size-rg\"><a data-toggle=\"collapse\" data-parent=\"#accordion_1930997558\" href=\"#1658837597005-5-014\"><span>Comment se pr\u00e9parer \u00e0 l'examen ?<\/span><\/a><\/p><\/div><div id=\"1658837597005-5-014\" class=\"panel-collapse collapse\"><div class=\"panel-body wpb_accordion_content ui-accordion-content half-internal-gutter single-block-padding\">\n\t\t\t\t\t\t<div class=\"uncode_text_column\" ><p>Aucun cours sp\u00e9cifique n&#8217;est requis pour pr\u00e9parer cet examen. L&#8217;Instituto Cervantes met gratuitement \u00e0 votre disposition tout le mat\u00e9riel n\u00e9cessaire \u00e0 la pr\u00e9paration de l&#8217;examen. Vous pouvez t\u00e9l\u00e9charger le pdf avec le syllabus et les questions \u00e0 partir de ce lien (<a href=\"https:\/\/examenes.cervantes.es\/es\/ccse\/preparar-prueba\" target=\"_blank\" rel=\"noopener\"><span class=\"s1\">https:\/\/examenes.cervantes.es\/es\/ccse\/preparar-prueba<\/span><\/a>) ou l&#8217;application mobile gratuite avec des examens blancs.<\/p>\n<\/div><\/div><\/div><\/div><div class=\"panel panel-default wpb_accordion_section group\"><div class=\"panel-heading wpb_accordion_header ui-accordion-header\"><p class=\"panel-title font-weight- text-   icon-size-rg\"><a data-toggle=\"collapse\" data-parent=\"#accordion_1930997558\" href=\"#1659424628289-7-427\"><span>Vous avez d'autres questions ?<\/span><\/a><\/p><\/div><div id=\"1659424628289-7-427\" class=\"panel-collapse collapse\"><div class=\"panel-body wpb_accordion_content ui-accordion-content half-internal-gutter single-block-padding\">\n\t\t\t\t\t\t<div class=\"uncode_text_column\" ><\/p>\n<p class=\"p1\"><span class=\"s1\">\u00c9crivez-nous ! <a href=\"mailto:examenes@escuela-hablamos.com\"><span class=\"s2\">examenes@escuela-hablamos.com<\/span><\/a><\/span><\/p>\n<p>\n<\/div><\/div><\/div><\/div>\n\t\t<\/div><\/div><div class=\"empty-space empty-double\" ><span class=\"empty-space-inner\"><\/span><\/div>\n<\/div><\/div><\/div><\/div><\/div><div class=\"wpb_column pos-top pos-center align_left column_parent col-lg-5 tablet-hidden mobile-hidden single-internal-gutter\"><div class=\"uncol style-light sticky-element sticky-sidebar animate_when_almost_visible left-t-right\"  ><div class=\"uncoltable\" style=\"min-height: 340px;\"><div class=\"uncell single-block-padding\" ><div class=\"uncont\" ><div class=\"empty-space empty-quart\" ><span class=\"empty-space-inner\"><\/span><\/div>\n<div class=\"uncode-single-media  text-center\"><div class=\"single-wrapper\" style=\"max-width: 100%;\"><div class=\"tmb tmb-light  img-circle tmb-media-first tmb-media-last tmb-content-overlay tmb-no-bg\"><div class=\"t-inside\"><div class=\"t-entry-visual\"><div class=\"t-entry-visual-tc\"><div class=\"uncode-single-media-wrapper img-circle\"><img decoding=\"async\" class=\"wp-image-10163\" src=\"https:\/\/www.escuela-hablamos.com\/wp-content\/uploads\/2025\/01\/ccse.jpg\" width=\"1000\" height=\"1000\" alt=\"Examen CCSE en Hablamos\" srcset=\"https:\/\/www.escuela-hablamos.com\/wp-content\/uploads\/2025\/01\/ccse.jpg 1000w, https:\/\/www.escuela-hablamos.com\/wp-content\/uploads\/2025\/01\/ccse-300x300.jpg 300w, https:\/\/www.escuela-hablamos.com\/wp-content\/uploads\/2025\/01\/ccse-150x150.jpg 150w, https:\/\/www.escuela-hablamos.com\/wp-content\/uploads\/2025\/01\/ccse-768x768.jpg 768w, https:\/\/www.escuela-hablamos.com\/wp-content\/uploads\/2025\/01\/ccse-12x12.jpg 12w, https:\/\/www.escuela-hablamos.com\/wp-content\/uploads\/2025\/01\/ccse-350x350.jpg 350w, https:\/\/www.escuela-hablamos.com\/wp-content\/uploads\/2025\/01\/ccse-348x348.jpg 348w, https:\/\/www.escuela-hablamos.com\/wp-content\/uploads\/2025\/01\/ccse-uai-720x720.jpg 720w\" sizes=\"(max-width: 1000px) 100vw, 1000px\" \/><\/div>\n\t\t\t\t\t<\/div>\n\t\t\t\t<\/div><\/div><\/div><\/div><\/div><div class=\"empty-space empty-quart\" ><span class=\"empty-space-inner\"><\/span><\/div>\n<\/div><\/div><\/div><\/div><\/div><script id=\"script-row-unique-7\" data-row=\"script-row-unique-7\" type=\"text\/javascript\" class=\"vc_controls\">UNCODE.initRow(document.getElementById(\"row-unique-7\"));<\/script><\/div><\/div><\/div><div data-parent=\"true\" class=\"vc_row has-bg need-focus style-accent-bg row-container mobile-hidden\" id=\"row-unique-25\"><div class=\"row limit-width row-parent\"><div class=\"wpb_row row-inner\"><div class=\"wpb_column pos-top pos-center align_center column_parent col-lg-12 single-internal-gutter\"><div class=\"uncol style-light\"  ><div class=\"uncoltable\"><div class=\"uncell no-block-padding\" ><div class=\"uncont\" ><div class=\"vc_custom_heading_wrap mobile-hidden\"><div class=\"heading-text el-text\" ><h2 class=\"h1 text-color-xsdn-color\" ><span>C'est <span class=\"split-word uncode-rotating-span uncode-rotating-text-start\" data-text=\"votre \u00e9cole d'espagnol \u00e0 Madrid|bien plus qu'apprendre l'espagnol|Hablamos\" data-fx=\"zoom\" data-wait=\"3000\">&nbsp;<\/span><span class=\"split-word word1\"><span class=\"split-word-flow\"><span class=\"split-word-inner\"><span class=\"split-char char92\">H<\/span><span class=\"split-char char93\">a<\/span><span class=\"split-char char94\">b<\/span><span class=\"split-char char95\">l<\/span><span class=\"split-char char96\">a<\/span><span class=\"split-char char97\">m<\/span><span class=\"split-char char98\">o<\/span><span class=\"split-char char99\">s<\/span><\/span><\/span><\/span><span class=\"split-word uncode-rotating-span uncode-rotating-text-end\">&nbsp;<\/span><\/span><\/h2><\/div><div class=\"clear\"><\/div><\/div><\/div><\/div><\/div><\/div><\/div><script id=\"script-row-unique-25\" data-row=\"script-row-unique-25\" type=\"text\/javascript\" class=\"vc_controls\">UNCODE.initRow(document.getElementById(\"row-unique-25\"));<\/script><\/div><\/div><\/div><div data-parent=\"true\" class=\"vc_row row-container\" id=\"row-unique-27\"><div class=\"row double-top-padding double-bottom-padding single-h-padding limit-width row-parent\"><div class=\"wpb_row row-inner\"><div class=\"wpb_column pos-top pos-center align_center column_parent col-lg-12 single-internal-gutter\"><div class=\"uncol style-light\"  ><div class=\"uncoltable\"><div class=\"uncell no-block-padding\" ><div class=\"uncont\" ><span class=\"btn-container btn-inline animate_when_almost_visible left-t-right\" ><a role=\"button\"  href=\"https:\/\/www.escuela-hablamos.com\/fr\/contact-hablamos\/\" class=\"custom-link btn border-width-0 btn-accent btn-no-scale btn-icon-left\" title=\"Contact Hablamos\">On peut parler ?<\/a><\/span><span class=\"btn-container btn-inline animate_when_almost_visible right-t-left\" ><a role=\"button\"  href=\"#\" class=\"custom-link btn border-width-0 popmake-1853 btn-Hablamos-blue btn-no-scale btn-icon-left\" title=\"Contact Hablamos\">Recevoir notre newsletter ?<\/a><\/span><\/div><\/div><\/div><\/div><\/div><script id=\"script-row-unique-27\" data-row=\"script-row-unique-27\" type=\"text\/javascript\" class=\"vc_controls\">UNCODE.initRow(document.getElementById(\"row-unique-27\"));<\/script><\/div><\/div><\/div>\n<\/div>","protected":false},"excerpt":{"rendered":"<p>At Hablamos, we answer all your questions<\/p>","protected":false},"author":2,"featured_media":10163,"parent":0,"menu_order":0,"comment_status":"closed","ping_status":"closed","template":"","meta":{"iawp_total_views":1547,"footnotes":""},"class_list":["post-10162","page","type-page","status-publish","has-post-thumbnail","hentry"],"_links":{"self":[{"href":"https:\/\/www.escuela-hablamos.com\/fr\/wp-json\/wp\/v2\/pages\/10162","targetHints":{"allow":["GET"]}}],"collection":[{"href":"https:\/\/www.escuela-hablamos.com\/fr\/wp-json\/wp\/v2\/pages"}],"about":[{"href":"https:\/\/www.escuela-hablamos.com\/fr\/wp-json\/wp\/v2\/types\/page"}],"author":[{"embeddable":true,"href":"https:\/\/www.escuela-hablamos.com\/fr\/wp-json\/wp\/v2\/users\/2"}],"replies":[{"embeddable":true,"href":"https:\/\/www.escuela-hablamos.com\/fr\/wp-json\/wp\/v2\/comments?post=10162"}],"version-history":[{"count":23,"href":"https:\/\/www.escuela-hablamos.com\/fr\/wp-json\/wp\/v2\/pages\/10162\/revisions"}],"predecessor-version":[{"id":156798,"href":"https:\/\/www.escuela-hablamos.com\/fr\/wp-json\/wp\/v2\/pages\/10162\/revisions\/156798"}],"wp:featuredmedia":[{"embeddable":true,"href":"https:\/\/www.escuela-hablamos.com\/fr\/wp-json\/wp\/v2\/media\/10163"}],"wp:attachment":[{"href":"https:\/\/www.escuela-hablamos.com\/fr\/wp-json\/wp\/v2\/media?parent=10162"}],"curies":[{"name":"wp","href":"https:\/\/api.w.org\/{rel}","templated":true}]}}