{"id":157,"date":"2022-05-27T13:15:13","date_gmt":"2022-05-27T13:15:13","guid":{"rendered":"https:\/\/www.escuela-hablamos.com\/?page_id=157"},"modified":"2022-08-04T09:32:29","modified_gmt":"2022-08-04T09:32:29","slug":"teacher-recruitment","status":"publish","type":"page","link":"https:\/\/www.escuela-hablamos.com\/es\/teacher-recruitment\/","title":{"rendered":"Contrataci\u00f3n de Profesores"},"content":{"rendered":"<div class=\"wpb-content-wrapper\"><div data-parent=\"true\" class=\"vc_row row-container\" id=\"row-unique-0\"><div class=\"row unequal no-top-padding no-bottom-padding no-h-padding full-width row-parent\"><div class=\"wpb_row row-inner\"><div class=\"wpb_column pos-top pos-center align_left column_parent col-lg-6 single-internal-gutter\"><div class=\"uncol style-light animate_when_almost_visible left-t-right\"  ><div class=\"uncoltable\" style=\"min-height: 340px;\"><div class=\"uncell no-block-padding\" ><div class=\"column-background background-element\">\n\t\t\t\t\t\t\t\t\t\t\t<div class=\"background-wrapper\">\n\t\t\t\t\t\t\t\t\t\t\t\t<div class=\"background-inner\" style=\"background-image: url(https:\/\/www.escuela-hablamos.com\/wp-content\/uploads\/2022\/07\/profe-ella2.jpg);background-repeat: no-repeat;background-position: center center;background-size: cover;\" data-o_src=\"https:\/\/www.escuela-hablamos.com\/wp-content\/uploads\/2022\/07\/profe-ella2.jpg\"><\/div>\n\t\t\t\t\t\t\t\t\t\t\t\t\n\t\t\t\t\t\t\t\t\t\t\t<\/div>\n\t\t\t\t\t\t\t\t\t\t<\/div><div class=\"uncont\" ><\/div><\/div><\/div><\/div><\/div><div class=\"wpb_column pos-middle pos-left align_left column_parent col-lg-6 single-internal-gutter\"><div class=\"uncol style-light animate_when_almost_visible right-t-left\"  ><div class=\"uncoltable\"><div class=\"uncell no-block-padding\" ><div class=\"uncont\" ><div class=\"vc_row row-internal row-container\"><div class=\"row row-child\"><div class=\"wpb_row row-inner\"><div class=\"wpb_column pos-top pos-left align_left column_child col-lg-12 half-internal-gutter\"><div class=\"uncol style-light\" ><div class=\"uncoltable\"><div class=\"uncell single-block-padding\" ><div class=\"uncont\" style=\" max-width:80%;\" ><div class=\"vc_custom_heading_wrap\"><div class=\"heading-text el-text\" data-marquee-speed=\"\"><h3 class=\"h3 font-weight-400 text-color-620122-color text-uppercase un-text-marquee un-marquee\" ><span><mark>Hablamos<\/mark> te espera. Forma parte de nuestro equipo!<\/span><\/h3><\/div><div class=\"clear\"><\/div><\/div><div class=\"empty-space empty-single\" ><span class=\"empty-space-inner\"><\/span><\/div>\n<div class=\"vc_custom_heading_wrap\"><div class=\"heading-text el-text\" ><h1 class=\"h2\" ><span>Contrataci\u00f3n de Profesores<\/span><\/h1><\/div><div class=\"clear\"><\/div><\/div><div class=\"uncode_text_column text-lead\" ><p>\u00bfTe gusta ense\u00f1ar y conseguir que tus alumnos alcancen sus objetivos?<\/p>\n<\/div><div class=\"uncode_text_column text-lead\" ><p>\u00bfTe consideras una persona motivadora, entusiasta y pasional acerca de nuestra lengua espa\u00f1ola?<\/p>\n<\/div><div class=\"uncode_text_column text-lead\" ><p>\u00bfQuieres ser parte de una empresa moderna e innovadora dedicada a ofrecer siempre las mejores clases de espa\u00f1ol?<\/p>\n<\/div><div class=\"uncode_text_column text-lead\" ><p>Si la respuesta es s\u00ed a estas preguntas, estaremos encantados de conocerte. <\/p>\n<\/div><div class=\"uncode_text_column text-lead\" ><p><strong><em>Direcci\u00f3n de Estudios de<\/em><\/strong> <mark>Hablamos<\/mark><\/p>\n<\/div><div class=\"empty-space empty-double\" ><span class=\"empty-space-inner\"><\/span><\/div>\n<\/div><\/div><\/div><\/div><\/div><\/div><\/div><\/div><\/div><\/div><\/div><\/div><\/div><script id=\"script-row-unique-0\" data-row=\"script-row-unique-0\" type=\"text\/javascript\" class=\"vc_controls\">UNCODE.initRow(document.getElementById(\"row-unique-0\"));<\/script><\/div><\/div><\/div><div data-parent=\"true\" class=\"vc_row has-bg need-focus style-Hablamos-blue3-bg row-container\" id=\"row-unique-1\"><div class=\"row unequal col-double-gutter triple-top-padding triple-bottom-padding single-h-padding limit-width row-parent\"><div class=\"wpb_row row-inner\"><div class=\"wpb_column pos-top pos-center align_left column_parent col-lg-6 half-internal-gutter\"><div class=\"uncol style-light animate_when_almost_visible top-t-bottom\"  ><div class=\"uncoltable\"><div class=\"uncell no-block-padding\" ><div class=\"uncont\" ><div class=\"vc_custom_heading_wrap\"><div class=\"heading-text el-text\" ><h6 class=\"h6 text-accent-color text-uppercase\" ><span><mark>De lunes a viernes<\/mark><\/span><\/h6><\/div><div class=\"clear\"><\/div><\/div><div class=\"vc_custom_heading_wrap\"><div class=\"heading-text el-text\" ><h2 class=\"h3\" ><span>Condiciones de Trabajo<\/span><\/h2><\/div><div class=\"clear\"><\/div><\/div><div class=\"uncode_text_column\" ><p>Contratamos profesores para nuestros cursos de lunes a viernes, en bloques horarios de ma\u00f1ana y\/o tarde seg\u00fan disponibilidad y preferencia. <\/p>\n<\/div><\/div><\/div><\/div><\/div><\/div><div class=\"wpb_column pos-top pos-center align_left column_parent col-lg-6 half-internal-gutter\"><div class=\"uncol style-light animate_when_almost_visible top-t-bottom\"  ><div class=\"uncoltable\"><div class=\"uncell no-block-padding\" ><div class=\"uncont\" ><div class=\"vc_custom_heading_wrap\"><div class=\"heading-text el-text\" ><h6 class=\"h6 text-accent-color text-uppercase\" ><span><mark>Env\u00eda tu CV<\/mark><\/span><\/h6><\/div><div class=\"clear\"><\/div><\/div><div class=\"vc_custom_heading_wrap\"><div class=\"heading-text el-text\" ><h2 class=\"h3\" ><span>C\u00f3mo contactarnos<\/span><\/h2><\/div><div class=\"clear\"><\/div><\/div><div class=\"uncode_text_column\" ><p>Si est\u00e1s interesado\/da en trabajar con nosotros, por favor, env\u00edanos tu CV con una breve carta introductoria a la atenci\u00f3n del director de estudios de <strong>Hablamos<\/strong> en el siguiente email: <a href=\"mailto:julio@cambridge-house.com\">julio@cambridge-house.com<\/a><\/p>\n<\/div><\/div><\/div><\/div><\/div><\/div><script id=\"script-row-unique-1\" data-row=\"script-row-unique-1\" type=\"text\/javascript\" class=\"vc_controls\">UNCODE.initRow(document.getElementById(\"row-unique-1\"));<\/script><\/div><\/div><\/div><div data-parent=\"true\" class=\"vc_row has-bg need-focus style-accent-bg row-container mobile-hidden\" id=\"row-unique-8\"><div class=\"row limit-width row-parent\"><div class=\"wpb_row row-inner\"><div class=\"wpb_column pos-top pos-center align_center column_parent col-lg-12 single-internal-gutter\"><div class=\"uncol style-light\"  ><div class=\"uncoltable\"><div class=\"uncell no-block-padding\" ><div class=\"uncont\" ><div class=\"vc_custom_heading_wrap mobile-hidden\"><div class=\"heading-text el-text\"  id=\"123\"><h2 class=\"h1 text-color-xsdn-color\" ><span>As\u00ed es <span class=\"split-word uncode-rotating-span uncode-rotating-text-start\" data-text=\"tu escuela de espa\u00f1ol en Madrid|mucho m\u00e1s que aprender espa\u00f1ol|Hablamos\" data-fx=\"zoom\" data-wait=\"3000\">&nbsp;<\/span><span class=\"split-word word1\"><span class=\"split-word-flow\"><span class=\"split-word-inner\"><span class=\"split-char char92\">H<\/span><span class=\"split-char char93\">a<\/span><span class=\"split-char char94\">b<\/span><span class=\"split-char char95\">l<\/span><span class=\"split-char char96\">a<\/span><span class=\"split-char char97\">m<\/span><span class=\"split-char char98\">o<\/span><span class=\"split-char char99\">s<\/span><\/span><\/span><\/span><span class=\"split-word uncode-rotating-span uncode-rotating-text-end\">&nbsp;<\/span><\/span><\/h2><\/div><div class=\"clear\"><\/div><\/div><\/div><\/div><\/div><\/div><\/div><script id=\"script-row-unique-8\" data-row=\"script-row-unique-8\" type=\"text\/javascript\" class=\"vc_controls\">UNCODE.initRow(document.getElementById(\"row-unique-8\"));<\/script><\/div><\/div><\/div><div data-parent=\"true\" class=\"vc_row has-bg need-focus style-accent-bg row-container desktop-hidden tablet-hidden\" id=\"row-unique-9\"><div class=\"row limit-width row-parent\"><div class=\"wpb_row row-inner\"><div class=\"wpb_column pos-top pos-center align_center column_parent col-lg-12 single-internal-gutter\"><div class=\"uncol style-light\"  ><div class=\"uncoltable\"><div class=\"uncell no-block-padding\" ><div class=\"uncont\" ><div class=\"vc_custom_heading_wrap desktop-hidden tablet-hidden\"><div class=\"heading-text el-text\"  id=\"456\"><h2 class=\"h1 text-color-xsdn-color\" ><span>As\u00ed es <span class=\"split-word uncode-rotating-span uncode-rotating-text-start\" data-text=\"tu escuela de espa\u00f1ol en Madrid|Hablamos\" data-fx=\"zoom\" data-wait=\"3000\">&nbsp;<\/span><span class=\"split-word word1\"><span class=\"split-word-flow\"><span class=\"split-word-inner\"><span class=\"split-char char92\">H<\/span><span class=\"split-char char93\">a<\/span><span class=\"split-char char94\">b<\/span><span class=\"split-char char95\">l<\/span><span class=\"split-char char96\">a<\/span><span class=\"split-char char97\">m<\/span><span class=\"split-char char98\">o<\/span><span class=\"split-char char99\">s<\/span><\/span><\/span><\/span><span class=\"split-word uncode-rotating-span uncode-rotating-text-end\">&nbsp;<\/span><\/span><\/h2><\/div><div class=\"clear\"><\/div><\/div><\/div><\/div><\/div><\/div><\/div><script id=\"script-row-unique-9\" data-row=\"script-row-unique-9\" type=\"text\/javascript\" class=\"vc_controls\">UNCODE.initRow(document.getElementById(\"row-unique-9\"));<\/script><\/div><\/div><\/div><div data-parent=\"true\" class=\"vc_row row-container\" id=\"row-unique-12\"><div class=\"row double-top-padding double-bottom-padding single-h-padding limit-width row-parent\"><div class=\"wpb_row row-inner\"><div class=\"wpb_column pos-top pos-center align_center column_parent col-lg-12 single-internal-gutter\"><div class=\"uncol style-light\"  ><div class=\"uncoltable\"><div class=\"uncell no-block-padding\" ><div class=\"uncont\" ><span class=\"btn-container btn-inline animate_when_almost_visible left-t-right\" ><a role=\"button\"  href=\"https:\/\/www.escuela-hablamos.com\/es\/contact-hablamos\/\" class=\"custom-link btn border-width-0 btn-accent btn-no-scale btn-icon-left\" title=\"Contacto Hablamos\">\u00bfPodemos ayudarte?<\/a><\/span><span class=\"btn-container btn-inline animate_when_almost_visible right-t-left\" ><a role=\"button\"  href=\"#\" class=\"custom-link btn border-width-0 popmake-1853 btn-Hablamos-blue btn-no-scale btn-icon-left\" title=\"Contacto Hablamos\">\u00bfQuieres el newsletter?<\/a><\/span><\/div><\/div><\/div><\/div><\/div><script id=\"script-row-unique-12\" data-row=\"script-row-unique-12\" type=\"text\/javascript\" class=\"vc_controls\">UNCODE.initRow(document.getElementById(\"row-unique-12\"));<\/script><\/div><\/div><\/div>\n<\/div>","protected":false},"excerpt":{"rendered":"<p>Forma parte del equipo de profesores nativos en Hablamos<\/p>","protected":false},"author":2,"featured_media":1144,"parent":0,"menu_order":0,"comment_status":"closed","ping_status":"closed","template":"","meta":{"iawp_total_views":677,"footnotes":""},"class_list":["post-157","page","type-page","status-publish","has-post-thumbnail","hentry"],"_links":{"self":[{"href":"https:\/\/www.escuela-hablamos.com\/es\/wp-json\/wp\/v2\/pages\/157","targetHints":{"allow":["GET"]}}],"collection":[{"href":"https:\/\/www.escuela-hablamos.com\/es\/wp-json\/wp\/v2\/pages"}],"about":[{"href":"https:\/\/www.escuela-hablamos.com\/es\/wp-json\/wp\/v2\/types\/page"}],"author":[{"embeddable":true,"href":"https:\/\/www.escuela-hablamos.com\/es\/wp-json\/wp\/v2\/users\/2"}],"replies":[{"embeddable":true,"href":"https:\/\/www.escuela-hablamos.com\/es\/wp-json\/wp\/v2\/comments?post=157"}],"version-history":[{"count":17,"href":"https:\/\/www.escuela-hablamos.com\/es\/wp-json\/wp\/v2\/pages\/157\/revisions"}],"predecessor-version":[{"id":1506,"href":"https:\/\/www.escuela-hablamos.com\/es\/wp-json\/wp\/v2\/pages\/157\/revisions\/1506"}],"wp:featuredmedia":[{"embeddable":true,"href":"https:\/\/www.escuela-hablamos.com\/es\/wp-json\/wp\/v2\/media\/1144"}],"wp:attachment":[{"href":"https:\/\/www.escuela-hablamos.com\/es\/wp-json\/wp\/v2\/media?parent=157"}],"curies":[{"name":"wp","href":"https:\/\/api.w.org\/{rel}","templated":true}]}}