{"id":10162,"date":"2025-01-10T12:52:24","date_gmt":"2025-01-10T12:52:24","guid":{"rendered":"https:\/\/www.escuela-hablamos.com\/?page_id=10162"},"modified":"2025-11-12T11:20:06","modified_gmt":"2025-11-12T11:20:06","slug":"details-about-the-ccse-exam","status":"publish","type":"page","link":"https:\/\/www.escuela-hablamos.com\/es\/details-about-the-ccse-exam\/","title":{"rendered":"Detalles sobre el examen CCSE"},"content":{"rendered":"<div class=\"wpb-content-wrapper\"><div data-parent=\"true\" class=\"vc_row row-container desktop-hidden\" id=\"row-unique-0\"><div class=\"row no-top-padding no-bottom-padding no-h-padding full-width row-parent\"><div class=\"wpb_row row-inner\"><div class=\"wpb_column pos-top pos-center align_left column_parent col-lg-12 single-internal-gutter\"><div class=\"uncol style-light\"  ><div class=\"uncoltable\"><div class=\"uncell no-block-padding\" ><div class=\"uncont\" ><div class=\"uncode-single-media  text-left\"><div class=\"single-wrapper\" style=\"max-width: 100%;\"><div class=\"tmb tmb-light  tmb-media-first tmb-media-last tmb-content-overlay tmb-no-bg\"><div class=\"t-inside\"><div class=\"t-entry-visual\"><div class=\"t-entry-visual-tc\"><div class=\"uncode-single-media-wrapper\"><img decoding=\"async\" class=\"wp-image-10163\" src=\"https:\/\/www.escuela-hablamos.com\/wp-content\/uploads\/2025\/01\/ccse.jpg\" width=\"1000\" height=\"1000\" alt=\"Examen CCSE en Hablamos\" srcset=\"https:\/\/www.escuela-hablamos.com\/wp-content\/uploads\/2025\/01\/ccse.jpg 1000w, https:\/\/www.escuela-hablamos.com\/wp-content\/uploads\/2025\/01\/ccse-300x300.jpg 300w, https:\/\/www.escuela-hablamos.com\/wp-content\/uploads\/2025\/01\/ccse-150x150.jpg 150w, https:\/\/www.escuela-hablamos.com\/wp-content\/uploads\/2025\/01\/ccse-768x768.jpg 768w, https:\/\/www.escuela-hablamos.com\/wp-content\/uploads\/2025\/01\/ccse-12x12.jpg 12w, https:\/\/www.escuela-hablamos.com\/wp-content\/uploads\/2025\/01\/ccse-350x350.jpg 350w, https:\/\/www.escuela-hablamos.com\/wp-content\/uploads\/2025\/01\/ccse-348x348.jpg 348w, https:\/\/www.escuela-hablamos.com\/wp-content\/uploads\/2025\/01\/ccse-uai-720x720.jpg 720w\" sizes=\"(max-width: 1000px) 100vw, 1000px\" \/><\/div>\n\t\t\t\t\t<\/div>\n\t\t\t\t<\/div><\/div><\/div><\/div><\/div><\/div><\/div><\/div><\/div><\/div><script id=\"script-row-unique-0\" data-row=\"script-row-unique-0\" type=\"text\/javascript\" class=\"vc_controls\">UNCODE.initRow(document.getElementById(\"row-unique-0\"));<\/script><\/div><\/div><\/div><div data-parent=\"true\" class=\"vc_row row-container\" id=\"row-unique-1\"><div class=\"row unequal no-top-padding no-bottom-padding no-h-padding limit-width row-parent\"><div class=\"wpb_row row-inner\"><div class=\"wpb_column pos-middle pos-left align_left column_parent col-lg-7 single-internal-gutter\"><div class=\"uncol style-light animate_when_almost_visible right-t-left\"  ><div class=\"uncoltable\"><div class=\"uncell single-block-padding\" ><div class=\"uncont\" ><div class=\"empty-space empty-quart\" ><span class=\"empty-space-inner\"><\/span><\/div>\n<div class=\"vc_custom_heading_wrap\"><div class=\"heading-text el-text\" ><h2 class=\"h4\" ><span><mark>TODO LO QUE NECESITAS SABER SOBRE EL CCSE<\/mark><\/span><\/h2><\/div><div class=\"clear\"><\/div><\/div><div class=\"vc_custom_heading_wrap\"><div class=\"heading-text el-text\" ><h1 class=\"h2\" ><span>Preguntas Frecuentes<\/span><\/h1><\/div><div class=\"clear\"><\/div><\/div><div class=\"uncode-accordion wpb_accordion wpb_content_element  sign-size-rg default-typography w-border\" data-collapsible=\"no\" data-target=\"\" data-active-tab=\"0\" >\n\t\t<div class=\"panel-group wpb_wrapper wpb_accordion_wrapper\" id=\"accordion_2039531700\" data-no-toggle=\"\">\n\n<div class=\"panel panel-default wpb_accordion_section group\"><div class=\"panel-heading wpb_accordion_header ui-accordion-header\"><p class=\"panel-title font-weight- text-   icon-size-rg\"><a data-toggle=\"collapse\" data-parent=\"#accordion_2039531700\" href=\"#1658837132-1-91\"><span>\u00bfQu\u00e9 es el CCSE?<\/span><\/a><\/p><\/div><div id=\"1658837132-1-91\" class=\"panel-collapse collapse\"><div class=\"panel-body wpb_accordion_content ui-accordion-content half-internal-gutter single-block-padding\">\n\t\t\t\t\t\t<div class=\"uncode_text_column\" ><p>La prueba de conocimientos constitucionales y socioculturales de Espa\u00f1a (prueba\u00a0CCSE) es una prueba de examen elaborada por el Instituto Cervantes que eval\u00faa, por medio de distintas tareas, el conocimiento de la Constituci\u00f3n y de la realidad social y cultural espa\u00f1olas, es uno de los requisitos establecidos en las leyes para\u00a0la adquisici\u00f3n de la nacionalidad para\u00a0residentes en Espa\u00f1a.<\/p>\n<\/div><\/div><\/div><\/div><div class=\"panel panel-default wpb_accordion_section group\"><div class=\"panel-heading wpb_accordion_header ui-accordion-header\"><p class=\"panel-title font-weight- text-   icon-size-rg\"><a data-toggle=\"collapse\" data-parent=\"#accordion_2039531700\" href=\"#1658837132-2-94\"><span>\u00bfD\u00f3nde y cu\u00e1ndo se celebra el examen?<\/span><\/a><\/p><\/div><div id=\"1658837132-2-94\" class=\"panel-collapse collapse\"><div class=\"panel-body wpb_accordion_content ui-accordion-content half-internal-gutter single-block-padding\">\n\t\t\t\t\t\t<div class=\"uncode_text_column\" ><p>Los ex\u00e1menes de CCSE se administran en la red de centros examinadores oficiales del Instituto Cervantes en Espa\u00f1a. Cada a\u00f1o se celebran 10 convocatorias oficiales a lo largo del a\u00f1o coincidentes con el \u00faltimo jueves de cada mes excepto en diciembre y en agosto. <strong>Para el a\u00f1o 2026 estas son las fechas disponibles:<\/strong><\/p>\n<div style=\"overflow-x: auto;\">\n<table>\n<tbody>\n<tr style=\"background-color: #ebf2f7;\">\n<td>Convocatoria<\/td>\n<td>Prueba escrita<\/td>\n<td>Cierre plazo inscripci\u00f3n<\/td>\n<\/tr>\n<tr>\n<td>Enero<\/td>\n<td>Jueves, 29 de enero<\/td>\n<td>8 de enero<\/td>\n<\/tr>\n<tr>\n<td>Febrero<\/td>\n<td>Jueves, 26 de febrero<\/td>\n<td>5 de febrero<\/td>\n<\/tr>\n<tr>\n<td>Marzo<\/td>\n<td>Jueves, 26 de marzo<\/td>\n<td>5 de marzo<\/td>\n<\/tr>\n<tr>\n<td>Abril<\/td>\n<td>Jueves, 30 de abril<\/td>\n<td>9 de abril<\/td>\n<\/tr>\n<tr>\n<td>Mayo<\/td>\n<td>Jueves, 28 de mayo<\/td>\n<td>7 de mayo<\/td>\n<\/tr>\n<tr>\n<td>Junio<\/td>\n<td>Jueves, 25 de junio<\/td>\n<td>4 de junio<\/td>\n<\/tr>\n<tr>\n<td>Julio<\/td>\n<td>Jueves, 30 de julio<\/td>\n<td>9 de julio<\/td>\n<\/tr>\n<tr>\n<td>Septiembre<\/td>\n<td>Jueves, 24 de septiembre<\/td>\n<td>3 de septiembre<\/td>\n<\/tr>\n<tr>\n<td>Octubre<\/td>\n<td>Jueves, 29 de octubre<\/td>\n<td>8 de octubre<\/td>\n<\/tr>\n<tr>\n<td>Noviembre<\/td>\n<td>Jueves, 26 de noviembre<\/td>\n<td>5 de noviembre<\/td>\n<\/tr>\n<\/tbody>\n<\/table>\n<\/div>\n<p>\n<\/div><\/div><\/div><\/div><div class=\"panel panel-default wpb_accordion_section group\"><div class=\"panel-heading wpb_accordion_header ui-accordion-header\"><p class=\"panel-title font-weight- text-   icon-size-rg\"><a data-toggle=\"collapse\" data-parent=\"#accordion_2039531700\" href=\"#1658837590938-2-4\"><span>\u00bfC\u00f3mo es el examen?<\/span><\/a><\/p><\/div><div id=\"1658837590938-2-4\" class=\"panel-collapse collapse\"><div class=\"panel-body wpb_accordion_content ui-accordion-content half-internal-gutter single-block-padding\">\n\t\t\t\t\t\t<div class=\"uncode_text_column\" ><p>La prueba consta de cinco tareas con 25 preguntas de selecci\u00f3n m\u00faltiple (3 opciones de respuesta cerrada), o de verdadero\/falso, sobre conocimientos constitucionales y socioculturales de Espa\u00f1a. Para superar la prueba tendr\u00e1s que contestar correctamente 15 de las 25 preguntas.<br \/>\nLa prueba tiene una duraci\u00f3n de 45 minutos. <\/p>\n<\/div><\/div><\/div><\/div><div class=\"panel panel-default wpb_accordion_section group\"><div class=\"panel-heading wpb_accordion_header ui-accordion-header\"><p class=\"panel-title font-weight- text-   icon-size-rg\"><a data-toggle=\"collapse\" data-parent=\"#accordion_2039531700\" href=\"#1658837594814-3-9\"><span>\u00bfCu\u00e1nto cuesta y c\u00f3mo realizar la matr\u00edcula?<\/span><\/a><\/p><\/div><div id=\"1658837594814-3-9\" class=\"panel-collapse collapse\"><div class=\"panel-body wpb_accordion_content ui-accordion-content half-internal-gutter single-block-padding\">\n\t\t\t\t\t\t<div class=\"uncode_text_column\" ><p>El precio del examen CCSE es de 85\u20ac y da derecho a dos oportunidades.<\/p>\n<p>La matr\u00edcula de este examen y el pago de las tasas se hace a trav\u00e9s de la p\u00e1gina oficial del Instituto Cervantes (<a href=\"https:\/\/examenes.cervantes.es\/es\" target=\"_blank\" rel=\"noopener\">https:\/\/examenes.cervantes.es\/es<\/a>).<\/p>\n<p>En Hablamos ofrecemos todas las convocatorias. Puedes matricularte directamente en el enlace a continuaci\u00f3n.<\/p>\n<div style=\"overflow-x: auto;\">\n<table>\n<tbody>\n<tr>\n<td>CCSE<\/td>\n<td>Enero 26<\/td>\n<td>Centro ordinario<\/td>\n<td><a href=\"https:\/\/examenes.cervantes.es\/es\/ccse\/donde?country=es&amp;field_region_value=857&amp;field_province_value=4005&amp;field_fecha_examen_value=2-01-2026&amp;field_tipo_de_examen_value=18&amp;keys=hablamos\" target=\"_blank\" rel=\"noopener\">Enlace Matr\u00edcula<\/a><\/td>\n<\/tr>\n<tr>\n<td>CCSE<\/td>\n<td>Febrero 26<\/td>\n<td>Centro ordinario<\/td>\n<td><a href=\"https:\/\/examenes.cervantes.es\/es\/ccse\/donde?country=es&amp;field_region_value=857&amp;field_province_value=4005&amp;field_fecha_examen_value=2-02-2026&amp;field_tipo_de_examen_value=18&amp;keys=hablamos\" target=\"_blank\" rel=\"noopener\">Enlace Matr\u00edcula<\/a><\/td>\n<\/tr>\n<tr>\n<td>CCSE<\/td>\n<td>Marzo 26<\/td>\n<td>Centro ordinario<\/td>\n<td><a href=\"https:\/\/examenes.cervantes.es\/es\/ccse\/donde?country=es&amp;field_region_value=857&amp;field_province_value=4005&amp;field_fecha_examen_value=2-03-2026&amp;field_tipo_de_examen_value=18&amp;keys=hablamos\" target=\"_blank\" rel=\"noopener\">Enlace Matr\u00edcula<\/a><\/td>\n<\/tr>\n<tr>\n<td>CCSE<\/td>\n<td>Abril 26<\/td>\n<td>Centro ordinario<\/td>\n<td><a href=\"https:\/\/examenes.cervantes.es\/es\/ccse\/donde?country=es&amp;field_region_value=857&amp;field_province_value=4005&amp;field_fecha_examen_value=2-04-2026&amp;field_tipo_de_examen_value=18&amp;keys=hablamos\" target=\"_blank\" rel=\"noopener\">Enlace Matr\u00edcula<\/a><\/td>\n<\/tr>\n<tr>\n<td>CCSE<\/td>\n<td>Mayo 26<\/td>\n<td>Centro ordinario<\/td>\n<td><a href=\"https:\/\/examenes.cervantes.es\/es\/ccse\/donde?country=es&amp;field_region_value=857&amp;field_province_value=4005&amp;field_fecha_examen_value=2-05-2026&amp;field_tipo_de_examen_value=18&amp;keys=hablamos\" target=\"_blank\" rel=\"noopener\">Enlace Matr\u00edcula<\/a><\/td>\n<\/tr>\n<tr>\n<td>CCSE<\/td>\n<td>Junio 26<\/td>\n<td>Centro ordinario<\/td>\n<td><a href=\"https:\/\/examenes.cervantes.es\/es\/ccse\/donde?country=es&amp;field_region_value=857&amp;field_province_value=4005&amp;field_fecha_examen_value=2-06-2026&amp;field_tipo_de_examen_value=18&amp;keys=hablamos\" target=\"_blank\" rel=\"noopener\">Enlace Matr\u00edcula<\/a><\/td>\n<\/tr>\n<tr>\n<td>CCSE<\/td>\n<td>Julio 26<\/td>\n<td>Centro ordinario<\/td>\n<td><a href=\"https:\/\/examenes.cervantes.es\/es\/ccse\/donde?country=es&amp;field_region_value=857&amp;field_province_value=4005&amp;field_fecha_examen_value=2-07-2026&amp;field_tipo_de_examen_value=18&amp;keys=hablamos\" target=\"_blank\" rel=\"noopener\">Enlace Matr\u00edcula<\/a><\/td>\n<\/tr>\n<tr>\n<td>CCSE<\/td>\n<td>Septiembre 26<\/td>\n<td>Centro ordinario<\/td>\n<td><a href=\"https:\/\/examenes.cervantes.es\/es\/ccse\/donde?country=es&amp;field_region_value=857&amp;field_province_value=4005&amp;field_fecha_examen_value=2-09-2026&amp;field_tipo_de_examen_value=18&amp;keys=hablamos\" target=\"_blank\" rel=\"noopener\">Enlace Matr\u00edcula<\/a><\/td>\n<\/tr>\n<tr>\n<td>CCSE<\/td>\n<td>Octubre 26<\/td>\n<td>Centro ordinario<\/td>\n<td><a href=\"https:\/\/examenes.cervantes.es\/es\/ccse\/donde?country=es&amp;field_region_value=857&amp;field_province_value=4005&amp;field_fecha_examen_value=2-10-2026&amp;field_tipo_de_examen_value=18&amp;keys=hablamos\" target=\"_blank\" rel=\"noopener\">Enlace Matr\u00edcula<\/a><\/td>\n<\/tr>\n<tr>\n<td>CCSE<\/td>\n<td>Noviembre 26<\/td>\n<td>Centro ordinario<\/td>\n<td><a href=\"https:\/\/examenes.cervantes.es\/es\/ccse\/donde?country=es&amp;field_region_value=857&amp;field_province_value=4005&amp;field_fecha_examen_value=2-11-2026&amp;field_tipo_de_examen_value=18&amp;keys=hablamos\" target=\"_blank\" rel=\"noopener\">Enlace Matr\u00edcula<\/a><\/td>\n<\/tr>\n<\/tbody>\n<\/table>\n<\/div>\n<div style=\"background-color: #ffe79d; padding: 20px;\">En Hablamos te ayudaremos con toda la gesti\u00f3n de este examen. \u00a1Escr\u00edbenos a <a href=\"mailto:examenes@escuela-hablamos.com\">examenes@escuela-hablamos.com<\/a>, ll\u00e1manos o cont\u00e1ctanos por WhatsApp!<\/div>\n<p>\n<\/div><\/div><\/div><\/div><div class=\"panel panel-default wpb_accordion_section group\"><div class=\"panel-heading wpb_accordion_header ui-accordion-header\"><p class=\"panel-title font-weight- text-   icon-size-rg\"><a data-toggle=\"collapse\" data-parent=\"#accordion_2039531700\" href=\"#1736509537147-8-9\"><span>\u00bfCu\u00e1ndo tendr\u00e9 los resultados?<\/span><\/a><\/p><\/div><div id=\"1736509537147-8-9\" class=\"panel-collapse collapse\"><div class=\"panel-body wpb_accordion_content ui-accordion-content half-internal-gutter single-block-padding\">\n\t\t\t\t\t\t<div class=\"uncode_text_column\" ><p>El resultado de APTO, NO APTO o NO PRESENTADO se recibe por correo unos 20 d\u00edas despu\u00e9s del d\u00eda del examen oficial. Tambi\u00e9n puedes consultar este resultado a trav\u00e9s de tu espacio privado del candidato en el sitio web del Instituto Cervantes. Recuerda que en ning\u00fan caso se informa de la puntuaci\u00f3n obtenida en la prueba.<\/p>\n<p>Desde el espacio privado podr\u00e1s descargar en cualquier momento el certificado digital con el c\u00f3digo de verificaci\u00f3n que permite contrastar la autenticidad del mismo. Este documento tiene una vigencia de cuatro a\u00f1os desde la fecha de emisi\u00f3n.<\/p>\n<p>Si el examen resultase NO APTO o NO PRESENTADO, podr\u00e1s reservar la segunda convocatoria de examen. Recuerda que esta debe ser en el mismo centro de examen y dentro de los siguientes 6 meses. <\/p>\n<\/div><\/div><\/div><\/div><div class=\"panel panel-default wpb_accordion_section group\"><div class=\"panel-heading wpb_accordion_header ui-accordion-header\"><p class=\"panel-title font-weight- text-   icon-size-rg\"><a data-toggle=\"collapse\" data-parent=\"#accordion_2039531700\" href=\"#1658837597005-5-0\"><span>\u00bfC\u00f3mo preparo la prueba?<\/span><\/a><\/p><\/div><div id=\"1658837597005-5-0\" class=\"panel-collapse collapse\"><div class=\"panel-body wpb_accordion_content ui-accordion-content half-internal-gutter single-block-padding\">\n\t\t\t\t\t\t<div class=\"uncode_text_column\" ><\/p>\n<p class=\"p1\">Para preparar este examen no es necesario realizar ning\u00fan curso espec\u00edfico. El Instituto Cervantes ofrece todo el material necesario para la preparaci\u00f3n de la prueba de manera gratuita. Puedes descargarte el pdf con el temario y las preguntas desde este enlace (<a href=\"https:\/\/examenes.cervantes.es\/es\/ccse\/preparar-prueba\" target=\"_blank\" rel=\"noopener\"><span class=\"s1\">https:\/\/examenes.cervantes.es\/es\/ccse\/preparar-prueba<\/span><\/a>) o la app gratuita para m\u00f3vil con simulacros de examen.<\/p>\n<p>\n<\/div><\/div><\/div><\/div><div class=\"panel panel-default wpb_accordion_section group\"><div class=\"panel-heading wpb_accordion_header ui-accordion-header\"><p class=\"panel-title font-weight- text-   icon-size-rg\"><a data-toggle=\"collapse\" data-parent=\"#accordion_2039531700\" href=\"#1659424628289-7-4\"><span>\u00bfTienes m\u00e1s dudas?<\/span><\/a><\/p><\/div><div id=\"1659424628289-7-4\" class=\"panel-collapse collapse\"><div class=\"panel-body wpb_accordion_content ui-accordion-content half-internal-gutter single-block-padding\">\n\t\t\t\t\t\t<div class=\"uncode_text_column\" ><\/p>\n<p class=\"p1\"><span class=\"s1\">\u00a1Escr\u00edbenos! <a href=\"mailto:examenes@escuela-hablamos.com\"><span class=\"s2\">examenes@escuela-hablamos.com<\/span><\/a><\/span><\/p>\n<p>\n<\/div><\/div><\/div><\/div>\n\t\t<\/div><\/div><div class=\"empty-space empty-double\" ><span class=\"empty-space-inner\"><\/span><\/div>\n<\/div><\/div><\/div><\/div><\/div><div class=\"wpb_column pos-top pos-center align_left column_parent col-lg-5 tablet-hidden mobile-hidden single-internal-gutter\"><div class=\"uncol style-light sticky-element sticky-sidebar animate_when_almost_visible left-t-right\"  ><div class=\"uncoltable\" style=\"min-height: 340px;\"><div class=\"uncell single-block-padding\" ><div class=\"uncont\" ><div class=\"empty-space empty-quart\" ><span class=\"empty-space-inner\"><\/span><\/div>\n<div class=\"uncode-single-media  text-center\"><div class=\"single-wrapper\" style=\"max-width: 100%;\"><div class=\"tmb tmb-light  img-circle tmb-media-first tmb-media-last tmb-content-overlay tmb-no-bg\"><div class=\"t-inside\"><div class=\"t-entry-visual\"><div class=\"t-entry-visual-tc\"><div class=\"uncode-single-media-wrapper img-circle\"><img decoding=\"async\" class=\"wp-image-10163\" src=\"https:\/\/www.escuela-hablamos.com\/wp-content\/uploads\/2025\/01\/ccse.jpg\" width=\"1000\" height=\"1000\" alt=\"Examen CCSE en Hablamos\" srcset=\"https:\/\/www.escuela-hablamos.com\/wp-content\/uploads\/2025\/01\/ccse.jpg 1000w, https:\/\/www.escuela-hablamos.com\/wp-content\/uploads\/2025\/01\/ccse-300x300.jpg 300w, https:\/\/www.escuela-hablamos.com\/wp-content\/uploads\/2025\/01\/ccse-150x150.jpg 150w, https:\/\/www.escuela-hablamos.com\/wp-content\/uploads\/2025\/01\/ccse-768x768.jpg 768w, https:\/\/www.escuela-hablamos.com\/wp-content\/uploads\/2025\/01\/ccse-12x12.jpg 12w, https:\/\/www.escuela-hablamos.com\/wp-content\/uploads\/2025\/01\/ccse-350x350.jpg 350w, https:\/\/www.escuela-hablamos.com\/wp-content\/uploads\/2025\/01\/ccse-348x348.jpg 348w, https:\/\/www.escuela-hablamos.com\/wp-content\/uploads\/2025\/01\/ccse-uai-720x720.jpg 720w\" sizes=\"(max-width: 1000px) 100vw, 1000px\" \/><\/div>\n\t\t\t\t\t<\/div>\n\t\t\t\t<\/div><\/div><\/div><\/div><\/div><div class=\"empty-space empty-quart\" ><span class=\"empty-space-inner\"><\/span><\/div>\n<\/div><\/div><\/div><\/div><\/div><script id=\"script-row-unique-1\" data-row=\"script-row-unique-1\" type=\"text\/javascript\" class=\"vc_controls\">UNCODE.initRow(document.getElementById(\"row-unique-1\"));<\/script><\/div><\/div><\/div><div data-parent=\"true\" class=\"vc_row has-bg need-focus style-accent-bg row-container mobile-hidden\" id=\"row-unique-14\"><div class=\"row limit-width row-parent\"><div class=\"wpb_row row-inner\"><div class=\"wpb_column pos-top pos-center align_center column_parent col-lg-12 single-internal-gutter\"><div class=\"uncol style-light\"  ><div class=\"uncoltable\"><div class=\"uncell no-block-padding\" ><div class=\"uncont\" ><div class=\"vc_custom_heading_wrap mobile-hidden\"><div class=\"heading-text el-text\"  id=\"123\"><h2 class=\"h1 text-color-xsdn-color\" ><span>As\u00ed es <span class=\"split-word uncode-rotating-span uncode-rotating-text-start\" data-text=\"tu escuela de espa\u00f1ol en Madrid|mucho m\u00e1s que aprender espa\u00f1ol|Hablamos\" data-fx=\"zoom\" data-wait=\"3000\">&nbsp;<\/span><span class=\"split-word word1\"><span class=\"split-word-flow\"><span class=\"split-word-inner\"><span class=\"split-char char92\">H<\/span><span class=\"split-char char93\">a<\/span><span class=\"split-char char94\">b<\/span><span class=\"split-char char95\">l<\/span><span class=\"split-char char96\">a<\/span><span class=\"split-char char97\">m<\/span><span class=\"split-char char98\">o<\/span><span class=\"split-char char99\">s<\/span><\/span><\/span><\/span><span class=\"split-word uncode-rotating-span uncode-rotating-text-end\">&nbsp;<\/span><\/span><\/h2><\/div><div class=\"clear\"><\/div><\/div><\/div><\/div><\/div><\/div><\/div><script id=\"script-row-unique-14\" data-row=\"script-row-unique-14\" type=\"text\/javascript\" class=\"vc_controls\">UNCODE.initRow(document.getElementById(\"row-unique-14\"));<\/script><\/div><\/div><\/div><div data-parent=\"true\" class=\"vc_row has-bg need-focus style-accent-bg row-container desktop-hidden tablet-hidden\" id=\"row-unique-15\"><div class=\"row limit-width row-parent\"><div class=\"wpb_row row-inner\"><div class=\"wpb_column pos-top pos-center align_center column_parent col-lg-12 single-internal-gutter\"><div class=\"uncol style-light\"  ><div class=\"uncoltable\"><div class=\"uncell no-block-padding\" ><div class=\"uncont\" ><div class=\"vc_custom_heading_wrap desktop-hidden tablet-hidden\"><div class=\"heading-text el-text\"  id=\"456\"><h2 class=\"h1 text-color-xsdn-color\" ><span>As\u00ed es <span class=\"split-word uncode-rotating-span uncode-rotating-text-start\" data-text=\"tu escuela de espa\u00f1ol en Madrid|Hablamos\" data-fx=\"zoom\" data-wait=\"3000\">&nbsp;<\/span><span class=\"split-word word1\"><span class=\"split-word-flow\"><span class=\"split-word-inner\"><span class=\"split-char char92\">H<\/span><span class=\"split-char char93\">a<\/span><span class=\"split-char char94\">b<\/span><span class=\"split-char char95\">l<\/span><span class=\"split-char char96\">a<\/span><span class=\"split-char char97\">m<\/span><span class=\"split-char char98\">o<\/span><span class=\"split-char char99\">s<\/span><\/span><\/span><\/span><span class=\"split-word uncode-rotating-span uncode-rotating-text-end\">&nbsp;<\/span><\/span><\/h2><\/div><div class=\"clear\"><\/div><\/div><\/div><\/div><\/div><\/div><\/div><script id=\"script-row-unique-15\" data-row=\"script-row-unique-15\" type=\"text\/javascript\" class=\"vc_controls\">UNCODE.initRow(document.getElementById(\"row-unique-15\"));<\/script><\/div><\/div><\/div><div data-parent=\"true\" class=\"vc_row row-container\" id=\"row-unique-18\"><div class=\"row double-top-padding double-bottom-padding single-h-padding limit-width row-parent\"><div class=\"wpb_row row-inner\"><div class=\"wpb_column pos-top pos-center align_center column_parent col-lg-12 single-internal-gutter\"><div class=\"uncol style-light\"  ><div class=\"uncoltable\"><div class=\"uncell no-block-padding\" ><div class=\"uncont\" ><span class=\"btn-container btn-inline animate_when_almost_visible left-t-right\" ><a role=\"button\"  href=\"https:\/\/www.escuela-hablamos.com\/es\/contact-hablamos\/\" class=\"custom-link btn border-width-0 btn-accent btn-no-scale btn-icon-left\" title=\"Contacto Hablamos\">\u00bfPodemos ayudarte?<\/a><\/span><span class=\"btn-container btn-inline animate_when_almost_visible right-t-left\" ><a role=\"button\"  href=\"#\" class=\"custom-link btn border-width-0 popmake-1853 btn-Hablamos-blue btn-no-scale btn-icon-left\" title=\"Contacto Hablamos\">\u00bfQuieres el newsletter?<\/a><\/span><\/div><\/div><\/div><\/div><\/div><script id=\"script-row-unique-18\" data-row=\"script-row-unique-18\" type=\"text\/javascript\" class=\"vc_controls\">UNCODE.initRow(document.getElementById(\"row-unique-18\"));<\/script><\/div><\/div><\/div>\n<\/div>","protected":false},"excerpt":{"rendered":"<p>At Hablamos, we answer all your questions<\/p>","protected":false},"author":2,"featured_media":10163,"parent":0,"menu_order":0,"comment_status":"closed","ping_status":"closed","template":"","meta":{"iawp_total_views":1550,"footnotes":""},"class_list":["post-10162","page","type-page","status-publish","has-post-thumbnail","hentry"],"_links":{"self":[{"href":"https:\/\/www.escuela-hablamos.com\/es\/wp-json\/wp\/v2\/pages\/10162","targetHints":{"allow":["GET"]}}],"collection":[{"href":"https:\/\/www.escuela-hablamos.com\/es\/wp-json\/wp\/v2\/pages"}],"about":[{"href":"https:\/\/www.escuela-hablamos.com\/es\/wp-json\/wp\/v2\/types\/page"}],"author":[{"embeddable":true,"href":"https:\/\/www.escuela-hablamos.com\/es\/wp-json\/wp\/v2\/users\/2"}],"replies":[{"embeddable":true,"href":"https:\/\/www.escuela-hablamos.com\/es\/wp-json\/wp\/v2\/comments?post=10162"}],"version-history":[{"count":23,"href":"https:\/\/www.escuela-hablamos.com\/es\/wp-json\/wp\/v2\/pages\/10162\/revisions"}],"predecessor-version":[{"id":156798,"href":"https:\/\/www.escuela-hablamos.com\/es\/wp-json\/wp\/v2\/pages\/10162\/revisions\/156798"}],"wp:featuredmedia":[{"embeddable":true,"href":"https:\/\/www.escuela-hablamos.com\/es\/wp-json\/wp\/v2\/media\/10163"}],"wp:attachment":[{"href":"https:\/\/www.escuela-hablamos.com\/es\/wp-json\/wp\/v2\/media?parent=10162"}],"curies":[{"name":"wp","href":"https:\/\/api.w.org\/{rel}","templated":true}]}}